{"id":52468,"date":"2023-11-17T12:44:48","date_gmt":"2023-11-17T11:44:48","guid":{"rendered":"https:\/\/www.orto-bar.com\/?post_type=product&#038;p=52468"},"modified":"2023-12-25T17:03:45","modified_gmt":"2023-12-25T16:03:45","slug":"don-jovie-tribute-to-bon-jovi","status":"publish","type":"product","link":"https:\/\/www.orto-bar.com\/en\/dogodki\/arhiv\/don-jovie-tribute-to-bon-jovi\/","title":{"rendered":"Don Jovi tribute to BON JOVI\/ ODPADE ZARADI BOLEZNI V SKUPINI!!!"},"content":{"rendered":"<p>Zgodba\u00a0<strong>Don Jovi<\/strong>\u00a0se je za\u010dela konec leta 2022, ko si je Ale\u0161 po 20-ih letih zopet za\u017eelel zaigrati na strune in zasli\u0161ati prvinski zvok elektri\u010dne kitare. Za\u010dutil je nostalgijo in si kupil poceni ponaredek Fender Stracocaster. Glasbo je nameraval preigravati ljubiteljsko, zgolj za svojo du\u0161o, po klicu Dadi Daza, \u010de bi postal kitarist pri cover skupini\u00a0<strong>Don Jovi<\/strong>, se je pa to spremenilo. Najprej ga je z za\u010dudenjem vpra\u0161al kako ve, da je kupil kitaro, Dadi pa je odgovoril, da je to naklju\u010dje in da o Ale\u0161evem nakupu kitare sploh ni vedel. Ko je Ale\u0161u postalo jasno, da se Dadi ne \u0161ali, je to vzel kot namig &#8221;od zgoraj&#8221; ter privolil v sodelovanje. Skupaj s Tadejem Vasletom, Sandijem \u010cerno\u0161o, Janezom Dagarinom, Mirom Hodjo ter Dadijem Dazem so za\u010deli pridno vaditi, kot v najstni\u0161kih letih. Fantje so po nekaj vajah \u017ee kar dobro zveneli, a so nekateri ugotovili, da bo potrebno vaditi ve\u010d, kot so si v za\u010detku predstavljali, in so zaradi pomanjkanja \u010dasa zapustili obetavne zametke\u00a0<strong>Don Jovija<\/strong>.<\/p>\n<p>&nbsp;<\/p>\n<p>Dago, Dadi in Ale\u0161 pa niso odnehali. Zgodbo so nadaljevali, spoznali so odli\u010dnega bobnarja, Izidorja Ivanovi\u010da, ki je bil tehni\u010dno zelo dobro podkovan. V tistem \u010dasu se jim je pridru\u017eil tudi klaviaturist Artur Schwartz, ki kot pianist morda ni dosegal virtuoznosti Iva Pogoreli\u010da, je pa imel, za razliko od ve\u010dine klaviaturistov, izrazito svoj, poseben, slog igranja. Ekipa se je med preigravanjem zimzelenih skladb skupine\u00a0<strong>Bon Jovi<\/strong>\u00a0zelo zabavala, vsak izmed njih je s svojim in\u0161trumentom izvajal tudi dodatne elemente, ki jih v originalnih skladbah Bon Jovija ni bilo, manager pa je zahteval, da se \u010dimbolj pribli\u017eajo originalnim posnetkom. Fantje so se trudili pribli\u017eati originalni glasbi\u00a0<strong>Bon Jovija<\/strong>, pa vendar brez uspeha, morda so hoteli preve\u010d \u2026<\/p>\n<p>&nbsp;<\/p>\n<p>Dadi in Ale\u0161 pa \u0161e vedno nista obupala, na zahtevo managerja sta zgodbo zastavila na novo. Po soo\u010denju z izgubo \u010dlanov, sta naletela na genialnega Bo\u0161tjana Jari\u010da, ki je k sre\u010di takoj izrazil pripravljenost, da bo v novi ekipi\u00a0<strong>Don Jovi<\/strong>\u00a0igral bobne. Hkrati z Bo\u0161tjanom se je ekipi pridru\u017eil tudi izvrsten basist Sergej Jereb in \u017ee po nekaj vajah je band zazvenel zares dobro. Ko se je skupini pridru\u017eil \u0161e klaviaturist in pevec Damir Kova\u010di\u010d, je bila ekipa popolna. Prav tako je bil z zvo\u010dno podobo skupine\u00a0<strong>Don Jovi<\/strong>\u00a0zadovoljen tudi manager.<\/p>\n<p>&nbsp;<\/p>\n<p>Ta sre\u010da pa ni trajala dolgo. Po nekaj uspe\u0161nih vajah je basist Sergej, na veliko \u017ealost vseh, ugotovil, da mu sodelovanje v skupini\u00a0<strong>Don Jovi<\/strong>\u00a0vzame preve\u010d \u010dasa. Razo\u010darani fantje, ki kljub vsemu niso obupali, so se lotili iskanja novega basista. K sodelovanju so povabili, talentiranega glasbenika, Borisa Hole\u0161eka, ki je bil prava osve\u017eitev za nastalo situacijo. \u017de na prvo vajo je pri\u0161el povsem pripravljen. Celoten repertoar, ki ga je preigravala skupina\u00a0<strong>Don Jovi<\/strong>, je odigral prakti\u010dno brez kak\u0161ne ve\u010dje napake.<\/p>\n<p>&nbsp;<\/p>\n<p>Ekipi je kon\u010dno odleglo. Po nekaj ponesre\u010denih poskusih vzpostavitve skupine\u00a0<strong>Don Jovi<\/strong>\u00a0so kon\u010dno sestavili trdno ekipo, ki skupaj z mnogimi obo\u017eevalci skupine\u00a0<strong>Bon Jovi,<\/strong>\u00a0na koncertih in ostalih dogodkih, podo\u017eivi nore ob\u010dutke 80-ih in 90-ih let. Ta leta je definitivno zaznamovala glasba skupine\u00a0<strong>Bon Jovi,<\/strong>\u00a0enega izmed najve\u010djih rock bandov vseh \u010dasov. Prepri\u010dani pa smo, da bo glasba skupine\u00a0<strong>Bon Jovi<\/strong>\u00a0zaznamovala tudi generacije, ki prihajajo in se \u0161ele spoznavajo z neprecenljivo rock zapu\u0161\u010dino teh glasbenih velikanov. Za ohranjanje glasbe\u00a0<strong>Bon Jovi<\/strong>\u00a0\u017eive bo, s kvalitetnim\u00a0preigravanjem njihovih najve\u010d uspe\u0161nic\u00a0in avtenti\u010dnostjo od sedaj naprej skrbela tudi skupina\u00a0<strong>Don Jovi<\/strong>.<\/p>\n<p>ALE\u0160 \u010cADE\u017d &#8211; kitara<br \/>\nDAVORIN DAVIDOVI\u0106 &#8211; DADI &#8211; vokal<br \/>\nBO\u0160TJAN JARI\u0106 &#8211; bobni<br \/>\nBORIS HOLE\u0160EK &#8211; HOLI &#8211; bas kitara<br \/>\nDAMIR KOVA\u010cI\u010c &#8211; klavijature<\/p>\n<p>&nbsp;<\/p>\n<p>&nbsp;<\/p>","protected":false},"excerpt":{"rendered":"<p>Zgodba\u00a0Don Jovi\u00a0se je za\u010dela konec leta 2022, ko si je Ale\u0161 po 20-ih letih zopet za\u017eelel zaigrati na strune in zasli\u0161ati prvinski zvok elektri\u010dne kitare. Za\u010dutil je nostalgijo in si kupil poceni ponaredek Fender Stracocaster. Glasbo je nameraval preigravati ljubiteljsko, zgolj za svojo du\u0161o, po klicu Dadi Daza, \u010de bi postal kitarist pri cover skupini\u00a0Don [&hellip;]<\/p>","protected":false},"author":11,"featured_media":52469,"template":"","meta":{"_seopress_robots_primary_cat":"none","_seopress_titles_title":"","_seopress_titles_desc":"","_seopress_robots_index":""},"product_brand":[],"product_cat":[230],"product_tag":[222],"class_list":{"0":"post-52468","1":"product","2":"type-product","3":"status-publish","4":"has-post-thumbnail","6":"product_cat-arhiv","7":"product_tag-predprodaja","9":"entry","10":"has-media","12":"first","13":"instock","14":"virtual","15":"taxable","16":"product-type-simple","17":"has-product-nav","18":"col","19":"span_1_of_4","20":"owp-content-center","21":"item-entry","22":"owp-thumbs-layout-horizontal","23":"owp-btn-normal","24":"owp-tabs-layout-section","25":"has-no-thumbnails"},"publishpress_future_action":{"enabled":false,"date":"2026-05-09 10:07:06","action":"change-status","newStatus":"draft","terms":[],"taxonomy":"product_cat","extraData":[]},"publishpress_future_workflow_manual_trigger":{"enabledWorkflows":[]},"_links":{"self":[{"href":"https:\/\/www.orto-bar.com\/en\/wp-json\/wp\/v2\/product\/52468","targetHints":{"allow":["GET"]}}],"collection":[{"href":"https:\/\/www.orto-bar.com\/en\/wp-json\/wp\/v2\/product"}],"about":[{"href":"https:\/\/www.orto-bar.com\/en\/wp-json\/wp\/v2\/types\/product"}],"author":[{"embeddable":true,"href":"https:\/\/www.orto-bar.com\/en\/wp-json\/wp\/v2\/users\/11"}],"version-history":[{"count":0,"href":"https:\/\/www.orto-bar.com\/en\/wp-json\/wp\/v2\/product\/52468\/revisions"}],"wp:featuredmedia":[{"embeddable":true,"href":"https:\/\/www.orto-bar.com\/en\/wp-json\/wp\/v2\/media\/52469"}],"wp:attachment":[{"href":"https:\/\/www.orto-bar.com\/en\/wp-json\/wp\/v2\/media?parent=52468"}],"wp:term":[{"taxonomy":"product_brand","embeddable":true,"href":"https:\/\/www.orto-bar.com\/en\/wp-json\/wp\/v2\/product_brand?post=52468"},{"taxonomy":"product_cat","embeddable":true,"href":"https:\/\/www.orto-bar.com\/en\/wp-json\/wp\/v2\/product_cat?post=52468"},{"taxonomy":"product_tag","embeddable":true,"href":"https:\/\/www.orto-bar.com\/en\/wp-json\/wp\/v2\/product_tag?post=52468"}],"curies":[{"name":"wp","href":"https:\/\/api.w.org\/{rel}","templated":true}]}}