{"id":53693,"date":"2023-11-29T13:15:24","date_gmt":"2023-11-29T12:15:24","guid":{"rendered":"https:\/\/www.orto-bar.com\/?post_type=product&#038;p=53693"},"modified":"2023-12-23T00:00:17","modified_gmt":"2023-12-22T23:00:17","slug":"zena-arne-tao-travnik","status":"publish","type":"product","link":"https:\/\/www.orto-bar.com\/en\/dogodki\/arhiv\/zena-arne-tao-travnik\/","title":{"rendered":"Zena,Arne &#038; Tao,.travnik"},"content":{"rendered":"<p><strong>\u017dENA in ARNE &amp; TAO<\/strong><\/p>\n<p>\u017dena in Arne sta nepremagljiv dvojec pred in za mirkofonom. Par, za katerega pa\u010d mora\u0161 navijat, ker sta \u010dist preve\u010d kjut. Kot da to ni dost, imata za me\u0161alko \u0161e zlatega prina\u0161alca v \u010dlove\u0161kem telesu. Taova nalezljiva energija in \u0161arm vedno znova presentita poslu\u0161alce, ki so pri\u010dakovali \u0161e enega dolgo\u010dasnega stati\u010dnega DJ-a. \u017dena, Arne in Tao show je na kratko recept za nepozabljiv ve\u010der.<\/p>\n<p>&nbsp;<\/p>\n<p>&nbsp;<\/p>\n<p><strong>.travnik<\/strong><\/p>\n<p>.travnik so obrisali solze in jih zamenjali za \u0161vic na danceflooru, saj se s \u201cPubeci ne spijo\u201d ve\u010dkrat odmikajo od melanholi\u010dnih melodij in oto\u017enih besedil, drvijo s hitrej\u0161im ritmom ter se nagibajo k ostrej\u0161emu in bolj grobemu zvoku. \u010ce so .travnik so pri prvencu \u201cPubeci ne jo\u010dejo\u201d bolj bo\u017eali, zdaj ve\u010d pikajo, celo re\u017eejo.<\/p>\n<p>Preveva jih no\u010dna energija, tema\u010dnost in elektronski zven. So nahajpani, jezni, podivjani, naelektreni, glasni, strastni in odlo\u010dni. Zvesti ostajajo bojsom, henganju, piru, maribor\u0161\u010dini, zaljubljenosti in sentimentalnosti, le da teme podajajo v surovej\u0161i in bolj robati obliki. Na \u0161pilih bodo no\u010dno energijo albuma zajeli v divje, pa vseeno spro\u0161\u010deno vzdu\u0161je. Obljubljajo, da niti en pubec niti pubica ne bo spal(a). \u0160vicajte, mo\u0161pitajte, pijte, ljubite, govorite, pojte, skratka bedite s pubeci. Da ne bodo spet jokali. Pa&#8230; OKEJ, TRAVNIK!<\/p>","protected":false},"excerpt":{"rendered":"<p>\u017dENA in ARNE &amp; TAO \u017dena in Arne sta nepremagljiv dvojec pred in za mirkofonom. Par, za katerega pa\u010d mora\u0161 navijat, ker sta \u010dist preve\u010d kjut. Kot da to ni dost, imata za me\u0161alko \u0161e zlatega prina\u0161alca v \u010dlove\u0161kem telesu. Taova nalezljiva energija in \u0161arm vedno znova presentita poslu\u0161alce, ki so pri\u010dakovali \u0161e enega dolgo\u010dasnega [&hellip;]<\/p>","protected":false},"author":11,"featured_media":53816,"template":"","meta":{"_seopress_robots_primary_cat":"none","_seopress_titles_title":"","_seopress_titles_desc":"","_seopress_robots_index":""},"product_brand":[],"product_cat":[230],"product_tag":[222],"class_list":{"0":"post-53693","1":"product","2":"type-product","3":"status-publish","4":"has-post-thumbnail","6":"product_cat-arhiv","7":"product_tag-predprodaja","9":"entry","10":"has-media","12":"first","13":"instock","14":"virtual","15":"taxable","16":"product-type-simple","17":"has-product-nav","18":"col","19":"span_1_of_4","20":"owp-content-center","21":"item-entry","22":"owp-thumbs-layout-horizontal","23":"owp-btn-normal","24":"owp-tabs-layout-section","25":"has-no-thumbnails"},"publishpress_future_action":{"enabled":false,"date":"2026-05-09 10:06:28","action":"change-status","newStatus":"draft","terms":[],"taxonomy":"product_cat","extraData":[]},"publishpress_future_workflow_manual_trigger":{"enabledWorkflows":[]},"_links":{"self":[{"href":"https:\/\/www.orto-bar.com\/en\/wp-json\/wp\/v2\/product\/53693","targetHints":{"allow":["GET"]}}],"collection":[{"href":"https:\/\/www.orto-bar.com\/en\/wp-json\/wp\/v2\/product"}],"about":[{"href":"https:\/\/www.orto-bar.com\/en\/wp-json\/wp\/v2\/types\/product"}],"author":[{"embeddable":true,"href":"https:\/\/www.orto-bar.com\/en\/wp-json\/wp\/v2\/users\/11"}],"version-history":[{"count":0,"href":"https:\/\/www.orto-bar.com\/en\/wp-json\/wp\/v2\/product\/53693\/revisions"}],"wp:featuredmedia":[{"embeddable":true,"href":"https:\/\/www.orto-bar.com\/en\/wp-json\/wp\/v2\/media\/53816"}],"wp:attachment":[{"href":"https:\/\/www.orto-bar.com\/en\/wp-json\/wp\/v2\/media?parent=53693"}],"wp:term":[{"taxonomy":"product_brand","embeddable":true,"href":"https:\/\/www.orto-bar.com\/en\/wp-json\/wp\/v2\/product_brand?post=53693"},{"taxonomy":"product_cat","embeddable":true,"href":"https:\/\/www.orto-bar.com\/en\/wp-json\/wp\/v2\/product_cat?post=53693"},{"taxonomy":"product_tag","embeddable":true,"href":"https:\/\/www.orto-bar.com\/en\/wp-json\/wp\/v2\/product_tag?post=53693"}],"curies":[{"name":"wp","href":"https:\/\/api.w.org\/{rel}","templated":true}]}}