{"id":54070,"date":"2023-12-01T15:08:09","date_gmt":"2023-12-01T14:08:09","guid":{"rendered":"https:\/\/www.orto-bar.com\/?post_type=product&#038;p=54070"},"modified":"2023-12-31T22:55:57","modified_gmt":"2023-12-31T21:55:57","slug":"everything-goes-new-year-party","status":"publish","type":"product","link":"https:\/\/www.orto-bar.com\/en\/dogodki\/arhiv\/everything-goes-new-year-party\/","title":{"rendered":"Everything Goes- New Year Party"},"content":{"rendered":"<p>&nbsp;<\/p>\n<p><strong>Na najdalj\u0161o no\u010d v letu 2023 vas tokrat DJ ekipa Everything Goes vabi v Orto Bar, kjer vam bomo servirali hiti\u010de vseh \u017eanrov in z vami za\u017eurali do jutra. Hitro X v koledar na nedeljski silvestrov ve\u010der 31. decembra 2023 in ne pozabit si \u010dimprej zagotovit vstopnic &#8211; tole bo razprodano\u2026 Vabljeni!<\/strong><\/p>\n<p>&nbsp;<\/p>\n<p><strong>Vstopnina = 15\u20ac<\/strong><\/p>","protected":false},"excerpt":{"rendered":"<p>&nbsp; Na najdalj\u0161o no\u010d v letu 2023 vas tokrat DJ ekipa Everything Goes vabi v Orto Bar, kjer vam bomo servirali hiti\u010de vseh \u017eanrov in z vami za\u017eurali do jutra. Hitro X v koledar na nedeljski silvestrov ve\u010der 31. decembra 2023 in ne pozabit si \u010dimprej zagotovit vstopnic &#8211; tole bo razprodano\u2026 Vabljeni! &nbsp; Vstopnina [&hellip;]<\/p>","protected":false},"author":11,"featured_media":54647,"template":"","meta":{"_seopress_robots_primary_cat":"none","_seopress_titles_title":"","_seopress_titles_desc":"","_seopress_robots_index":""},"product_brand":[],"product_cat":[230],"product_tag":[222],"class_list":{"0":"post-54070","1":"product","2":"type-product","3":"status-publish","4":"has-post-thumbnail","6":"product_cat-arhiv","7":"product_tag-predprodaja","9":"entry","10":"has-media","12":"first","13":"instock","14":"virtual","15":"taxable","16":"product-type-simple","17":"has-product-nav","18":"col","19":"span_1_of_4","20":"owp-content-center","21":"item-entry","22":"owp-thumbs-layout-horizontal","23":"owp-btn-normal","24":"owp-tabs-layout-section","25":"has-no-thumbnails"},"publishpress_future_action":{"enabled":false,"date":"2026-05-09 10:06:29","action":"change-status","newStatus":"draft","terms":[],"taxonomy":"product_cat","extraData":[]},"publishpress_future_workflow_manual_trigger":{"enabledWorkflows":[]},"_links":{"self":[{"href":"https:\/\/www.orto-bar.com\/en\/wp-json\/wp\/v2\/product\/54070","targetHints":{"allow":["GET"]}}],"collection":[{"href":"https:\/\/www.orto-bar.com\/en\/wp-json\/wp\/v2\/product"}],"about":[{"href":"https:\/\/www.orto-bar.com\/en\/wp-json\/wp\/v2\/types\/product"}],"author":[{"embeddable":true,"href":"https:\/\/www.orto-bar.com\/en\/wp-json\/wp\/v2\/users\/11"}],"version-history":[{"count":0,"href":"https:\/\/www.orto-bar.com\/en\/wp-json\/wp\/v2\/product\/54070\/revisions"}],"wp:featuredmedia":[{"embeddable":true,"href":"https:\/\/www.orto-bar.com\/en\/wp-json\/wp\/v2\/media\/54647"}],"wp:attachment":[{"href":"https:\/\/www.orto-bar.com\/en\/wp-json\/wp\/v2\/media?parent=54070"}],"wp:term":[{"taxonomy":"product_brand","embeddable":true,"href":"https:\/\/www.orto-bar.com\/en\/wp-json\/wp\/v2\/product_brand?post=54070"},{"taxonomy":"product_cat","embeddable":true,"href":"https:\/\/www.orto-bar.com\/en\/wp-json\/wp\/v2\/product_cat?post=54070"},{"taxonomy":"product_tag","embeddable":true,"href":"https:\/\/www.orto-bar.com\/en\/wp-json\/wp\/v2\/product_tag?post=54070"}],"curies":[{"name":"wp","href":"https:\/\/api.w.org\/{rel}","templated":true}]}}