{"id":54341,"date":"2023-12-04T14:27:19","date_gmt":"2023-12-04T13:27:19","guid":{"rendered":"https:\/\/www.orto-bar.com\/?post_type=product&#038;p=54341"},"modified":"2024-02-09T19:47:45","modified_gmt":"2024-02-09T18:47:45","slug":"nirvana-it-nirvana-tribute-band","status":"publish","type":"product","link":"https:\/\/www.orto-bar.com\/en\/dogodki\/arhiv\/nirvana-it-nirvana-tribute-band\/","title":{"rendered":"Nirvana IT-NIRVANA tribute band"},"content":{"rendered":"<p>NIRVANA IT &#8211; NIRVANA TRIBUTE BAND<\/p>\n<p>&nbsp;<\/p>\n<p>Duh devetdesetih v glasbi in vzdu\u0161ju, ki ga NIRVANA IT zna povrniti k \u017eivljenju. Udarna melodija in edinstvena energija skupine NIRVANA, ki ji je uspelo pretresti obdobje, ko je pometla z dogmami in slogi osemdesetih let ter vdihnila novo \u017eivljenje celotni takratni glasbeni sceni in pustila neizbrisen pe\u010dat v glasbenem svetu, ponovno za\u017eivita in se oblikujeta. NIRVANA IT vra\u010da GRUNGE in na novo predstavlja repertoar skupine NIRVANA. Sr\u010den umetni\u0161ki poklon, uresni\u010den s skrbno izvedbo, tako glasbeno kot koreografsko. Lahko bi temu rekli &#8220;obsedenost&#8221;, od in\u0161trumentov do odrskih obla\u010dil, s prehodom iz mo\u010di elektrike do \u010dustvene intenzivnosti &#8216;unplugged&#8217; razli\u010dice. Naj vas NIRVANA IT popelje v nirvano.<\/p>","protected":false},"excerpt":{"rendered":"<p>NIRVANA IT &#8211; NIRVANA TRIBUTE BAND &nbsp; Duh devetdesetih v glasbi in vzdu\u0161ju, ki ga NIRVANA IT zna povrniti k \u017eivljenju. Udarna melodija in edinstvena energija skupine NIRVANA, ki ji je uspelo pretresti obdobje, ko je pometla z dogmami in slogi osemdesetih let ter vdihnila novo \u017eivljenje celotni takratni glasbeni sceni in pustila neizbrisen pe\u010dat [&hellip;]<\/p>","protected":false},"author":11,"featured_media":54342,"template":"","meta":{"_seopress_robots_primary_cat":"none","_seopress_titles_title":"","_seopress_titles_desc":"","_seopress_robots_index":""},"product_brand":[],"product_cat":[230],"product_tag":[222],"class_list":{"0":"post-54341","1":"product","2":"type-product","3":"status-publish","4":"has-post-thumbnail","6":"product_cat-arhiv","7":"product_tag-predprodaja","9":"entry","10":"has-media","12":"first","13":"instock","14":"virtual","15":"taxable","16":"product-type-simple","17":"has-product-nav","18":"col","19":"span_1_of_4","20":"owp-content-center","21":"item-entry","22":"owp-thumbs-layout-horizontal","23":"owp-btn-normal","24":"owp-tabs-layout-section","25":"has-no-thumbnails"},"publishpress_future_action":{"enabled":false,"date":"2026-05-09 12:47:49","action":"change-status","newStatus":"draft","terms":[],"taxonomy":"product_cat","extraData":[]},"publishpress_future_workflow_manual_trigger":{"enabledWorkflows":[]},"_links":{"self":[{"href":"https:\/\/www.orto-bar.com\/en\/wp-json\/wp\/v2\/product\/54341","targetHints":{"allow":["GET"]}}],"collection":[{"href":"https:\/\/www.orto-bar.com\/en\/wp-json\/wp\/v2\/product"}],"about":[{"href":"https:\/\/www.orto-bar.com\/en\/wp-json\/wp\/v2\/types\/product"}],"author":[{"embeddable":true,"href":"https:\/\/www.orto-bar.com\/en\/wp-json\/wp\/v2\/users\/11"}],"version-history":[{"count":0,"href":"https:\/\/www.orto-bar.com\/en\/wp-json\/wp\/v2\/product\/54341\/revisions"}],"wp:featuredmedia":[{"embeddable":true,"href":"https:\/\/www.orto-bar.com\/en\/wp-json\/wp\/v2\/media\/54342"}],"wp:attachment":[{"href":"https:\/\/www.orto-bar.com\/en\/wp-json\/wp\/v2\/media?parent=54341"}],"wp:term":[{"taxonomy":"product_brand","embeddable":true,"href":"https:\/\/www.orto-bar.com\/en\/wp-json\/wp\/v2\/product_brand?post=54341"},{"taxonomy":"product_cat","embeddable":true,"href":"https:\/\/www.orto-bar.com\/en\/wp-json\/wp\/v2\/product_cat?post=54341"},{"taxonomy":"product_tag","embeddable":true,"href":"https:\/\/www.orto-bar.com\/en\/wp-json\/wp\/v2\/product_tag?post=54341"}],"curies":[{"name":"wp","href":"https:\/\/api.w.org\/{rel}","templated":true}]}}