{"id":54344,"date":"2023-12-04T14:35:04","date_gmt":"2023-12-04T13:35:04","guid":{"rendered":"https:\/\/www.orto-bar.com\/?post_type=product&#038;p=54344"},"modified":"2024-03-16T12:25:04","modified_gmt":"2024-03-16T11:25:04","slug":"mode-inside-depeche-mode-tribute-band","status":"publish","type":"product","link":"https:\/\/www.orto-bar.com\/en\/dogodki\/arhiv\/mode-inside-depeche-mode-tribute-band\/","title":{"rendered":"Mode Inside- DEPECHE MODE tribute band"},"content":{"rendered":"<p>MODE INSIDE &#8211; DEPECHE MODE TRIBUTE BAND<\/p>\n<p>&nbsp;<\/p>\n<p>Mode Inside je projekt, ki se je rodil leta 2015 in je popolno popotovanje v vesolje skupine Depeche Mode.<\/p>\n<p>Repertoar sega od prvih uspe\u0161nic z za\u010detka osemdesetih let do najnovej\u0161ega dela &#8220;Spirit&#8221;.<\/p>\n<p>Mode Inside zvesto reproducira koncertne aran\u017emaje, zaradi katerih so bile monumentalne turneje britanske skupine dokon\u010dna in adrenalinska koncertna izku\u0161nja, da bi tudi najbolj zahtevni obo\u017eevalci podo\u017eiveli ob\u010dutek koncerta skupine Depeche Mode.<\/p>\n<p>&nbsp;<\/p>","protected":false},"excerpt":{"rendered":"<p>MODE INSIDE &#8211; DEPECHE MODE TRIBUTE BAND &nbsp; Mode Inside je projekt, ki se je rodil leta 2015 in je popolno popotovanje v vesolje skupine Depeche Mode. Repertoar sega od prvih uspe\u0161nic z za\u010detka osemdesetih let do najnovej\u0161ega dela &#8220;Spirit&#8221;. Mode Inside zvesto reproducira koncertne aran\u017emaje, zaradi katerih so bile monumentalne turneje britanske skupine dokon\u010dna [&hellip;]<\/p>","protected":false},"author":11,"featured_media":54487,"template":"","meta":{"_seopress_robots_primary_cat":"none","_seopress_titles_title":"","_seopress_titles_desc":"","_seopress_robots_index":""},"product_brand":[],"product_cat":[230],"product_tag":[222],"class_list":{"0":"post-54344","1":"product","2":"type-product","3":"status-publish","4":"has-post-thumbnail","6":"product_cat-arhiv","7":"product_tag-predprodaja","9":"entry","10":"has-media","12":"first","13":"instock","14":"virtual","15":"taxable","16":"product-type-simple","17":"has-product-nav","18":"col","19":"span_1_of_4","20":"owp-content-center","21":"item-entry","22":"owp-thumbs-layout-horizontal","23":"owp-btn-normal","24":"owp-tabs-layout-section","25":"has-no-thumbnails"},"publishpress_future_action":{"enabled":false,"date":"2026-05-11 13:09:26","action":"change-status","newStatus":"draft","terms":[],"taxonomy":"product_cat","extraData":[]},"publishpress_future_workflow_manual_trigger":{"enabledWorkflows":[]},"_links":{"self":[{"href":"https:\/\/www.orto-bar.com\/en\/wp-json\/wp\/v2\/product\/54344","targetHints":{"allow":["GET"]}}],"collection":[{"href":"https:\/\/www.orto-bar.com\/en\/wp-json\/wp\/v2\/product"}],"about":[{"href":"https:\/\/www.orto-bar.com\/en\/wp-json\/wp\/v2\/types\/product"}],"author":[{"embeddable":true,"href":"https:\/\/www.orto-bar.com\/en\/wp-json\/wp\/v2\/users\/11"}],"version-history":[{"count":0,"href":"https:\/\/www.orto-bar.com\/en\/wp-json\/wp\/v2\/product\/54344\/revisions"}],"wp:featuredmedia":[{"embeddable":true,"href":"https:\/\/www.orto-bar.com\/en\/wp-json\/wp\/v2\/media\/54487"}],"wp:attachment":[{"href":"https:\/\/www.orto-bar.com\/en\/wp-json\/wp\/v2\/media?parent=54344"}],"wp:term":[{"taxonomy":"product_brand","embeddable":true,"href":"https:\/\/www.orto-bar.com\/en\/wp-json\/wp\/v2\/product_brand?post=54344"},{"taxonomy":"product_cat","embeddable":true,"href":"https:\/\/www.orto-bar.com\/en\/wp-json\/wp\/v2\/product_cat?post=54344"},{"taxonomy":"product_tag","embeddable":true,"href":"https:\/\/www.orto-bar.com\/en\/wp-json\/wp\/v2\/product_tag?post=54344"}],"curies":[{"name":"wp","href":"https:\/\/api.w.org\/{rel}","templated":true}]}}