{"id":54347,"date":"2023-12-04T14:41:59","date_gmt":"2023-12-04T13:41:59","guid":{"rendered":"https:\/\/www.orto-bar.com\/?post_type=product&#038;p=54347"},"modified":"2024-02-20T10:09:20","modified_gmt":"2024-02-20T09:09:20","slug":"radioactiv-imagine-dragons-tribute-band","status":"publish","type":"product","link":"https:\/\/www.orto-bar.com\/en\/dogodki\/arhiv\/radioactiv-imagine-dragons-tribute-band\/","title":{"rendered":"Radioactive-IMAGINE DRAGONS tribute band"},"content":{"rendered":"<p>RADIOACTIVE &#8211; IMAGINE DRAGONS TRIBUTE BAND<\/p>\n<p>&nbsp;<\/p>\n<p>Skupino Radioactive ustanovita Davide Pupilli (pevec skupine) in Fabrizio Amilcare, da bi ustvarila projekt, ki je manjkal. Poklon najbolj radijski skupini zadnjih 20 let.<\/p>\n<p>&nbsp;<\/p>\n<p>Kot eden prvih tributov v Italiji, se skupina hitro uveljavi v koncertnih klubih in na festivalih \u0161irom Apeninskega polotoka. Kmalu dobijo pozive iz tujine, nastopajo po Evropi in Aziji, s \u010dimer se uveljavijo kot eden najbolj\u0161ih tributov skupine Imagine Dragons.<\/p>\n<p>&nbsp;<\/p>\n<p>Skupino sestavljajo Davide Pupilli (u\u010ditelj petja na in\u0161titutu MODERN MUSIC INSTIUTE, diplomiral z odliko 100\/100) na vokalu, Mirko Diolaiuti na bobnih, Marco Melillo na kitari in spremljevalnih vokalih ter Alessandro Volpi na bas kitari in spremljevalnih vokalih.<\/p>\n<p>&nbsp;<\/p>\n<p>Setlista je sestavljena iz hitov legendarne skupine, med nastopom se v zraku \u010duti njihova mo\u010d in adrenalin. Video projekcije in posebnih u\u010dinki poustvarijo vzdu\u0161je, ki vlada na koncertih Imagine Dragons. Nastop, ki je namenjen skakanju in petju na ves glas<\/p>","protected":false},"excerpt":{"rendered":"<p>RADIOACTIVE &#8211; IMAGINE DRAGONS TRIBUTE BAND &nbsp; Skupino Radioactive ustanovita Davide Pupilli (pevec skupine) in Fabrizio Amilcare, da bi ustvarila projekt, ki je manjkal. Poklon najbolj radijski skupini zadnjih 20 let. &nbsp; Kot eden prvih tributov v Italiji, se skupina hitro uveljavi v koncertnih klubih in na festivalih \u0161irom Apeninskega polotoka. Kmalu dobijo pozive iz [&hellip;]<\/p>","protected":false},"author":11,"featured_media":54348,"template":"","meta":{"_seopress_robots_primary_cat":"none","_seopress_titles_title":"","_seopress_titles_desc":"","_seopress_robots_index":""},"product_brand":[],"product_cat":[230],"product_tag":[222],"class_list":{"0":"post-54347","1":"product","2":"type-product","3":"status-publish","4":"has-post-thumbnail","6":"product_cat-arhiv","7":"product_tag-predprodaja","9":"entry","10":"has-media","12":"first","13":"instock","14":"virtual","15":"taxable","16":"product-type-simple","17":"has-product-nav","18":"col","19":"span_1_of_4","20":"owp-content-center","21":"item-entry","22":"owp-thumbs-layout-horizontal","23":"owp-btn-normal","24":"owp-tabs-layout-section","25":"has-no-thumbnails"},"publishpress_future_action":{"enabled":false,"date":"2026-05-09 14:09:10","action":"change-status","newStatus":"draft","terms":[],"taxonomy":"product_cat","extraData":[]},"publishpress_future_workflow_manual_trigger":{"enabledWorkflows":[]},"_links":{"self":[{"href":"https:\/\/www.orto-bar.com\/en\/wp-json\/wp\/v2\/product\/54347","targetHints":{"allow":["GET"]}}],"collection":[{"href":"https:\/\/www.orto-bar.com\/en\/wp-json\/wp\/v2\/product"}],"about":[{"href":"https:\/\/www.orto-bar.com\/en\/wp-json\/wp\/v2\/types\/product"}],"author":[{"embeddable":true,"href":"https:\/\/www.orto-bar.com\/en\/wp-json\/wp\/v2\/users\/11"}],"version-history":[{"count":0,"href":"https:\/\/www.orto-bar.com\/en\/wp-json\/wp\/v2\/product\/54347\/revisions"}],"wp:featuredmedia":[{"embeddable":true,"href":"https:\/\/www.orto-bar.com\/en\/wp-json\/wp\/v2\/media\/54348"}],"wp:attachment":[{"href":"https:\/\/www.orto-bar.com\/en\/wp-json\/wp\/v2\/media?parent=54347"}],"wp:term":[{"taxonomy":"product_brand","embeddable":true,"href":"https:\/\/www.orto-bar.com\/en\/wp-json\/wp\/v2\/product_brand?post=54347"},{"taxonomy":"product_cat","embeddable":true,"href":"https:\/\/www.orto-bar.com\/en\/wp-json\/wp\/v2\/product_cat?post=54347"},{"taxonomy":"product_tag","embeddable":true,"href":"https:\/\/www.orto-bar.com\/en\/wp-json\/wp\/v2\/product_tag?post=54347"}],"curies":[{"name":"wp","href":"https:\/\/api.w.org\/{rel}","templated":true}]}}