{"id":55005,"date":"2023-12-11T21:07:09","date_gmt":"2023-12-11T20:07:09","guid":{"rendered":"https:\/\/www.orto-bar.com\/?post_type=product&#038;p=55005"},"modified":"2024-01-12T21:16:46","modified_gmt":"2024-01-12T20:16:46","slug":"love-charade-before-time","status":"publish","type":"product","link":"https:\/\/www.orto-bar.com\/en\/dogodki\/arhiv\/love-charade-before-time\/","title":{"rendered":"Love Charade, Before Time"},"content":{"rendered":"<p><strong>Love Charade <\/strong><\/p>\n<p>so mlada glasbena zasedba, ki obo\u017euje \u0161irjenje ljubezni in \u0161ubidubiwapap pozitive. V dveh letih obstoja, so nastopili \u017ee na mnogih odrih, tako manj\u0161ih kot ve\u010djih po vsej Sloveniji. Svoje avtorske komade opisujejo kot groovy pop rock s hippie pridihom.<\/p>\n<p><span style=\"font-weight: 400;\">instagram: <\/span><a href=\"https:\/\/www.instagram.com\/lovecharade_band\/\"><span style=\"font-weight: 400;\">https:\/\/www.instagram.com\/lovecharade_band\/<\/span><\/a><\/p>\n<p><span style=\"font-weight: 400;\">facebook: <\/span><a href=\"https:\/\/www.facebook.com\/Love-Charade-Band-103384758950434\/\"><span style=\"font-weight: 400;\">https:\/\/www.facebook.com\/Love-Charade-Band-103384758950434\/<\/span><\/a><\/p>\n<p><span style=\"font-weight: 400;\">youtube: <\/span><a href=\"https:\/\/www.youtube.com\/channel\/UCnOVgZGE6oHq2dSKZCyO4vQ\"><span style=\"font-weight: 400;\">https:\/\/www.youtube.com\/channel\/UCnOVgZGE6oHq2dSKZCyO4vQ<\/span><\/a><\/p>\n<p>&nbsp;<\/p>\n<p><strong>Before Time <\/strong><\/p>\n<p>je kamni\u0161ka indie rock\/pop zasedba, ki se posku\u0161a izogibati<br \/>\nsmernicam in ustvarjati predvsem produkte njihovih internih ob\u010dutji in kot<br \/>\ntudi preslikav iz okolice. Lovljenje sve\u017eega novega urbanega zvoka je<br \/>\nnjihov glavni cilj, kon\u010dni zvarek pa zveni kot smiselno nadaljevanje<br \/>\nnovega vala slovenskega indieja. Glasba je poslu\u0161ljiva, a posku\u0161a<br \/>\nodstopati od novodobne pop norme in muh enodnevnic. Vrhunec<br \/>\nnjihovega ustvarjanja pa predstavlja novoizdani album OMNI.<br \/>\nO ALBUMU:<br \/>\nNajnovej\u0161i izdelek \u201cOMNI\u201d je odraz triletnega ustvarjanja in razvijanja idej<br \/>\nter novega zvoka. Album je sestavljen iz enajstih komadov, vsak izmed<br \/>\nteh pripoveduje svojo zgodbo, vse pa povezuje stilski zvok benda. Indie<br \/>\npop zvok predstavlja glavni element albuma z melanholi\u010dnimi utopljivijmi<br \/>\nkitarami, ekspresivnim vokalom in zasanjanim zvokom. Izklju\u010deni pa niso<br \/>\nvplivi \u017eanrov, kot so funk, psihadeli\u010den rock in punk, z energi\u010dnimi ritmi in<br \/>\nmladostno energijo. Besedila so rezultat posameznih \u010dustvenih stanj,<br \/>\nizra\u017eenih tako v sloven\u0161\u010dini, kot angle\u0161\u010dini.<\/p>","protected":false},"excerpt":{"rendered":"<p>Love Charade so mlada glasbena zasedba, ki obo\u017euje \u0161irjenje ljubezni in \u0161ubidubiwapap pozitive. V dveh letih obstoja, so nastopili \u017ee na mnogih odrih, tako manj\u0161ih kot ve\u010djih po vsej Sloveniji. Svoje avtorske komade opisujejo kot groovy pop rock s hippie pridihom. instagram: https:\/\/www.instagram.com\/lovecharade_band\/ facebook: https:\/\/www.facebook.com\/Love-Charade-Band-103384758950434\/ youtube: https:\/\/www.youtube.com\/channel\/UCnOVgZGE6oHq2dSKZCyO4vQ &nbsp; Before Time je kamni\u0161ka indie rock\/pop zasedba, [&hellip;]<\/p>","protected":false},"author":11,"featured_media":55225,"template":"","meta":{"_seopress_robots_primary_cat":"none","_seopress_titles_title":"","_seopress_titles_desc":"","_seopress_robots_index":""},"product_brand":[],"product_cat":[230],"product_tag":[222],"class_list":{"0":"post-55005","1":"product","2":"type-product","3":"status-publish","4":"has-post-thumbnail","6":"product_cat-arhiv","7":"product_tag-predprodaja","9":"entry","10":"has-media","12":"first","13":"instock","14":"virtual","15":"taxable","16":"product-type-simple","17":"has-product-nav","18":"col","19":"span_1_of_4","20":"owp-content-center","21":"item-entry","22":"owp-thumbs-layout-horizontal","23":"owp-btn-normal","24":"owp-tabs-layout-section"},"publishpress_future_action":{"enabled":false,"date":"2026-05-09 11:29:44","action":"change-status","newStatus":"draft","terms":[],"taxonomy":"product_cat","extraData":[]},"publishpress_future_workflow_manual_trigger":{"enabledWorkflows":[]},"_links":{"self":[{"href":"https:\/\/www.orto-bar.com\/en\/wp-json\/wp\/v2\/product\/55005","targetHints":{"allow":["GET"]}}],"collection":[{"href":"https:\/\/www.orto-bar.com\/en\/wp-json\/wp\/v2\/product"}],"about":[{"href":"https:\/\/www.orto-bar.com\/en\/wp-json\/wp\/v2\/types\/product"}],"author":[{"embeddable":true,"href":"https:\/\/www.orto-bar.com\/en\/wp-json\/wp\/v2\/users\/11"}],"version-history":[{"count":0,"href":"https:\/\/www.orto-bar.com\/en\/wp-json\/wp\/v2\/product\/55005\/revisions"}],"wp:featuredmedia":[{"embeddable":true,"href":"https:\/\/www.orto-bar.com\/en\/wp-json\/wp\/v2\/media\/55225"}],"wp:attachment":[{"href":"https:\/\/www.orto-bar.com\/en\/wp-json\/wp\/v2\/media?parent=55005"}],"wp:term":[{"taxonomy":"product_brand","embeddable":true,"href":"https:\/\/www.orto-bar.com\/en\/wp-json\/wp\/v2\/product_brand?post=55005"},{"taxonomy":"product_cat","embeddable":true,"href":"https:\/\/www.orto-bar.com\/en\/wp-json\/wp\/v2\/product_cat?post=55005"},{"taxonomy":"product_tag","embeddable":true,"href":"https:\/\/www.orto-bar.com\/en\/wp-json\/wp\/v2\/product_tag?post=55005"}],"curies":[{"name":"wp","href":"https:\/\/api.w.org\/{rel}","templated":true}]}}