{"id":55046,"date":"2023-12-12T13:50:10","date_gmt":"2023-12-12T12:50:10","guid":{"rendered":"https:\/\/www.orto-bar.com\/?post_type=product&#038;p=55046"},"modified":"2024-01-06T15:01:57","modified_gmt":"2024-01-06T14:01:57","slug":"elvis-presleys-89th-birthday-party","status":"publish","type":"product","link":"https:\/\/www.orto-bar.com\/en\/dogodki\/arhiv\/elvis-presleys-89th-birthday-party\/","title":{"rendered":"Elvis Presley&#8217;s 89th Birthday Party"},"content":{"rendered":"<p>Elvis Presley&#8217;s 89th Birthday Party<\/p>\n<p>&nbsp;<\/p>\n<p>Osmega januarja leta 2024 bi Elvis praznoval svoj 89. rojstni dan. V letu 2024 mineva 70 let odkar je Elvis prestopil prag studia Sun Records in je Sam Phillips skoraj po naklju\u010dju posnel pesem &#8220;Thats&#8217;s All Right&#8221;, ki je Elvisa \u010dez no\u010d ustrelila med zvezde.<br \/>\n6. januarja 2024, ob 20. uri bomo v Ortu tradicionalno gostili skupino\u00a0 Sam&#8217;s Fever z gosti. Tokrat se bodo pridru\u017eil tudi legendarni Andrej \u0160ifrer, ki je v za\u010detku 90. let prav v Nashvillu posnel svoj album Hiti po\u010dasi &#8211; Underground Cowboy. Poleg nekaj pesmi iz tega albuma bomo sli\u0161ati tudi kako zanimivo prigodo o Andrejevem ustvarjanju v Nashvillu. Ne nazadnje pa bosta ve\u010der s svojim nastopom popestrila Dunja Vrhovnik in njena kitara. Njene interpretacije Elvisovih pesmi so prava poslastica.<br \/>\nPrisr\u010dno vabljeni !<\/p>\n<p>&nbsp;<\/p>\n<p>Gostitelj dogodka so Elvis Friends Slovenia, Sam&#8217;s Fever in Orto Bar. Pravni zastopnik dogodka <a href=\"http:\/\/F.PRO\">F.PRO<\/a>, d.o.o.<\/p>\n<p>&nbsp;<\/p>\n<p>Vstopnina: 15\u20ac , na dan dogodka 20\u20ac<\/p>\n<p>&nbsp;<\/p>\n<p>&nbsp;<\/p>\n<p>&nbsp;<\/p>","protected":false},"excerpt":{"rendered":"<p>Elvis Presley&#8217;s 89th Birthday Party &nbsp; Osmega januarja leta 2024 bi Elvis praznoval svoj 89. rojstni dan. V letu 2024 mineva 70 let odkar je Elvis prestopil prag studia Sun Records in je Sam Phillips skoraj po naklju\u010dju posnel pesem &#8220;Thats&#8217;s All Right&#8221;, ki je Elvisa \u010dez no\u010d ustrelila med zvezde. 6. januarja 2024, ob [&hellip;]<\/p>","protected":false},"author":11,"featured_media":55048,"template":"","meta":{"_seopress_robots_primary_cat":"none","_seopress_titles_title":"","_seopress_titles_desc":"","_seopress_robots_index":""},"product_brand":[],"product_cat":[230],"product_tag":[222],"class_list":{"0":"post-55046","1":"product","2":"type-product","3":"status-publish","4":"has-post-thumbnail","6":"product_cat-arhiv","7":"product_tag-predprodaja","9":"entry","10":"has-media","12":"first","13":"instock","14":"virtual","15":"taxable","16":"product-type-simple","17":"has-product-nav","18":"col","19":"span_1_of_4","20":"owp-content-center","21":"item-entry","22":"owp-thumbs-layout-horizontal","23":"owp-btn-normal","24":"owp-tabs-layout-section","25":"has-no-thumbnails"},"publishpress_future_action":{"enabled":false,"date":"2026-05-09 11:33:16","action":"change-status","newStatus":"draft","terms":[],"taxonomy":"product_cat","extraData":[]},"publishpress_future_workflow_manual_trigger":{"enabledWorkflows":[]},"_links":{"self":[{"href":"https:\/\/www.orto-bar.com\/en\/wp-json\/wp\/v2\/product\/55046","targetHints":{"allow":["GET"]}}],"collection":[{"href":"https:\/\/www.orto-bar.com\/en\/wp-json\/wp\/v2\/product"}],"about":[{"href":"https:\/\/www.orto-bar.com\/en\/wp-json\/wp\/v2\/types\/product"}],"author":[{"embeddable":true,"href":"https:\/\/www.orto-bar.com\/en\/wp-json\/wp\/v2\/users\/11"}],"version-history":[{"count":0,"href":"https:\/\/www.orto-bar.com\/en\/wp-json\/wp\/v2\/product\/55046\/revisions"}],"wp:featuredmedia":[{"embeddable":true,"href":"https:\/\/www.orto-bar.com\/en\/wp-json\/wp\/v2\/media\/55048"}],"wp:attachment":[{"href":"https:\/\/www.orto-bar.com\/en\/wp-json\/wp\/v2\/media?parent=55046"}],"wp:term":[{"taxonomy":"product_brand","embeddable":true,"href":"https:\/\/www.orto-bar.com\/en\/wp-json\/wp\/v2\/product_brand?post=55046"},{"taxonomy":"product_cat","embeddable":true,"href":"https:\/\/www.orto-bar.com\/en\/wp-json\/wp\/v2\/product_cat?post=55046"},{"taxonomy":"product_tag","embeddable":true,"href":"https:\/\/www.orto-bar.com\/en\/wp-json\/wp\/v2\/product_tag?post=55046"}],"curies":[{"name":"wp","href":"https:\/\/api.w.org\/{rel}","templated":true}]}}