{"id":55068,"date":"2023-12-12T17:14:41","date_gmt":"2023-12-12T16:14:41","guid":{"rendered":"https:\/\/www.orto-bar.com\/?post_type=product&#038;p=55068"},"modified":"2024-01-06T14:51:19","modified_gmt":"2024-01-06T13:51:19","slug":"market-garden-ep-release-w-gasper-letonja","status":"publish","type":"product","link":"https:\/\/www.orto-bar.com\/en\/dogodki\/arhiv\/market-garden-ep-release-w-gasper-letonja\/","title":{"rendered":"Market Garden EP release w\/ Ga\u0161per Letonja"},"content":{"rendered":"<p>Market Garden EP release w\/ Ga\u0161per Letonja<\/p>\n<p>&nbsp;<\/p>\n<p>Novo leto bo pregnalo iluzijo decembrske idile; izbruhnil bo sindrom post-prazni\u010dne depresije in obdobje krpanja starih navad. Vsi in vse, ki (bo)ste obupali _ e nad novoletnimi zaobljubami in bi prvi petkov ve\u010der leta raje pre\u017eiveli _ e na koncertu kot v fitnesu, vabljeni _ e na premierno predstavitev prvenca <em>Pieces of Sanity.<\/em> Obeta se doza pristne, iz\u0161tekane grunge melanholije.<\/p>\n<p>&nbsp;<\/p>\n<p>Drobce razuma je na svoj prvi EP <em>Pieces of Sanity<\/em> zdru\u017eil koprski kantavtor <em>Market Garden. <\/em>Vzdu\u0161je pa bo pred njim omra\u010dil lokalni vsestranski glasbenik <em>Ga\u0161per Letonja.\u00a0<\/em><\/p>\n<p>&nbsp;<\/p>\n<p>Market Garden:<\/p>\n<p>&nbsp;<\/p>\n<p>Akusti\u010dni solo projekt je nastal kot ustvarjalni izziv za mladega glasbenika, tekstopisca in organizatorja koncertov Marka Godino, ki kot kitarist in pevec deluje v alternativnih rock skupinah <em>Free the Mouse<\/em> in <em>ParanoisE<\/em>. Zametki njegovega samostojnega ustvarjanja segajo v leto 2018, poleg \u0161tevilnih samostojnih nastopov pa je material nekajkrat zazvenel tudi v bandovskem aran\u017emaju.<\/p>\n<p>&nbsp;<\/p>\n<p>Osmega decembra je v samozalo\u017ebi izdal svoj EP <em>Pieces of Sanity<\/em>, ki je nastal v sodelovanju s producentom Gabrom Radojevi\u010dem.<\/p>\n<p>&nbsp;<\/p>\n<p>Surov zvo\u010dni mozaik drobcev iz \u017eivljenja mladega glasbenika, ki ustvarja v upanju na nove strune in bolj\u0161e pogoje. Na \u0161estih komadih se prepletajo melanholi\u010dne, a hkrati energi\u010dne vokalne melodije, inovativni riffi v stilu ekspresivnega akusti\u010dnega grungea in udarna besedila, ki odmevajo izku\u0161njo socialne ujetosti znotraj iz\u010drpajo\u010dega okolja, kjer ni prostora za pripadnost in razum.<\/p>\n<p>&nbsp;<\/p>\n<p>Stream <em>Pieces of Sanity<\/em>:<\/p>\n<p><a href=\"https:\/\/tr.ee\/BpkD036YV9\">https:\/\/tr.ee\/BpkD036YV9<\/a><\/p>\n<p>&nbsp;<\/p>\n<p>Instagram Market Garden: <a href=\"https:\/\/www.instagram.com\/marketgarden97\">https:\/\/www.instagram.com\/marketgarden97<\/a><\/p>\n<p>&nbsp;<\/p>\n<p>Ga\u0161per Letonja:<\/p>\n<p>&nbsp;<\/p>\n<p>Vsestranski glasbenik in producent, ki je doma\u010d na razli\u010dni podro\u010djih. Je \u010dlan post metal zasedbe The Canyon Observer in AV kolektiva Marta Fakuch, \u010dlovek, ki stoji za projektom eksperimentalno-hrupne elektronike Warlord Chipmonk, in avtor filmske glasbe. Prej\u0161nje leto je izdal solo album \u2018Ivy\u2019, na katerem v svojem glasbenem izrazu prepleta elemente post metala, avant folka in seattlske dedi\u0161\u010dine 90. let.<\/p>\n<p>&nbsp;<\/p>\n<p>Album <em>Ivy<\/em> je mrakobna procesija s svetlim koncem, ki skozi zgodbe ljudi, soo\u010denih s smrtonosnimi situacijami, tematizira polarizacijo dru\u017ebe in odnosov. Melodije so prete\u017eno molovske, v\u010dasih atonalne, drugi\u010d bolj oprijemljivo tradicionalne. Apokalipti\u010dnost metala in seattelske zapu\u0161\u010dine Letonja prevaja v \u010dutne eksperimentalne folkovske balade. Biser nekonvencionalnega avtohtonega kantavtorstva.<\/p>\n<p>&nbsp;<\/p>\n<p>Bandcamp <em>Ivy<\/em>:<\/p>\n<p><a href=\"https:\/\/warlordchipmonk.bandcamp.com\/album\/ivy\">https:\/\/warlordchipmonk.bandcamp.com\/album\/ivy<\/a><\/p>\n<p>&nbsp;<\/p>\n<p>Instagram Ga\u0161per Letonja:<\/p>\n<p><a href=\"https:\/\/www.instagram.com\/warlordchipmonk\/\">https:\/\/www.instagram.com\/warlordchipmonk\/<\/a><\/p>\n<p>&nbsp;<\/p>\n<p>Vstopnina\u00a0v predprodaji 7\u20ac, na dan dogodka 10\u20ac.<\/p>","protected":false},"excerpt":{"rendered":"<p>Market Garden EP release w\/ Ga\u0161per Letonja &nbsp; Novo leto bo pregnalo iluzijo decembrske idile; izbruhnil bo sindrom post-prazni\u010dne depresije in obdobje krpanja starih navad. Vsi in vse, ki (bo)ste obupali _ e nad novoletnimi zaobljubami in bi prvi petkov ve\u010der leta raje pre\u017eiveli _ e na koncertu kot v fitnesu, vabljeni _ e na [&hellip;]<\/p>","protected":false},"author":11,"featured_media":55069,"template":"","meta":{"_seopress_robots_primary_cat":"none","_seopress_titles_title":"","_seopress_titles_desc":"","_seopress_robots_index":""},"product_brand":[],"product_cat":[230],"product_tag":[222],"class_list":{"0":"post-55068","1":"product","2":"type-product","3":"status-publish","4":"has-post-thumbnail","6":"product_cat-arhiv","7":"product_tag-predprodaja","9":"entry","10":"has-media","12":"first","13":"instock","14":"virtual","15":"taxable","16":"product-type-simple","17":"has-product-nav","18":"col","19":"span_1_of_4","20":"owp-content-center","21":"item-entry","22":"owp-thumbs-layout-horizontal","23":"owp-btn-normal","24":"owp-tabs-layout-section","25":"has-no-thumbnails"},"publishpress_future_action":{"enabled":false,"date":"2026-05-09 11:44:47","action":"change-status","newStatus":"draft","terms":[],"taxonomy":"product_cat","extraData":[]},"publishpress_future_workflow_manual_trigger":{"enabledWorkflows":[]},"_links":{"self":[{"href":"https:\/\/www.orto-bar.com\/en\/wp-json\/wp\/v2\/product\/55068","targetHints":{"allow":["GET"]}}],"collection":[{"href":"https:\/\/www.orto-bar.com\/en\/wp-json\/wp\/v2\/product"}],"about":[{"href":"https:\/\/www.orto-bar.com\/en\/wp-json\/wp\/v2\/types\/product"}],"author":[{"embeddable":true,"href":"https:\/\/www.orto-bar.com\/en\/wp-json\/wp\/v2\/users\/11"}],"version-history":[{"count":0,"href":"https:\/\/www.orto-bar.com\/en\/wp-json\/wp\/v2\/product\/55068\/revisions"}],"wp:featuredmedia":[{"embeddable":true,"href":"https:\/\/www.orto-bar.com\/en\/wp-json\/wp\/v2\/media\/55069"}],"wp:attachment":[{"href":"https:\/\/www.orto-bar.com\/en\/wp-json\/wp\/v2\/media?parent=55068"}],"wp:term":[{"taxonomy":"product_brand","embeddable":true,"href":"https:\/\/www.orto-bar.com\/en\/wp-json\/wp\/v2\/product_brand?post=55068"},{"taxonomy":"product_cat","embeddable":true,"href":"https:\/\/www.orto-bar.com\/en\/wp-json\/wp\/v2\/product_cat?post=55068"},{"taxonomy":"product_tag","embeddable":true,"href":"https:\/\/www.orto-bar.com\/en\/wp-json\/wp\/v2\/product_tag?post=55068"}],"curies":[{"name":"wp","href":"https:\/\/api.w.org\/{rel}","templated":true}]}}