{"id":55247,"date":"2023-12-14T17:38:06","date_gmt":"2023-12-14T16:38:06","guid":{"rendered":"https:\/\/www.orto-bar.com\/?post_type=product&#038;p=55247"},"modified":"2024-03-21T19:18:07","modified_gmt":"2024-03-21T18:18:07","slug":"cynic-obscura-cryptosis","status":"publish","type":"product","link":"https:\/\/www.orto-bar.com\/en\/dogodki\/arhiv\/cynic-obscura-cryptosis\/","title":{"rendered":"Cynic, Obscura, Cryptosis"},"content":{"rendered":"<p>Vstopnice! 26 evrov v predprodaji, 30 na dan koncerta!<br \/>\n\u017de prek On-Parole: https:\/\/qr.page\/g\/3apXaDfrec0<\/p>\n<p>Tickets! 26 euro in presale, 30 euro on show day!<br \/>\nAlready through On-Parole: https:\/\/qr.page\/g\/38hjb8BdH6V<\/p>\n<p>Join Dirty Skunks DEATH METAL mailig list: http:\/\/eepurl.com\/bC2kmv<\/p>\n<p>Prog death metal ve\u010der v Ljubljani!<\/p>\n<p>Cynic se vra\u010dajo v Ljubljano, na \u010delu z Paulom Misvadalom, ki je neko\u010d igral v legendardnih Death! Skupaj z njimi bodo kot coheadlinerji nastopili nem\u0161ki prog death metalci Obscura, katerim so na\u0161i odri \u017ee precej znani. Ve\u010der bodo za\u010deli nizozemski Cryptosis!<\/p>\n<p>CYNIC<br \/>\nhttps:\/\/www.facebook.com\/Cynicofficialpage<\/p>\n<p>OBSCURA<br \/>\nhttps:\/\/www.facebook.com\/RealmOfObscura<\/p>\n<p>CRYPTOSIS<br \/>\nhttps:\/\/www.facebook.com\/CryptosisNL<\/p>","protected":false},"excerpt":{"rendered":"<p>Vstopnice! 26 evrov v predprodaji, 30 na dan koncerta! \u017de prek On-Parole: https:\/\/qr.page\/g\/3apXaDfrec0 Tickets! 26 euro in presale, 30 euro on show day! Already through On-Parole: https:\/\/qr.page\/g\/38hjb8BdH6V Join Dirty Skunks DEATH METAL mailig list: http:\/\/eepurl.com\/bC2kmv Prog death metal ve\u010der v Ljubljani! Cynic se vra\u010dajo v Ljubljano, na \u010delu z Paulom Misvadalom, ki je neko\u010d igral [&hellip;]<\/p>","protected":false},"author":11,"featured_media":55249,"template":"","meta":{"_seopress_robots_primary_cat":"none","_seopress_titles_title":"","_seopress_titles_desc":"","_seopress_robots_index":""},"product_brand":[],"product_cat":[230],"product_tag":[222],"class_list":{"0":"post-55247","1":"product","2":"type-product","3":"status-publish","4":"has-post-thumbnail","6":"product_cat-arhiv","7":"product_tag-predprodaja","9":"entry","10":"has-media","12":"first","13":"instock","14":"virtual","15":"taxable","16":"product-type-simple","17":"has-product-nav","18":"col","19":"span_1_of_4","20":"owp-content-center","21":"item-entry","22":"owp-thumbs-layout-horizontal","23":"owp-btn-normal","24":"owp-tabs-layout-section","25":"has-no-thumbnails"},"publishpress_future_action":{"enabled":false,"date":"2026-05-09 19:05:06","action":"change-status","newStatus":"draft","terms":[],"taxonomy":"product_cat","extraData":[]},"publishpress_future_workflow_manual_trigger":{"enabledWorkflows":[]},"_links":{"self":[{"href":"https:\/\/www.orto-bar.com\/en\/wp-json\/wp\/v2\/product\/55247","targetHints":{"allow":["GET"]}}],"collection":[{"href":"https:\/\/www.orto-bar.com\/en\/wp-json\/wp\/v2\/product"}],"about":[{"href":"https:\/\/www.orto-bar.com\/en\/wp-json\/wp\/v2\/types\/product"}],"author":[{"embeddable":true,"href":"https:\/\/www.orto-bar.com\/en\/wp-json\/wp\/v2\/users\/11"}],"version-history":[{"count":0,"href":"https:\/\/www.orto-bar.com\/en\/wp-json\/wp\/v2\/product\/55247\/revisions"}],"wp:featuredmedia":[{"embeddable":true,"href":"https:\/\/www.orto-bar.com\/en\/wp-json\/wp\/v2\/media\/55249"}],"wp:attachment":[{"href":"https:\/\/www.orto-bar.com\/en\/wp-json\/wp\/v2\/media?parent=55247"}],"wp:term":[{"taxonomy":"product_brand","embeddable":true,"href":"https:\/\/www.orto-bar.com\/en\/wp-json\/wp\/v2\/product_brand?post=55247"},{"taxonomy":"product_cat","embeddable":true,"href":"https:\/\/www.orto-bar.com\/en\/wp-json\/wp\/v2\/product_cat?post=55247"},{"taxonomy":"product_tag","embeddable":true,"href":"https:\/\/www.orto-bar.com\/en\/wp-json\/wp\/v2\/product_tag?post=55247"}],"curies":[{"name":"wp","href":"https:\/\/api.w.org\/{rel}","templated":true}]}}