{"id":55454,"date":"2023-12-18T11:51:06","date_gmt":"2023-12-18T10:51:06","guid":{"rendered":"https:\/\/www.orto-bar.com\/?post_type=product&#038;p=55454"},"modified":"2024-02-03T21:52:44","modified_gmt":"2024-02-03T20:52:44","slug":"fade-to-rage-rage-against-the-machine-tribute-band","status":"publish","type":"product","link":"https:\/\/www.orto-bar.com\/en\/dogodki\/arhiv\/fade-to-rage-rage-against-the-machine-tribute-band\/","title":{"rendered":"FADE TO RAGE &#8211; Rage Against The Machine Tribute band"},"content":{"rendered":"<p>FADE TO RAGE &#8211; Rage Against The Machine Tribute band<\/p>\n<p>&nbsp;<\/p>\n<p>Kon\u010dno spet v Ljubljani!<\/p>\n<p>Po lanskoletnem njihovem odli\u010dnem koncertu v Orto baru, imamo sre\u010do ponovno gostiti italjanski RATM tribute band &#8211; Fade To Rage -zagotovo enega najbolj\u0161ih RATM tribute bandov na svetu &#8211; tako po zvo\u010dni kot vizualni strani.<\/p>\n<p>Njihov za\u010detek leto\u0161nje koncertne turneje po evropi se bo za\u010del kje drugje kot v na\u0161em glavnem mestu, Ljubljani!<\/p>\n<p>&nbsp;<\/p>\n<p>Ob njihovem dveurnem nastopu in preigravanju skladb z vseh \u0161tirih albumov RATM je preprosto nemogo\u010de ostati ravnodu\u0161en!<\/p>\n<p>&nbsp;<\/p>\n<p><a href=\"https:\/\/youtu.be\/tq2dszayum4?si=2thflnjjPDNTqXaS\">https:\/\/youtu.be\/tq2dszayum4?si=2thflnjjPDNTqXaS<\/a><\/p>\n<p>&nbsp;<\/p>","protected":false},"excerpt":{"rendered":"<p>FADE TO RAGE &#8211; Rage Against The Machine Tribute band &nbsp; Kon\u010dno spet v Ljubljani! Po lanskoletnem njihovem odli\u010dnem koncertu v Orto baru, imamo sre\u010do ponovno gostiti italjanski RATM tribute band &#8211; Fade To Rage -zagotovo enega najbolj\u0161ih RATM tribute bandov na svetu &#8211; tako po zvo\u010dni kot vizualni strani. Njihov za\u010detek leto\u0161nje koncertne turneje [&hellip;]<\/p>","protected":false},"author":11,"featured_media":55455,"template":"","meta":{"_seopress_robots_primary_cat":"none","_seopress_titles_title":"","_seopress_titles_desc":"","_seopress_robots_index":""},"product_brand":[],"product_cat":[230],"product_tag":[222],"class_list":{"0":"post-55454","1":"product","2":"type-product","3":"status-publish","4":"has-post-thumbnail","6":"product_cat-arhiv","7":"product_tag-predprodaja","9":"entry","10":"has-media","12":"first","13":"instock","14":"virtual","15":"taxable","16":"product-type-simple","17":"has-product-nav","18":"col","19":"span_1_of_4","20":"owp-content-center","21":"item-entry","22":"owp-thumbs-layout-horizontal","23":"owp-btn-normal","24":"owp-tabs-layout-section","25":"has-no-thumbnails"},"publishpress_future_action":{"enabled":false,"date":"2026-05-09 12:41:51","action":"change-status","newStatus":"draft","terms":[],"taxonomy":"product_cat","extraData":[]},"publishpress_future_workflow_manual_trigger":{"enabledWorkflows":[]},"_links":{"self":[{"href":"https:\/\/www.orto-bar.com\/en\/wp-json\/wp\/v2\/product\/55454","targetHints":{"allow":["GET"]}}],"collection":[{"href":"https:\/\/www.orto-bar.com\/en\/wp-json\/wp\/v2\/product"}],"about":[{"href":"https:\/\/www.orto-bar.com\/en\/wp-json\/wp\/v2\/types\/product"}],"author":[{"embeddable":true,"href":"https:\/\/www.orto-bar.com\/en\/wp-json\/wp\/v2\/users\/11"}],"version-history":[{"count":0,"href":"https:\/\/www.orto-bar.com\/en\/wp-json\/wp\/v2\/product\/55454\/revisions"}],"wp:featuredmedia":[{"embeddable":true,"href":"https:\/\/www.orto-bar.com\/en\/wp-json\/wp\/v2\/media\/55455"}],"wp:attachment":[{"href":"https:\/\/www.orto-bar.com\/en\/wp-json\/wp\/v2\/media?parent=55454"}],"wp:term":[{"taxonomy":"product_brand","embeddable":true,"href":"https:\/\/www.orto-bar.com\/en\/wp-json\/wp\/v2\/product_brand?post=55454"},{"taxonomy":"product_cat","embeddable":true,"href":"https:\/\/www.orto-bar.com\/en\/wp-json\/wp\/v2\/product_cat?post=55454"},{"taxonomy":"product_tag","embeddable":true,"href":"https:\/\/www.orto-bar.com\/en\/wp-json\/wp\/v2\/product_tag?post=55454"}],"curies":[{"name":"wp","href":"https:\/\/api.w.org\/{rel}","templated":true}]}}