{"id":55566,"date":"2023-12-21T10:10:33","date_gmt":"2023-12-21T09:10:33","guid":{"rendered":"https:\/\/www.orto-bar.com\/?post_type=product&#038;p=55566"},"modified":"2024-02-16T19:50:12","modified_gmt":"2024-02-16T18:50:12","slug":"avtomobili-2","status":"publish","type":"product","link":"https:\/\/www.orto-bar.com\/en\/dogodki\/arhiv\/avtomobili-2\/","title":{"rendered":"Avtomobili"},"content":{"rendered":"<p>Avtomobili se po dobrem letu ponovno vra\u010dajo v Orto bar. Skupina, ki neprekinjeno\u00a0 deluje \u017ee 41 let, letos praznuje 40 let od izida svojega prvega albuma. Jeseni je fante prizadela izguba dolgoletnega \u010dlana, basista in koproducenta Davida \u0160uligoja. V prenovljeni zasedbi in nekoliko druga\u010dnim zvokom bodo na koncertu predstavili zadnjo plo\u0161\u010do Sijaj (2022), sprehodili pa se bodo tudi skozi celotno ustvarjalno obdobje. Manjkale seveda ne bodo tudi vse najbolj znane skladbe.<\/p>\n<p>Skupina, ki je sedaj v sestavi Bo\u0161tjan Andrejc-Bushy,David Morgan, Uro\u0161 Trebi\u017ean, Marko in Mirko Vuksanovi\u0107, vas vabi na sre\u010danje 16.februarja v Orto baru.<\/p>","protected":false},"excerpt":{"rendered":"<p>Avtomobili se po dobrem letu ponovno vra\u010dajo v Orto bar. Skupina, ki neprekinjeno\u00a0 deluje \u017ee 41 let, letos praznuje 40 let od izida svojega prvega albuma. Jeseni je fante prizadela izguba dolgoletnega \u010dlana, basista in koproducenta Davida \u0160uligoja. V prenovljeni zasedbi in nekoliko druga\u010dnim zvokom bodo na koncertu predstavili zadnjo plo\u0161\u010do Sijaj (2022), sprehodili pa [&hellip;]<\/p>","protected":false},"author":11,"featured_media":55567,"template":"","meta":{"_seopress_robots_primary_cat":"none","_seopress_titles_title":"","_seopress_titles_desc":"","_seopress_robots_index":""},"product_brand":[],"product_cat":[230],"product_tag":[222],"class_list":{"0":"post-55566","1":"product","2":"type-product","3":"status-publish","4":"has-post-thumbnail","6":"product_cat-arhiv","7":"product_tag-predprodaja","9":"entry","10":"has-media","12":"first","13":"instock","14":"virtual","15":"taxable","16":"product-type-simple","17":"has-product-nav","18":"col","19":"span_1_of_4","20":"owp-content-center","21":"item-entry","22":"owp-thumbs-layout-horizontal","23":"owp-btn-normal","24":"owp-tabs-layout-section","25":"has-no-thumbnails"},"publishpress_future_action":{"enabled":false,"date":"2026-05-09 14:09:45","action":"change-status","newStatus":"draft","terms":[],"taxonomy":"product_cat","extraData":[]},"publishpress_future_workflow_manual_trigger":{"enabledWorkflows":[]},"_links":{"self":[{"href":"https:\/\/www.orto-bar.com\/en\/wp-json\/wp\/v2\/product\/55566","targetHints":{"allow":["GET"]}}],"collection":[{"href":"https:\/\/www.orto-bar.com\/en\/wp-json\/wp\/v2\/product"}],"about":[{"href":"https:\/\/www.orto-bar.com\/en\/wp-json\/wp\/v2\/types\/product"}],"author":[{"embeddable":true,"href":"https:\/\/www.orto-bar.com\/en\/wp-json\/wp\/v2\/users\/11"}],"version-history":[{"count":0,"href":"https:\/\/www.orto-bar.com\/en\/wp-json\/wp\/v2\/product\/55566\/revisions"}],"wp:featuredmedia":[{"embeddable":true,"href":"https:\/\/www.orto-bar.com\/en\/wp-json\/wp\/v2\/media\/55567"}],"wp:attachment":[{"href":"https:\/\/www.orto-bar.com\/en\/wp-json\/wp\/v2\/media?parent=55566"}],"wp:term":[{"taxonomy":"product_brand","embeddable":true,"href":"https:\/\/www.orto-bar.com\/en\/wp-json\/wp\/v2\/product_brand?post=55566"},{"taxonomy":"product_cat","embeddable":true,"href":"https:\/\/www.orto-bar.com\/en\/wp-json\/wp\/v2\/product_cat?post=55566"},{"taxonomy":"product_tag","embeddable":true,"href":"https:\/\/www.orto-bar.com\/en\/wp-json\/wp\/v2\/product_tag?post=55566"}],"curies":[{"name":"wp","href":"https:\/\/api.w.org\/{rel}","templated":true}]}}