{"id":56568,"date":"2024-01-08T21:42:48","date_gmt":"2024-01-08T20:42:48","guid":{"rendered":"https:\/\/www.orto-bar.com\/?post_type=product&#038;p=56568"},"modified":"2024-01-08T21:53:02","modified_gmt":"2024-01-08T20:53:02","slug":"vrazeverje","status":"publish","type":"product","link":"https:\/\/www.orto-bar.com\/en\/dogodki\/arhiv\/vrazeverje\/","title":{"rendered":"Vra\u017eeverje"},"content":{"rendered":"<p>Vra\u017eeverje je vera v \u017eivljenje. Vra\u017eeverje vra\u010da \u017eivljenju vero. Daje mu verjetnost, da se bo v njem nekaj zgodilo. Nekaj \u010dudnega. Nekaj druga\u010dnega, \u010dude\u017enega.<\/p>\n<p>\u010cas je, da se nekaj druga\u010dnega zgodi tudi pri vas.<\/p>\n<p>&nbsp;<\/p>\n<p><strong>\u010clani:<\/strong><\/p>\n<p>Miha Slapnik (kitara\/vokal)<\/p>\n<p>Leo Gaber\u0161ek (kitara\/back vokal)<\/p>\n<p>Bla\u017e Kokol (harmonika\/back vokal)<\/p>\n<p>Sebastijan Starc (bas kitara\/back vokal)<\/p>\n<p>Domen Godec (bobni\/back vokal)<\/p>\n<p>&nbsp;<\/p>\n<p><strong>Opis:<\/strong><\/p>\n<p>Njihovo glasbo bi lahko opisali kot misteriozno kombinacijo zvokov zavitih v tan\u010dico teme. Pridevniki, s katerimi bi lahko ozna\u010dili muziko Vra\u017eeverja so teatralna, druga\u010dna in predvsem polna skrivnosti. Navdih \u010drpajo iz teatra, tako da je sama izvedba glasbenega nastopa hkrati tudi performans. S svojo glasbo \u017eelijo predvsem izzvati dru\u017ebeno kriti\u010dno razmi\u0161ljanje \u0161ir\u0161e mno\u017eice.<\/p>\n<p>&nbsp;<\/p>\n<p>Imeli so \u017ee nekaj manj\u0161ih koncertov in tudi zmagali na nate\u010daju JSKD Slovenije: Glasbeni Maraton, Sti\u010dna 23. Trenutno pa snemajo svoj prvi album, ki bo iz\u0161el konec februarja.<\/p>\n<p>&nbsp;<\/p>\n<p><strong>Music policy<\/strong>: world\/indie\/post rock &amp; more<\/p>\n<p>&nbsp;<\/p>\n<p><strong>Povezave:<\/strong><\/p>\n<p>IG:\u00a0<a href=\"https:\/\/www.instagram.com\/vrazeverje\/\">https:\/\/www.instagram.com\/vrazeverje\/<\/a><\/p>\n<p>YT:\u00a0<a href=\"https:\/\/www.youtube.com\/@Vrazeverje\">https:\/\/www.youtube.com\/@Vrazeverje<\/a><\/p>\n<p>SC:\u00a0<a href=\"https:\/\/soundcloud.com\/vrazeverje\">https:\/\/soundcloud.com\/vrazeverje<\/a><\/p>\n<p>FB: <a href=\"https:\/\/www.facebook.com\/VrazeverjeBand\">https:\/\/www.facebook.com\/VrazeverjeBand<\/a><\/p>\n<p><strong>\u00a0<\/strong><\/p>\n<p>&nbsp;<\/p>","protected":false},"excerpt":{"rendered":"<p>Vra\u017eeverje je vera v \u017eivljenje. Vra\u017eeverje vra\u010da \u017eivljenju vero. Daje mu verjetnost, da se bo v njem nekaj zgodilo. Nekaj \u010dudnega. Nekaj druga\u010dnega, \u010dude\u017enega. \u010cas je, da se nekaj druga\u010dnega zgodi tudi pri vas. &nbsp; \u010clani: Miha Slapnik (kitara\/vokal) Leo Gaber\u0161ek (kitara\/back vokal) Bla\u017e Kokol (harmonika\/back vokal) Sebastijan Starc (bas kitara\/back vokal) Domen Godec (bobni\/back [&hellip;]<\/p>","protected":false},"author":11,"featured_media":56569,"template":"","meta":{"_seopress_robots_primary_cat":"none","_seopress_titles_title":"","_seopress_titles_desc":"","_seopress_robots_index":""},"product_brand":[],"product_cat":[230],"product_tag":[222],"class_list":{"0":"post-56568","1":"product","2":"type-product","3":"status-publish","4":"has-post-thumbnail","6":"product_cat-arhiv","7":"product_tag-predprodaja","9":"entry","10":"has-media","12":"first","13":"instock","14":"virtual","15":"taxable","16":"product-type-simple","17":"has-product-nav","18":"col","19":"span_1_of_4","20":"owp-content-center","21":"item-entry","22":"owp-thumbs-layout-horizontal","23":"owp-btn-normal","24":"owp-tabs-layout-section","25":"has-no-thumbnails"},"publishpress_future_action":{"enabled":false,"date":"2026-05-09 11:26:46","action":"change-status","newStatus":"draft","terms":[],"taxonomy":"product_cat","extraData":[]},"publishpress_future_workflow_manual_trigger":{"enabledWorkflows":[]},"_links":{"self":[{"href":"https:\/\/www.orto-bar.com\/en\/wp-json\/wp\/v2\/product\/56568","targetHints":{"allow":["GET"]}}],"collection":[{"href":"https:\/\/www.orto-bar.com\/en\/wp-json\/wp\/v2\/product"}],"about":[{"href":"https:\/\/www.orto-bar.com\/en\/wp-json\/wp\/v2\/types\/product"}],"author":[{"embeddable":true,"href":"https:\/\/www.orto-bar.com\/en\/wp-json\/wp\/v2\/users\/11"}],"version-history":[{"count":0,"href":"https:\/\/www.orto-bar.com\/en\/wp-json\/wp\/v2\/product\/56568\/revisions"}],"wp:featuredmedia":[{"embeddable":true,"href":"https:\/\/www.orto-bar.com\/en\/wp-json\/wp\/v2\/media\/56569"}],"wp:attachment":[{"href":"https:\/\/www.orto-bar.com\/en\/wp-json\/wp\/v2\/media?parent=56568"}],"wp:term":[{"taxonomy":"product_brand","embeddable":true,"href":"https:\/\/www.orto-bar.com\/en\/wp-json\/wp\/v2\/product_brand?post=56568"},{"taxonomy":"product_cat","embeddable":true,"href":"https:\/\/www.orto-bar.com\/en\/wp-json\/wp\/v2\/product_cat?post=56568"},{"taxonomy":"product_tag","embeddable":true,"href":"https:\/\/www.orto-bar.com\/en\/wp-json\/wp\/v2\/product_tag?post=56568"}],"curies":[{"name":"wp","href":"https:\/\/api.w.org\/{rel}","templated":true}]}}