{"id":56675,"date":"2024-01-10T13:31:44","date_gmt":"2024-01-10T12:31:44","guid":{"rendered":"https:\/\/www.orto-bar.com\/?post_type=product&#038;p=56675"},"modified":"2024-02-25T18:05:41","modified_gmt":"2024-02-25T17:05:41","slug":"thy-light-afraid-of-destiny","status":"publish","type":"product","link":"https:\/\/www.orto-bar.com\/en\/dogodki\/arhiv\/thy-light-afraid-of-destiny\/","title":{"rendered":"Thy Light, Afraid of Destiny"},"content":{"rendered":"<p>THY LIGHT \u2013 Najve\u010dji in najbolj poznani mojstri svojega \u017eanra, Depressive Black metal, prvi\u010d v Sloveniji, s prvim klubskim koncertom, ki bo hkrati tudi najdalj\u0161i do sedaj! Kot otvoritvena skupina jih bodo spremljali Atmosferic\/Depressive Black metal skupina AFRAID OF DESTINY iz Italije.<br \/>\nVstopnice \u017ee na voljo prek On-Parole sistema! 25 evrov v predprodaji, 30 na dan koncerta!<br \/>\nhttps:\/\/qr.page\/g\/3hq1YeWvKG0<\/p>\n<p>THY LIGHT \u2013 The most notorious band of their genre, Depressive Black metal, for the first time in Slovenia, with their first club show and their longest set until now. Accompanied by Atmospheric\/Depressive Black metal band, AFRAID OF DESTINY from Italy, as an opening act of the evening.<br \/>\nTickets available through On-Parole ticket system! 25 euro in presale, 30 on show day! Link below:<br \/>\nhttps:\/\/qr.page\/g\/42rL3JCJHom<\/p>\n<p>THY LIGHT:<br \/>\nhttps:\/\/www.facebook.com\/officialthylight<br \/>\nhttps:\/\/www.instagram.com\/thylight.official\/<br \/>\nhttps:\/\/thylight.bandcamp.com\/<\/p>\n<p>AFRAID OF DESTINY:<br \/>\nhttps:\/\/www.facebook.com\/afraidofdestinyOFFICIAL<br \/>\nhttps:\/\/www.instagram.com\/afraidofdestiny_official\/<br \/>\nhttps:\/\/afraidofdestiny.bandcamp.com\/<\/p>","protected":false},"excerpt":{"rendered":"<p>THY LIGHT \u2013 Najve\u010dji in najbolj poznani mojstri svojega \u017eanra, Depressive Black metal, prvi\u010d v Sloveniji, s prvim klubskim koncertom, ki bo hkrati tudi najdalj\u0161i do sedaj! Kot otvoritvena skupina jih bodo spremljali Atmosferic\/Depressive Black metal skupina AFRAID OF DESTINY iz Italije. Vstopnice \u017ee na voljo prek On-Parole sistema! 25 evrov v predprodaji, 30 na [&hellip;]<\/p>","protected":false},"author":11,"featured_media":56676,"template":"","meta":{"_seopress_robots_primary_cat":"none","_seopress_titles_title":"","_seopress_titles_desc":"","_seopress_robots_index":""},"product_brand":[],"product_cat":[230],"product_tag":[222],"class_list":{"0":"post-56675","1":"product","2":"type-product","3":"status-publish","4":"has-post-thumbnail","6":"product_cat-arhiv","7":"product_tag-predprodaja","9":"entry","10":"has-media","12":"first","13":"instock","14":"virtual","15":"taxable","16":"product-type-simple","17":"has-product-nav","18":"col","19":"span_1_of_4","20":"owp-content-center","21":"item-entry","22":"owp-thumbs-layout-horizontal","23":"owp-btn-normal","24":"owp-tabs-layout-section","25":"has-no-thumbnails"},"publishpress_future_action":{"enabled":false,"date":"2026-05-09 18:11:14","action":"change-status","newStatus":"draft","terms":[],"taxonomy":"product_cat","extraData":[]},"publishpress_future_workflow_manual_trigger":{"enabledWorkflows":[]},"_links":{"self":[{"href":"https:\/\/www.orto-bar.com\/en\/wp-json\/wp\/v2\/product\/56675","targetHints":{"allow":["GET"]}}],"collection":[{"href":"https:\/\/www.orto-bar.com\/en\/wp-json\/wp\/v2\/product"}],"about":[{"href":"https:\/\/www.orto-bar.com\/en\/wp-json\/wp\/v2\/types\/product"}],"author":[{"embeddable":true,"href":"https:\/\/www.orto-bar.com\/en\/wp-json\/wp\/v2\/users\/11"}],"version-history":[{"count":0,"href":"https:\/\/www.orto-bar.com\/en\/wp-json\/wp\/v2\/product\/56675\/revisions"}],"wp:featuredmedia":[{"embeddable":true,"href":"https:\/\/www.orto-bar.com\/en\/wp-json\/wp\/v2\/media\/56676"}],"wp:attachment":[{"href":"https:\/\/www.orto-bar.com\/en\/wp-json\/wp\/v2\/media?parent=56675"}],"wp:term":[{"taxonomy":"product_brand","embeddable":true,"href":"https:\/\/www.orto-bar.com\/en\/wp-json\/wp\/v2\/product_brand?post=56675"},{"taxonomy":"product_cat","embeddable":true,"href":"https:\/\/www.orto-bar.com\/en\/wp-json\/wp\/v2\/product_cat?post=56675"},{"taxonomy":"product_tag","embeddable":true,"href":"https:\/\/www.orto-bar.com\/en\/wp-json\/wp\/v2\/product_tag?post=56675"}],"curies":[{"name":"wp","href":"https:\/\/api.w.org\/{rel}","templated":true}]}}