{"id":56699,"date":"2024-01-10T16:41:16","date_gmt":"2024-01-10T15:41:16","guid":{"rendered":"https:\/\/www.orto-bar.com\/?post_type=product&#038;p=56699"},"modified":"2024-01-27T19:48:22","modified_gmt":"2024-01-27T18:48:22","slug":"balkan-boys-tambura-team","status":"publish","type":"product","link":"https:\/\/www.orto-bar.com\/en\/dogodki\/arhiv\/balkan-boys-tambura-team\/","title":{"rendered":"Balkan Boys, Tambura Team"},"content":{"rendered":"<p>TAMBURA TEAM<\/p>\n<p><a href=\"https:\/\/www.facebook.com\/tamburateam?__cft__%5b0%5d=AZWOBbhX2-ZX_u_fhAUVVCxdkOXQDXsfrhMQL8u5QnzMmfP4a1_Xgg94I9dACggiF-dbWyLaLE-JVg01WTtKAj5wGlt4QXdK_PQ5hwsjuOQdTzLb6k25zwGAj4qW3o6a8mIs-kmMluTO_FwCbbLvX70kY62zKvOD40eergWnDuZdupulqxbphIvuj55eidzk0Iw0IqNlK_cf3UZAHf5OPMo8&amp;__tn__=-%5dK-y-R\">TamburaTeam<\/a><em>\u00a0<\/em>smo \u0161tirje mladi &#8220;mw\u017ei&#8221; iz Vipave in tam okrog. Smo akusti\u010dna zasedba, ki jo sestavljajo bobni, kontrabas, akusti\u010dna kitara in bra\u010d(tamburica). Delujemo od avgusta 2016 in se zaenkrat \u0161e razumemo. Stilsko nismo opredeljeni, vseeno pa se pri na\u0161em ustvarjanju \u010duti etno vpliv. Konec septembra 2023 smo izdali na\u0161 prvi album Se N&#8217; Mudi, ki smo ga napovedali s prej izdanima singloma Jamr in Ko te jebe.<\/p>\n<p>&nbsp;<\/p>\n<p>Matev\u017e Ferjan\u010di\u010d (bra\u010d, lead vokal)<\/p>\n<p>Urban Polj\u0161ak (akusti\u010dna kitara, back\u00a0vokal)<\/p>\n<p>Aleksander Li\u010den (kontrabas, back vokal)<\/p>\n<p>David \u0160krlj (bobni, back vokal)<\/p>\n<p>&nbsp;<\/p>\n<p>&nbsp;<\/p>\n<p>&nbsp;<\/p>\n<p>BALKAN BOYS<\/p>\n<p>Skupina Balkan Boys je slovenska skupina z balkansko du\u0161o. Predstavljajo pravi pomen in namen balkanske glasbe \u2013 ljubezen, pozitivno energijo in dobre vibracije.<\/p>\n<p>Leta 2007 je pevec in trobenta\u010d Rok Nemani\u010d Nemo prvi\u010d obiskal srce truba\u0161ke glasbe in energije \u2013 festival Gu\u010do, kjer je za\u010dutil povezovalno mo\u010d balkanske glasbe. Dve leti pozneje je zbral skupino mladih akademskih glasbenikov, ki bi z njim za\u010dela zgodbo, v kateri bi prek balkanskih ritmov in melosa prikazali tisto pravo balkansko du\u0161o, energijo, ki zdru\u017euje ljudi vseh generacij. Istega leta je nastala skupina Balkan Boys. Leta 2012 so avtorske pesmi predstavili na albumu From Zabledam. Sodelovali so s prepoznavnimi imeni slovenskega in tujega glasbenega prostora. Ustvarili so unikaten glasbeni slog, balkan pop fusion. Leta 2015 so izdali album Radio Me Gusta. Zasedba v svojih pesmih na sve\u017e, inovativen in sebi lasten na\u010din ohranja idejo balkanske glasbe, prepleteno z ritmi ska-ja in rumbe. Z \u017eeljo po \u0161iritvi glasbenega ustvarjanja je nastal nov album, Welcome to the Gipsyland (2019). Zasedba se je tokrat posvetila predvsem raziskovanju etno\/gipsy glasbe. Gipsyland je kraj, kjer u\u017eivamo v dobri glasbi, se prepustimo energiji, kraj, kjer je vsak vsakemu prijatelj.<br \/>\nNjihov energi\u010den odrski nastop je povezava balkanskega melosa z drugimi ritmi sveta: rumba, ska, swing, reggae, gipsy. Energija na odru, odli\u010dna improvizacija in dovr\u0161ena glasbena izvedba popeljejo ob\u010dinstvo na povsem novo raven.<\/p>\n<p>&nbsp;<\/p>\n<p>Rok Nemani\u010d \u2013 Nemo (trobenta in vokal),<br \/>\nUro\u0161 Nemani\u010d (bobni),<br \/>\nEmir Ibraki\u0107 \u2013 \u0110emo (kitara),<br \/>\nIlj Pu\u0161nik (bas kitara),<br \/>\n\u017diga Vehovec (harmonika),<br \/>\nMatija Marion (saksofon),<br \/>\nAndrej \u0160trekelj (trobenta).<\/p>\n<p>&nbsp;<\/p>\n<p>&nbsp;<\/p>","protected":false},"excerpt":{"rendered":"<p>TAMBURA TEAM TamburaTeam\u00a0smo \u0161tirje mladi &#8220;mw\u017ei&#8221; iz Vipave in tam okrog. Smo akusti\u010dna zasedba, ki jo sestavljajo bobni, kontrabas, akusti\u010dna kitara in bra\u010d(tamburica). Delujemo od avgusta 2016 in se zaenkrat \u0161e razumemo. Stilsko nismo opredeljeni, vseeno pa se pri na\u0161em ustvarjanju \u010duti etno vpliv. Konec septembra 2023 smo izdali na\u0161 prvi album Se N&#8217; Mudi, [&hellip;]<\/p>","protected":false},"author":11,"featured_media":56700,"template":"","meta":{"_seopress_robots_primary_cat":"none","_seopress_titles_title":"","_seopress_titles_desc":"","_seopress_robots_index":""},"product_brand":[],"product_cat":[230],"product_tag":[222],"class_list":{"0":"post-56699","1":"product","2":"type-product","3":"status-publish","4":"has-post-thumbnail","6":"product_cat-arhiv","7":"product_tag-predprodaja","9":"entry","10":"has-media","12":"first","13":"instock","14":"virtual","15":"taxable","16":"product-type-simple","17":"has-product-nav","18":"col","19":"span_1_of_4","20":"owp-content-center","21":"item-entry","22":"owp-thumbs-layout-horizontal","23":"owp-btn-normal","24":"owp-tabs-layout-section","25":"has-no-thumbnails"},"publishpress_future_action":{"enabled":false,"date":"2026-05-09 11:34:45","action":"change-status","newStatus":"draft","terms":[],"taxonomy":"product_cat","extraData":[]},"publishpress_future_workflow_manual_trigger":{"enabledWorkflows":[]},"_links":{"self":[{"href":"https:\/\/www.orto-bar.com\/en\/wp-json\/wp\/v2\/product\/56699","targetHints":{"allow":["GET"]}}],"collection":[{"href":"https:\/\/www.orto-bar.com\/en\/wp-json\/wp\/v2\/product"}],"about":[{"href":"https:\/\/www.orto-bar.com\/en\/wp-json\/wp\/v2\/types\/product"}],"author":[{"embeddable":true,"href":"https:\/\/www.orto-bar.com\/en\/wp-json\/wp\/v2\/users\/11"}],"version-history":[{"count":0,"href":"https:\/\/www.orto-bar.com\/en\/wp-json\/wp\/v2\/product\/56699\/revisions"}],"wp:featuredmedia":[{"embeddable":true,"href":"https:\/\/www.orto-bar.com\/en\/wp-json\/wp\/v2\/media\/56700"}],"wp:attachment":[{"href":"https:\/\/www.orto-bar.com\/en\/wp-json\/wp\/v2\/media?parent=56699"}],"wp:term":[{"taxonomy":"product_brand","embeddable":true,"href":"https:\/\/www.orto-bar.com\/en\/wp-json\/wp\/v2\/product_brand?post=56699"},{"taxonomy":"product_cat","embeddable":true,"href":"https:\/\/www.orto-bar.com\/en\/wp-json\/wp\/v2\/product_cat?post=56699"},{"taxonomy":"product_tag","embeddable":true,"href":"https:\/\/www.orto-bar.com\/en\/wp-json\/wp\/v2\/product_tag?post=56699"}],"curies":[{"name":"wp","href":"https:\/\/api.w.org\/{rel}","templated":true}]}}