{"id":56715,"date":"2024-01-10T19:10:27","date_gmt":"2024-01-10T18:10:27","guid":{"rendered":"https:\/\/www.orto-bar.com\/?post_type=product&#038;p=56715"},"modified":"2024-02-15T00:00:02","modified_gmt":"2024-02-14T23:00:02","slug":"bluzon-grizl","status":"publish","type":"product","link":"https:\/\/www.orto-bar.com\/en\/dogodki\/arhiv\/bluzon-grizl\/","title":{"rendered":"Bluzon, Grizl"},"content":{"rendered":"<p>________________________________________<\/p>\n<p>\ud835\uddd5\ud835\udddf\ud835\udde8\ud835\udded\ud835\udde2\ud835\udde1 \u010drpa iz bogate zakladnice bluesa, pa tudi funka, rocka in jazza. To v tradiciji sor\u0161kopoljskih nabiralcev krompirja zapakira v lastno me\u0161anico obeh delt Sore in doda ob\u010dasen avtorski izlet v r\u010dne vode soto\u010dja\/sozvo\u010dja. Na dnevnem meniju se tako najdejo sestavine iz zgodnjih let prej\u0161njega stoletja, kot tudi moderne izpovedi, od Roberta Johnsona do Johna Scofielda, postre\u017eene na posteljici avtorskega trenutnega navdiha.<\/p>\n<p>&nbsp;<\/p>\n<p>\ud835\uddda\ud835\udde5\ud835\udddc\ud835\udded\ud835\udddf skupina prina\u0161a sve\u017e, naraven in okolju prijazen rock n&#8217; roll. S koreninami v hard rocku svoj zvok prepoji z elementi bluesa, rhythm &amp; bluesa in celo s kan\u010dkom jazza. Njihove skladbe se razvijajo skozi d\u017eeme in so kompleksno strukturirane ter zahtevajo ve\u010dkratno poslu\u0161anje. S poudarkom na in\u0161trumentalne kompozicije, igrivost in eksperimentiranje, bend ustvarja edinstven zvok v slovenskem glasbenem prostoru. Njihova besedila ponujajo preplet osebnih izpovedi in dru\u017ebeno ozave\u0161\u010denih opa\u017eanj, ter prikazujejo razmi\u0161ljanje in intelektualno spodbuden pristop<\/p>","protected":false},"excerpt":{"rendered":"<p>________________________________________ \ud835\uddd5\ud835\udddf\ud835\udde8\ud835\udded\ud835\udde2\ud835\udde1 \u010drpa iz bogate zakladnice bluesa, pa tudi funka, rocka in jazza. To v tradiciji sor\u0161kopoljskih nabiralcev krompirja zapakira v lastno me\u0161anico obeh delt Sore in doda ob\u010dasen avtorski izlet v r\u010dne vode soto\u010dja\/sozvo\u010dja. Na dnevnem meniju se tako najdejo sestavine iz zgodnjih let prej\u0161njega stoletja, kot tudi moderne izpovedi, od Roberta Johnsona do [&hellip;]<\/p>","protected":false},"author":11,"featured_media":60383,"template":"","meta":{"_seopress_robots_primary_cat":"none","_seopress_titles_title":"","_seopress_titles_desc":"","_seopress_robots_index":""},"product_brand":[],"product_cat":[230],"product_tag":[222],"class_list":{"0":"post-56715","1":"product","2":"type-product","3":"status-publish","4":"has-post-thumbnail","6":"product_cat-arhiv","7":"product_tag-predprodaja","9":"entry","10":"has-media","12":"first","13":"instock","14":"virtual","15":"taxable","16":"product-type-simple","17":"has-product-nav","18":"col","19":"span_1_of_4","20":"owp-content-center","21":"item-entry","22":"owp-thumbs-layout-horizontal","23":"owp-btn-normal","24":"owp-tabs-layout-section","25":"has-no-thumbnails"},"publishpress_future_action":{"enabled":false,"date":"2026-05-09 14:05:31","action":"change-status","newStatus":"draft","terms":[],"taxonomy":"product_cat","extraData":[]},"publishpress_future_workflow_manual_trigger":{"enabledWorkflows":[]},"_links":{"self":[{"href":"https:\/\/www.orto-bar.com\/en\/wp-json\/wp\/v2\/product\/56715","targetHints":{"allow":["GET"]}}],"collection":[{"href":"https:\/\/www.orto-bar.com\/en\/wp-json\/wp\/v2\/product"}],"about":[{"href":"https:\/\/www.orto-bar.com\/en\/wp-json\/wp\/v2\/types\/product"}],"author":[{"embeddable":true,"href":"https:\/\/www.orto-bar.com\/en\/wp-json\/wp\/v2\/users\/11"}],"version-history":[{"count":0,"href":"https:\/\/www.orto-bar.com\/en\/wp-json\/wp\/v2\/product\/56715\/revisions"}],"wp:featuredmedia":[{"embeddable":true,"href":"https:\/\/www.orto-bar.com\/en\/wp-json\/wp\/v2\/media\/60383"}],"wp:attachment":[{"href":"https:\/\/www.orto-bar.com\/en\/wp-json\/wp\/v2\/media?parent=56715"}],"wp:term":[{"taxonomy":"product_brand","embeddable":true,"href":"https:\/\/www.orto-bar.com\/en\/wp-json\/wp\/v2\/product_brand?post=56715"},{"taxonomy":"product_cat","embeddable":true,"href":"https:\/\/www.orto-bar.com\/en\/wp-json\/wp\/v2\/product_cat?post=56715"},{"taxonomy":"product_tag","embeddable":true,"href":"https:\/\/www.orto-bar.com\/en\/wp-json\/wp\/v2\/product_tag?post=56715"}],"curies":[{"name":"wp","href":"https:\/\/api.w.org\/{rel}","templated":true}]}}