{"id":57329,"date":"2024-01-17T18:40:39","date_gmt":"2024-01-17T17:40:39","guid":{"rendered":"https:\/\/www.orto-bar.com\/?post_type=product&#038;p=57329"},"modified":"2024-02-29T18:17:16","modified_gmt":"2024-02-29T17:17:16","slug":"guilty-of-joy-life-on-display","status":"publish","type":"product","link":"https:\/\/www.orto-bar.com\/en\/dogodki\/arhiv\/guilty-of-joy-life-on-display\/","title":{"rendered":"Guilty of Joy , Life on Display"},"content":{"rendered":"<p>\ud835\udde9\ud835\uddee\ud835\uddef\ud835\uddf9\ud835\uddf7\ud835\uddf2\ud835\uddfb\ud835\uddf6 \ud835\uddfb\ud835\uddee \ud835\uddf1\ud835\ude03\ud835\uddfc\ud835\uddf7\ud835\uddfb\ud835\uddfc \ud835\uddf1\ud835\uddfc\ud835\ude07\ud835\uddfc \ud835\uddf5\ud835\uddee\ud835\uddff\ud835\uddf1 \ud835\uddff\ud835\uddfc\ud835\uddf0\ud835\uddf8\ud835\uddee!<\/p>\n<p>Vstopnice :<br \/>\npredprodaja &#8211; 8,00 EUR<br \/>\nna dan dogodka &#8211; 12,00 EUR<\/p>\n<p>________________________________________<\/p>\n<p>\ud835\uddda\ud835\udde8\ud835\udddc\ud835\udddf\ud835\udde7\ud835\uddec \ud835\udde2\ud835\uddd9 \ud835\udddd\ud835\udde2\ud835\uddec so \u0161tirje glasbeni intuziasti s koreninami, zasajenimi v rock glasbi devetdesetih, ki ustvarjajo brezkompromisno glasbo. Ta izra\u017ea njihove osebne izku\u0161nje, izzive in sanje. Skupino sestavljajo Marko Dupli\u0161ak (vokali), \u017diga Jeri\u010d (kitara), Jure Jelov\u010dan (bas kitara) in Rok Zaplotnik (bobni). Konec oktobra so izdali svoj prvenec Music Diary, ki je na voljo tako v fizi\u010dni obliki kot na vseh glasbenih platformah.<br \/>\n________________________________________<\/p>\n<p>\ud835\udddf\ud835\udddc\ud835\uddd9\ud835\uddd8 \ud835\udde2\ud835\udde1 \ud835\uddd7\ud835\udddc\ud835\udde6\ud835\udde3\ud835\udddf\ud835\uddd4\ud835\uddec prihajajo iz Zasavja in igrajo metal! Na sceni so \u0161tiri leta in do zdaj so izdali EP z naslovom Souls on the Edge. Za svoje poslu\u0161alce upajo, da se ga vedno znova &#8220;raztrgajo&#8221; z njimi. &#8220;Se vidimo v moshu!&#8221;<\/p>\n<p><a href=\"https:\/\/www.facebook.com\/profile.php?id=100036468947124&amp;__cft__%5b0%5d=AZUjZqmIO65gUHjIKAWBKWhqj7qJj9HtLhHoeEU72s110tC1IkGNYckr-y1mu6-wifb8_VFCFwuahjcN5ozXQaYKLWSsu5xA1UxFlW5Ns1RYv9C6KRvObbu_VonAeZdB8zE&amp;__tn__=q\"><strong>https:\/\/www.facebook.com\/profile.php?id=100036468947124<\/strong><\/a><br \/>\n<a href=\"https:\/\/www.youtube.com\/watch?v=7tqhGw_JAxE&amp;fbclid=IwAR3dLi69ak0w4yS8lYyA2KYAkc-lXK_XGQTdvtlLz07mQNidmYPFjmXovtM\">https:\/\/www.youtube.com\/watch?v=7tqhGw_JAxE<\/a><br \/>\n<a href=\"https:\/\/www.youtube.com\/watch?v=2pVKNsDxqTU&amp;fbclid=IwAR3uSoDMvg8vX8qaB_bOY2WjKJm_5P8vKGYqx8Ym6bdev58nM_M89ouVFjw\">https:\/\/www.youtube.com\/watch?v=2pVKNsDxqTU<\/a><\/p>\n<p>&nbsp;<\/p>","protected":false},"excerpt":{"rendered":"<p>\ud835\udde9\ud835\uddee\ud835\uddef\ud835\uddf9\ud835\uddf7\ud835\uddf2\ud835\uddfb\ud835\uddf6 \ud835\uddfb\ud835\uddee \ud835\uddf1\ud835\ude03\ud835\uddfc\ud835\uddf7\ud835\uddfb\ud835\uddfc \ud835\uddf1\ud835\uddfc\ud835\ude07\ud835\uddfc \ud835\uddf5\ud835\uddee\ud835\uddff\ud835\uddf1 \ud835\uddff\ud835\uddfc\ud835\uddf0\ud835\uddf8\ud835\uddee! Vstopnice : predprodaja &#8211; 8,00 EUR na dan dogodka &#8211; 12,00 EUR ________________________________________ \ud835\uddda\ud835\udde8\ud835\udddc\ud835\udddf\ud835\udde7\ud835\uddec \ud835\udde2\ud835\uddd9 \ud835\udddd\ud835\udde2\ud835\uddec so \u0161tirje glasbeni intuziasti s koreninami, zasajenimi v rock glasbi devetdesetih, ki ustvarjajo brezkompromisno glasbo. Ta izra\u017ea njihove osebne izku\u0161nje, izzive in sanje. Skupino sestavljajo Marko Dupli\u0161ak (vokali), \u017diga Jeri\u010d (kitara), Jure Jelov\u010dan [&hellip;]<\/p>","protected":false},"author":11,"featured_media":57330,"template":"","meta":{"_seopress_robots_primary_cat":"none","_seopress_titles_title":"","_seopress_titles_desc":"","_seopress_robots_index":""},"product_brand":[],"product_cat":[230],"product_tag":[222],"class_list":{"0":"post-57329","1":"product","2":"type-product","3":"status-publish","4":"has-post-thumbnail","6":"product_cat-arhiv","7":"product_tag-predprodaja","9":"entry","10":"has-media","12":"first","13":"instock","14":"virtual","15":"taxable","16":"product-type-simple","17":"has-product-nav","18":"col","19":"span_1_of_4","20":"owp-content-center","21":"item-entry","22":"owp-thumbs-layout-horizontal","23":"owp-btn-normal","24":"owp-tabs-layout-section","25":"has-no-thumbnails"},"publishpress_future_action":{"enabled":false,"date":"2026-05-08 13:02:22","action":"change-status","newStatus":"draft","terms":[],"taxonomy":"product_cat","extraData":[]},"publishpress_future_workflow_manual_trigger":{"enabledWorkflows":[]},"_links":{"self":[{"href":"https:\/\/www.orto-bar.com\/en\/wp-json\/wp\/v2\/product\/57329","targetHints":{"allow":["GET"]}}],"collection":[{"href":"https:\/\/www.orto-bar.com\/en\/wp-json\/wp\/v2\/product"}],"about":[{"href":"https:\/\/www.orto-bar.com\/en\/wp-json\/wp\/v2\/types\/product"}],"author":[{"embeddable":true,"href":"https:\/\/www.orto-bar.com\/en\/wp-json\/wp\/v2\/users\/11"}],"version-history":[{"count":0,"href":"https:\/\/www.orto-bar.com\/en\/wp-json\/wp\/v2\/product\/57329\/revisions"}],"wp:featuredmedia":[{"embeddable":true,"href":"https:\/\/www.orto-bar.com\/en\/wp-json\/wp\/v2\/media\/57330"}],"wp:attachment":[{"href":"https:\/\/www.orto-bar.com\/en\/wp-json\/wp\/v2\/media?parent=57329"}],"wp:term":[{"taxonomy":"product_brand","embeddable":true,"href":"https:\/\/www.orto-bar.com\/en\/wp-json\/wp\/v2\/product_brand?post=57329"},{"taxonomy":"product_cat","embeddable":true,"href":"https:\/\/www.orto-bar.com\/en\/wp-json\/wp\/v2\/product_cat?post=57329"},{"taxonomy":"product_tag","embeddable":true,"href":"https:\/\/www.orto-bar.com\/en\/wp-json\/wp\/v2\/product_tag?post=57329"}],"curies":[{"name":"wp","href":"https:\/\/api.w.org\/{rel}","templated":true}]}}