{"id":57389,"date":"2024-01-18T12:04:56","date_gmt":"2024-01-18T11:04:56","guid":{"rendered":"https:\/\/www.orto-bar.com\/?post_type=product&#038;p=57389"},"modified":"2024-02-10T21:09:39","modified_gmt":"2024-02-10T20:09:39","slug":"orto-pustovanje-2","status":"publish","type":"product","link":"https:\/\/www.orto-bar.com\/en\/dogodki\/arhiv\/orto-pustovanje-2\/","title":{"rendered":"Orto Pustovanje!!!"},"content":{"rendered":"<p><strong>Orto Pustovanje je ma\u0161karada , ki je ne pozabi\u0161! Ple\u0161e\u0161 v disco,funky, popy ,rocky hitih in\u00a0 ritmih do jutra.\u00a0<\/strong><\/p>\n<p><strong>Vstopnina v predprodaji 8 \u20ac in 10\u20ac na dan dogodka!<\/strong><\/p>\n<p><strong>\u0160tevilo vstopnic je omejeno, zato POHITITE !!<\/strong><\/p>","protected":false},"excerpt":{"rendered":"<p>Orto Pustovanje je ma\u0161karada , ki je ne pozabi\u0161! Ple\u0161e\u0161 v disco,funky, popy ,rocky hitih in\u00a0 ritmih do jutra.\u00a0 Vstopnina v predprodaji 8 \u20ac in 10\u20ac na dan dogodka! \u0160tevilo vstopnic je omejeno, zato POHITITE !!<\/p>","protected":false},"author":11,"featured_media":57401,"template":"","meta":{"_seopress_robots_primary_cat":"none","_seopress_titles_title":"","_seopress_titles_desc":"","_seopress_robots_index":""},"product_brand":[],"product_cat":[230],"product_tag":[222],"class_list":{"0":"post-57389","1":"product","2":"type-product","3":"status-publish","4":"has-post-thumbnail","6":"product_cat-arhiv","7":"product_tag-predprodaja","9":"entry","10":"has-media","12":"first","13":"instock","14":"virtual","15":"taxable","16":"product-type-simple","17":"has-product-nav","18":"col","19":"span_1_of_4","20":"owp-content-center","21":"item-entry","22":"owp-thumbs-layout-horizontal","23":"owp-btn-normal","24":"owp-tabs-layout-section","25":"has-no-thumbnails"},"publishpress_future_action":{"enabled":false,"date":"2026-05-09 12:48:52","action":"change-status","newStatus":"draft","terms":[],"taxonomy":"product_cat","extraData":[]},"publishpress_future_workflow_manual_trigger":{"enabledWorkflows":[]},"_links":{"self":[{"href":"https:\/\/www.orto-bar.com\/en\/wp-json\/wp\/v2\/product\/57389","targetHints":{"allow":["GET"]}}],"collection":[{"href":"https:\/\/www.orto-bar.com\/en\/wp-json\/wp\/v2\/product"}],"about":[{"href":"https:\/\/www.orto-bar.com\/en\/wp-json\/wp\/v2\/types\/product"}],"author":[{"embeddable":true,"href":"https:\/\/www.orto-bar.com\/en\/wp-json\/wp\/v2\/users\/11"}],"version-history":[{"count":0,"href":"https:\/\/www.orto-bar.com\/en\/wp-json\/wp\/v2\/product\/57389\/revisions"}],"wp:featuredmedia":[{"embeddable":true,"href":"https:\/\/www.orto-bar.com\/en\/wp-json\/wp\/v2\/media\/57401"}],"wp:attachment":[{"href":"https:\/\/www.orto-bar.com\/en\/wp-json\/wp\/v2\/media?parent=57389"}],"wp:term":[{"taxonomy":"product_brand","embeddable":true,"href":"https:\/\/www.orto-bar.com\/en\/wp-json\/wp\/v2\/product_brand?post=57389"},{"taxonomy":"product_cat","embeddable":true,"href":"https:\/\/www.orto-bar.com\/en\/wp-json\/wp\/v2\/product_cat?post=57389"},{"taxonomy":"product_tag","embeddable":true,"href":"https:\/\/www.orto-bar.com\/en\/wp-json\/wp\/v2\/product_tag?post=57389"}],"curies":[{"name":"wp","href":"https:\/\/api.w.org\/{rel}","templated":true}]}}