{"id":57418,"date":"2024-01-18T16:53:45","date_gmt":"2024-01-18T15:53:45","guid":{"rendered":"https:\/\/www.orto-bar.com\/?post_type=product&#038;p=57418"},"modified":"2024-02-22T20:46:05","modified_gmt":"2024-02-22T19:46:05","slug":"samuel-blues","status":"publish","type":"product","link":"https:\/\/www.orto-bar.com\/en\/dogodki\/arhiv\/samuel-blues\/","title":{"rendered":"Samuel Blues"},"content":{"rendered":"<p>\ud835\udde6\ud835\uddd4\ud835\udde0\ud835\udde8\ud835\uddd8\ud835\udddf \ud835\uddd5\ud835\udddf\ud835\udde8\ud835\uddd8\ud835\udde6 je eden najvidne\u0161jih predstavnikov kantavtorske zvrsti na slovenskih tleh, ki je znan po svojevrstnem stilu, surovi in globoki hipnoti\u010dni glasbi ter raskavem glasu<\/p>\n<p>Ste pripravljeni glasno rohnenje kitare?!<\/p>\n<p>predprodaja &#8211; 10,00 EUR<br \/>\nna dan dogodka &#8211; 15,00 EUR<\/p>\n<p>Tokratni dogodek pa bo poseben. Ne le zaradi programa, ki bo v celoti sestavljen na licu mesta, ampak tudi, ker bo pred in po koncertu v Ortu (tako v klubu kot v kadilnici) odmevala strupeno dobra playlista po izboru enega in edinega Samuela Bluesa. Posvetili se bomo izvajalcem, ki ga navdu\u0161ujejo in navdihujejo.<\/p>\n<p>Po koncertu sledi dru\u017eenje<\/p>\n<p>________________________________________<\/p>\n<p>\ud835\udde2 \ud835\uddf6\ud835\ude07\ud835\ude03\ud835\uddee\ud835\uddf7\ud835\uddee\ud835\uddf9\ud835\uddf0\ud835\ude02:<br \/>\nJeseni\u0161kega kantavtorja, ki je bil leta 2018 sopotnik Klubskega maratona Radia \u0160tudent, so takrat opisali kot \u201csolo ansambl &#8216;spod Golice\u201d s samosvojim croonerskim glasom, izvirnimi bluzovskimi izrazom in simpati\u010dim nasmehom. Samuel Blues \u017ee nekaj let predstavlja enega klju\u010dnih obrazov slovenskega bluz-rockerskega izrazja mlaj\u0161e generacije. Od zapustitve blues rock zasedbe Talking Stone leta 2012 je izdal sedem solo albumov v razli\u010dnih \u017eanrih, od bluza do diska in punka na zadnjem albumu Triglavski Narodni Pank (2021 ), poznamo pa ga tudi po sodelovanju z Miho Eri\u010dem. Tokrat se bo predstavil s svojim razgibanim avtorskim repertoarjem.<\/p>\n<p>YouTube kanal:\u00a0<a href=\"https:\/\/tinyurl.com\/2e7p9kaa?fbclid=IwAR0k9qUZSQJToTX-GFKYOk1XqJr7ysMeQIHTEYQ_7Dx0qPyi9Hwm1XBhOrI\">https:\/\/tinyurl.com\/2e7p9kaa<\/a><\/p>","protected":false},"excerpt":{"rendered":"<p>\ud835\udde6\ud835\uddd4\ud835\udde0\ud835\udde8\ud835\uddd8\ud835\udddf \ud835\uddd5\ud835\udddf\ud835\udde8\ud835\uddd8\ud835\udde6 je eden najvidne\u0161jih predstavnikov kantavtorske zvrsti na slovenskih tleh, ki je znan po svojevrstnem stilu, surovi in globoki hipnoti\u010dni glasbi ter raskavem glasu Ste pripravljeni glasno rohnenje kitare?! predprodaja &#8211; 10,00 EUR na dan dogodka &#8211; 15,00 EUR Tokratni dogodek pa bo poseben. Ne le zaradi programa, ki bo v celoti sestavljen na [&hellip;]<\/p>","protected":false},"author":11,"featured_media":57419,"template":"","meta":{"_seopress_robots_primary_cat":"none","_seopress_titles_title":"","_seopress_titles_desc":"","_seopress_robots_index":""},"product_brand":[],"product_cat":[230],"product_tag":[222],"class_list":{"0":"post-57418","1":"product","2":"type-product","3":"status-publish","4":"has-post-thumbnail","6":"product_cat-arhiv","7":"product_tag-predprodaja","9":"entry","10":"has-media","12":"first","13":"instock","14":"virtual","15":"taxable","16":"product-type-simple","17":"has-product-nav","18":"col","19":"span_1_of_4","20":"owp-content-center","21":"item-entry","22":"owp-thumbs-layout-horizontal","23":"owp-btn-normal","24":"owp-tabs-layout-section","25":"has-no-thumbnails"},"publishpress_future_action":{"enabled":false,"date":"2026-05-09 14:09:10","action":"change-status","newStatus":"draft","terms":[],"taxonomy":"product_cat","extraData":[]},"publishpress_future_workflow_manual_trigger":{"enabledWorkflows":[]},"_links":{"self":[{"href":"https:\/\/www.orto-bar.com\/en\/wp-json\/wp\/v2\/product\/57418","targetHints":{"allow":["GET"]}}],"collection":[{"href":"https:\/\/www.orto-bar.com\/en\/wp-json\/wp\/v2\/product"}],"about":[{"href":"https:\/\/www.orto-bar.com\/en\/wp-json\/wp\/v2\/types\/product"}],"author":[{"embeddable":true,"href":"https:\/\/www.orto-bar.com\/en\/wp-json\/wp\/v2\/users\/11"}],"version-history":[{"count":0,"href":"https:\/\/www.orto-bar.com\/en\/wp-json\/wp\/v2\/product\/57418\/revisions"}],"wp:featuredmedia":[{"embeddable":true,"href":"https:\/\/www.orto-bar.com\/en\/wp-json\/wp\/v2\/media\/57419"}],"wp:attachment":[{"href":"https:\/\/www.orto-bar.com\/en\/wp-json\/wp\/v2\/media?parent=57418"}],"wp:term":[{"taxonomy":"product_brand","embeddable":true,"href":"https:\/\/www.orto-bar.com\/en\/wp-json\/wp\/v2\/product_brand?post=57418"},{"taxonomy":"product_cat","embeddable":true,"href":"https:\/\/www.orto-bar.com\/en\/wp-json\/wp\/v2\/product_cat?post=57418"},{"taxonomy":"product_tag","embeddable":true,"href":"https:\/\/www.orto-bar.com\/en\/wp-json\/wp\/v2\/product_tag?post=57418"}],"curies":[{"name":"wp","href":"https:\/\/api.w.org\/{rel}","templated":true}]}}