{"id":57421,"date":"2024-01-18T17:04:34","date_gmt":"2024-01-18T16:04:34","guid":{"rendered":"https:\/\/www.orto-bar.com\/?post_type=product&#038;p=57421"},"modified":"2024-04-27T20:20:54","modified_gmt":"2024-04-27T18:20:54","slug":"zakljucek-orto-festa-2024-rvr-river-romachild","status":"publish","type":"product","link":"https:\/\/www.orto-bar.com\/en\/dogodki\/arhiv\/zakljucek-orto-festa-2024-rvr-river-romachild\/","title":{"rendered":"Zaklju\u010dek Orto Festa 2024 &#8211; RVR River, Romachild"},"content":{"rendered":"<p>&nbsp;<\/p>\n<p>Ideja za band se je rodila med pandemijo leta 2020, ko je avtor glasbe Sergej Pobegajlo (Billysi, Gora, C4, Bombe) ustvaril tako reko\u010d \u017ee za celo plo\u0161\u010do glasbenega materiala. Idili\u010dno okolje v bli\u017eini reke (ki je bila navdih tudi za ime) in neomejena koli\u010dina &#8216;prostega&#8217; \u010dasa sta bila pravi recept za nastanek novega projekta.<\/p>\n<p>&nbsp;<\/p>\n<p>Kot je lahko reka bista, mila in obvladljiva, hkrati pa tudi kalna, hudourni\u0161ka in nepredvidljiva, tako se pri RIVER prepletajo tr\u0161i kitarski rifi, mo\u010dni in dinami\u010dni bobnarski ritmi, agresivni vokali, mirnej\u0161i deli glasbenih kompozicij in spevne melodije. Sporo\u010dilnost pesmi pa se dotika dru\u017ebeno kriti\u010dnih tematik, eksistencialnih vpra\u0161anj in samoizpovedi.<\/p>\n<p>&nbsp;<\/p>\n<p>Te\u017enji po vokalistu, ki bi glasovno ustrezal tovrstni glasbi, je ugodil Peter Hudnik (FrozenchilD, King Foo, Acoustic Grunge duo Hudnik &amp; Ajdi\u010d). Bandu sta se nato pridru\u017eila prekaljena rock kitarista Matja\u017e Marin (Requiem, Billysi, Sausages) in Rok Barle (Tomcat, Kariot, Sam&#8217;s Fever). Iskanju bobnarja pa so posvetili nekoliko ve\u010d \u010dasa, kar se je izkazalo za dobro potezo, saj je manjkajo\u010di kamen\u010dek v mozaiku, s svojo bobnarsko natan\u010dnostjo dodal Damjan Paljk (Delirium, Tide).<\/p>\n<p>Intoxicated Soul videospot: <a href=\"https:\/\/www.youtube.com\/watch?v=smKaAUANqsU\">https:\/\/www.youtube.com\/watch?v=smKaAUANqsU<\/a><\/p>\n<p>&nbsp;<\/p>\n<p>RVR RIVER album streaming: <a href=\"https:\/\/distrokid.com\/hyperfollow\/rvrriver\/river\">https:\/\/distrokid.com\/hyperfollow\/rvrriver\/river<\/a><\/p>\n<div class=\"x11i5rnm xat24cr x1mh8g0r x1vvkbs xtlvy1s\">ROMACHILD<\/div>\n<div class=\"x11i5rnm xat24cr x1mh8g0r x1vvkbs xtlvy1s\">Roman Ratej, bobnar svetovnega slovesa, je igral na najve\u010djih svetovnih odrih in sodeloval z velikimi svetovnimi in doma\u010dimi imeni popularne glasbe. Martin \u0160tibernik je eden izmed najbolj iskanih in najbolj\u0161ih producentov pri nas. Svoj multi glasbeni talent je prelil v mnoge znane in najbolj predvajane hite v Sloveniji. Njuna glasba prepleta razli\u010dne presenetljive \u017eanre s pozitivno energijo in igro, kar ustvari popolnoma unikaten zvok, ki sloni na kitarah, bobnih in vokalu.<\/div>\n<div class=\"x11i5rnm xat24cr x1mh8g0r x1vvkbs xtlvy1s\">EP &#8220;Matador&#8221; je glasbeni album, ki prevzame s svojo strastjo, optimizmom in izpiljeno kakovostjo. Z mo\u010dnimi kitarskimi rifi in pomenljimi besedili. Romachild dokazuje svoj mojstrski glasbeni talent, ki ga poslu\u0161alci cenijo.<\/div>\n<div class=\"x11i5rnm xat24cr x1mh8g0r x1vvkbs xtlvy1s\">Matador videospot:\u00a0<a class=\"x1i10hfl xjbqb8w x6umtig x1b1mbwd xaqea5y xav7gou x9f619 x1ypdohk xt0psk2 xe8uvvx xdj266r x11i5rnm xat24cr x1mh8g0r xexx8yu x4uap5 x18d9i69 xkhd6sd x16tdsg8 x1hl2dhg xggy1nq x1a2a7pz xt0b8zv x1fey0fg\" tabindex=\"0\" role=\"link\" href=\"https:\/\/youtu.be\/Sj9dE7-WJzs?fbclid=IwAR1dKHpSEqkD3CIT5D4UiTca4l7HP1UMpUImmlhvut5c-dunxm3o4t1WKV8\" target=\"_blank\" rel=\"nofollow noopener noreferrer\">https:\/\/youtu.be\/Sj9dE7-WJzs<\/a><\/div>\n<div class=\"x11i5rnm xat24cr x1mh8g0r x1vvkbs xtlvy1s\">streaming in vinilka:\u00a0<a class=\"x1i10hfl xjbqb8w x6umtig x1b1mbwd xaqea5y xav7gou x9f619 x1ypdohk xt0psk2 xe8uvvx xdj266r x11i5rnm xat24cr x1mh8g0r xexx8yu x4uap5 x18d9i69 xkhd6sd x16tdsg8 x1hl2dhg xggy1nq x1a2a7pz xt0b8zv x1fey0fg\" tabindex=\"0\" role=\"link\" href=\"https:\/\/romachild.com\/ep-matador\/?fbclid=IwAR1z3yuD6zoQStNlD2SlRkqbpiimzf88JLotOL7IvIPlzUb-uap24Lp0CBU\" target=\"_blank\" rel=\"nofollow noopener noreferrer\">https:\/\/romachild.com\/ep-matador\/<\/a><\/div>\n<div class=\"x11i5rnm xat24cr x1mh8g0r x1vvkbs xtlvy1s\">Ratejevo nepobolj\u0161ljivo mlatenje baterije ..\u2019 in \u2018\u010dudovit \u0160tibernikov kitarski solo, ki bi mu laskal, si drznem, tudi Ronnie Wood ..\u2019 \u2018Pivovarji ali tisti, ki prirejajo festivalske in druge dogodke, so svojega aduta dobili na pladnju.\u2019<br \/>\n&#8211; Matja\u017e Ambro\u017ei\u010d<\/div>","protected":false},"excerpt":{"rendered":"<p>&nbsp; Ideja za band se je rodila med pandemijo leta 2020, ko je avtor glasbe Sergej Pobegajlo (Billysi, Gora, C4, Bombe) ustvaril tako reko\u010d \u017ee za celo plo\u0161\u010do glasbenega materiala. Idili\u010dno okolje v bli\u017eini reke (ki je bila navdih tudi za ime) in neomejena koli\u010dina &#8216;prostega&#8217; \u010dasa sta bila pravi recept za nastanek novega projekta. [&hellip;]<\/p>","protected":false},"author":11,"featured_media":58105,"template":"","meta":{"_seopress_robots_primary_cat":"none","_seopress_titles_title":"","_seopress_titles_desc":"","_seopress_robots_index":""},"product_brand":[],"product_cat":[230],"product_tag":[222],"class_list":{"0":"post-57421","1":"product","2":"type-product","3":"status-publish","4":"has-post-thumbnail","6":"product_cat-arhiv","7":"product_tag-predprodaja","9":"entry","10":"has-media","12":"first","13":"instock","14":"virtual","15":"taxable","16":"product-type-simple","17":"has-product-nav","18":"col","19":"span_1_of_4","20":"owp-content-center","21":"item-entry","22":"owp-thumbs-layout-horizontal","23":"owp-btn-normal","24":"owp-tabs-layout-section"},"publishpress_future_action":{"enabled":false,"date":"2026-05-09 22:25:58","action":"change-status","newStatus":"draft","terms":[],"taxonomy":"product_cat","extraData":[]},"publishpress_future_workflow_manual_trigger":{"enabledWorkflows":[]},"_links":{"self":[{"href":"https:\/\/www.orto-bar.com\/en\/wp-json\/wp\/v2\/product\/57421","targetHints":{"allow":["GET"]}}],"collection":[{"href":"https:\/\/www.orto-bar.com\/en\/wp-json\/wp\/v2\/product"}],"about":[{"href":"https:\/\/www.orto-bar.com\/en\/wp-json\/wp\/v2\/types\/product"}],"author":[{"embeddable":true,"href":"https:\/\/www.orto-bar.com\/en\/wp-json\/wp\/v2\/users\/11"}],"version-history":[{"count":0,"href":"https:\/\/www.orto-bar.com\/en\/wp-json\/wp\/v2\/product\/57421\/revisions"}],"wp:featuredmedia":[{"embeddable":true,"href":"https:\/\/www.orto-bar.com\/en\/wp-json\/wp\/v2\/media\/58105"}],"wp:attachment":[{"href":"https:\/\/www.orto-bar.com\/en\/wp-json\/wp\/v2\/media?parent=57421"}],"wp:term":[{"taxonomy":"product_brand","embeddable":true,"href":"https:\/\/www.orto-bar.com\/en\/wp-json\/wp\/v2\/product_brand?post=57421"},{"taxonomy":"product_cat","embeddable":true,"href":"https:\/\/www.orto-bar.com\/en\/wp-json\/wp\/v2\/product_cat?post=57421"},{"taxonomy":"product_tag","embeddable":true,"href":"https:\/\/www.orto-bar.com\/en\/wp-json\/wp\/v2\/product_tag?post=57421"}],"curies":[{"name":"wp","href":"https:\/\/api.w.org\/{rel}","templated":true}]}}