{"id":57425,"date":"2024-01-18T17:23:54","date_gmt":"2024-01-18T16:23:54","guid":{"rendered":"https:\/\/www.orto-bar.com\/?post_type=product&#038;p=57425"},"modified":"2024-04-18T21:42:05","modified_gmt":"2024-04-18T19:42:05","slug":"orto-fest-2024-kiwi-flash-ember","status":"publish","type":"product","link":"https:\/\/www.orto-bar.com\/en\/dogodki\/arhiv\/orto-fest-2024-kiwi-flash-ember\/","title":{"rendered":"Orto Fest 2024 &#8211; Kiwi Flash, Ember"},"content":{"rendered":"<p>&nbsp;<\/p>\n<p>KIWI FLASH 2024<\/p>\n<p>&nbsp;<\/p>\n<p>Kiwi Flash, Ljubljanska skupina \u0161tirih glasbenih navdu\u0161encev se po dvoletnem premoru s prvencem ponovno vra\u010da v Slovenski glasbeni svet. Z izjemo nekaj koncertov so od \u010dasa korone, ki jim je presekala pot poglobili v svoj neizdani material in poskrbeli, da v najbolj\u0161i lu\u010di prodre v svet. V tem \u010dasu so se spoznali s producentom Petrom Penkom, ki je glasbi dodal nov pogled in pomagal pri udejstvovanju tega albuma, da je glasba konkretno \u201czadihala\u201d.<\/p>\n<p>Me\u0161anico dovr\u0161ene glasbe, ki vsebuje elemente vse od rocka, funka, psihadelike in kak\u0161nega te\u017ejega riffa, krasijo spontana, ve\u010dinoma nezahtevna besedila s sme\u0161nim priokusom, ki pa vseeno udejstvujejo globji pomen opevane teme. Ob teh so\u010dnih ritmih se zazibajo vsa telesa v dvorani, neglede na starost ali \u017eanrsko usmerjenost.<\/p>\n<p>Vse se je za\u010delo s preigravanjem glasbe v zakloni\u0161\u010du Draveljske cerkve, kjer so ustvarili svoj prvi hit \u201cDe\u017eela Nela\u201d. Nadaljevalo se je z zmago na Ljubljanski \u0160pil ligi in vseslovenskem koncertiranju, tudi z ve\u010djimi Slovenskimi imeni. Ob za\u010detku leta 2020 in izidu drugega singla \u201cGramofon\u201d pa se je zgodil koronski prelom, ki jim je prekri\u017eal plane \u017ee po drugem koncertu istoimenske turneje, posledi\u010dno do pa so bili dana\u0161njega dne prisiljeni tudi dvakrat zamenjati in na novo zgraditi prostor za vaje. Ne glede na vse, poslu\u0161alcev niso pustili na cedilu, v letu 2022 izdali tretji single \u201cMafija \u2013 Skrivni posli\u201d in pri\u010deli s snemanjem prvenca.<\/p>\n<p>Bend resda ni imel \u201ckondicije\u201d izdajanja glasbe, saj je njihovo povpre\u010dje 0,75 komada \/ leto, vendar z izdajo albuma to povpre\u010dje mo\u010dno obra\u010dajo navzgor.\u00a0 Vse je vodilo do tega trenutka, da se je bend sestavil &#8211; tako mentalno kot tudi glasbeno &#8211; da lahko od tukaj nadaljujejo svojo pot le \u0161e navzgor.<\/p>\n<p>&nbsp;<\/p>\n<p>&nbsp;<\/p>\n<p>EMBER\u00a0 2024<\/p>\n<p>&nbsp;<\/p>\n<p>Opis:<\/p>\n<p>Ember, prasketajo\u010da spojina indie rockenrola treh mu\u0161ketirjev iz ve\u010d znane \u0160entjernejske doline. Neutrudni ritmi Nika, razigrane a ne prene\u017ene nizke frekvence Nejca ter energi\u010dni napevi Davorja so recept za brezskrbne momente \u010distega u\u017eitka. Februarja 2021 so na slovensko glasbeno sceno stopili z debitantsko skladbo Pepel, ki je bila v javnosti odli\u010dno sprejeta. Z njo so po\u017eeli uspeh na radijskih in televizijskih valovih, saj je bil Pepel najve\u010dkrat predvajana skladba na radiu Val 202 v letu 2021. Sledil je izid singlov Sam in Cukr, trenutno pa so v fazi ustvarjanja njihovega prvega albuma.<\/p>\n<p>&nbsp;<\/p>\n<p>Koristne povezave<\/p>\n<p>&nbsp;<\/p>\n<p>EMBER &#8211; Cukr:<\/p>\n<p><a href=\"https:\/\/youtu.be\/49M7i-UH6ZI?si=LGdi-Sdze_P_sog5\">https:\/\/youtu.be\/49M7i-UH6ZI?si=LGdi-Sdze_P_sog5<\/a><\/p>\n<p>&nbsp;<\/p>\n<p>EMBER &#8211; Pepel:<\/p>\n<p><a href=\"https:\/\/youtu.be\/lNfXKReg87Y?si=017O33HN26lbiqwp\">https:\/\/youtu.be\/lNfXKReg87Y?si=017O33HN26lbiqwp<\/a><\/p>\n<p>&nbsp;<\/p>\n<p>EMBER- Sam:<\/p>\n<p><a href=\"https:\/\/www.youtube.com\/watch?v=_82851yT_cI\">https:\/\/www.youtube.com\/watch?v=_82851yT_cI<\/a><\/p>\n<p>&nbsp;<\/p>\n<p>EMBER live concert:<\/p>\n<p><a href=\"https:\/\/www.youtube.com\/watch?v=vQoV085xhAc&amp;t=3628s\">https:\/\/www.youtube.com\/watch?v=vQoV085xhAc&amp;t=3628s<\/a><\/p>\n<p>&nbsp;<\/p>\n<p>Facebook \u2013 EMBER:<\/p>\n<p><a href=\"https:\/\/www.facebook.com\/emberband.official\">https:\/\/www.facebook.com\/emberband.official<\/a><\/p>\n<p>&nbsp;<\/p>\n<p>Instagram \u2013 ember_band:<\/p>\n<p><a href=\"https:\/\/www.instagram.com\/ember_band\/\">https:\/\/www.instagram.com\/ember_band\/<\/a><\/p>\n<p>&nbsp;<\/p>\n<p>Spotify \u2013 EMBER:<\/p>\n<p><a href=\"https:\/\/open.spotify.com\/artist\/49UrWNgCdbwIVD2BFxNiNH?si=78e4m3AMR8StQSxs5en1Wg\">https:\/\/open.spotify.com\/artist\/49UrWNgCdbwIVD2BFxNiNH?si=78e4m3AMR8StQSxs5en1Wg<\/a><\/p>\n<p>&nbsp;<\/p>\n<p><strong>Vstopnice:\u00a0<\/strong><\/p>\n<p>predprodaja : 10\u20ac<\/p>\n<p>Na dan koncerta : 12 \u20ac<\/p>","protected":false},"excerpt":{"rendered":"<p>&nbsp; KIWI FLASH 2024 &nbsp; Kiwi Flash, Ljubljanska skupina \u0161tirih glasbenih navdu\u0161encev se po dvoletnem premoru s prvencem ponovno vra\u010da v Slovenski glasbeni svet. Z izjemo nekaj koncertov so od \u010dasa korone, ki jim je presekala pot poglobili v svoj neizdani material in poskrbeli, da v najbolj\u0161i lu\u010di prodre v svet. V tem \u010dasu so [&hellip;]<\/p>","protected":false},"author":11,"featured_media":57426,"template":"","meta":{"_seopress_robots_primary_cat":"none","_seopress_titles_title":"","_seopress_titles_desc":"","_seopress_robots_index":""},"product_brand":[],"product_cat":[230],"product_tag":[222],"class_list":{"0":"post-57425","1":"product","2":"type-product","3":"status-publish","4":"has-post-thumbnail","6":"product_cat-arhiv","7":"product_tag-predprodaja","9":"entry","10":"has-media","12":"first","13":"instock","14":"virtual","15":"taxable","16":"product-type-simple","17":"has-product-nav","18":"col","19":"span_1_of_4","20":"owp-content-center","21":"item-entry","22":"owp-thumbs-layout-horizontal","23":"owp-btn-normal","24":"owp-tabs-layout-section"},"publishpress_future_action":{"enabled":false,"date":"2026-05-09 21:28:43","action":"change-status","newStatus":"draft","terms":[],"taxonomy":"product_cat","extraData":[]},"publishpress_future_workflow_manual_trigger":{"enabledWorkflows":[]},"_links":{"self":[{"href":"https:\/\/www.orto-bar.com\/en\/wp-json\/wp\/v2\/product\/57425","targetHints":{"allow":["GET"]}}],"collection":[{"href":"https:\/\/www.orto-bar.com\/en\/wp-json\/wp\/v2\/product"}],"about":[{"href":"https:\/\/www.orto-bar.com\/en\/wp-json\/wp\/v2\/types\/product"}],"author":[{"embeddable":true,"href":"https:\/\/www.orto-bar.com\/en\/wp-json\/wp\/v2\/users\/11"}],"version-history":[{"count":0,"href":"https:\/\/www.orto-bar.com\/en\/wp-json\/wp\/v2\/product\/57425\/revisions"}],"wp:featuredmedia":[{"embeddable":true,"href":"https:\/\/www.orto-bar.com\/en\/wp-json\/wp\/v2\/media\/57426"}],"wp:attachment":[{"href":"https:\/\/www.orto-bar.com\/en\/wp-json\/wp\/v2\/media?parent=57425"}],"wp:term":[{"taxonomy":"product_brand","embeddable":true,"href":"https:\/\/www.orto-bar.com\/en\/wp-json\/wp\/v2\/product_brand?post=57425"},{"taxonomy":"product_cat","embeddable":true,"href":"https:\/\/www.orto-bar.com\/en\/wp-json\/wp\/v2\/product_cat?post=57425"},{"taxonomy":"product_tag","embeddable":true,"href":"https:\/\/www.orto-bar.com\/en\/wp-json\/wp\/v2\/product_tag?post=57425"}],"curies":[{"name":"wp","href":"https:\/\/api.w.org\/{rel}","templated":true}]}}