{"id":57428,"date":"2024-01-18T17:33:57","date_gmt":"2024-01-18T16:33:57","guid":{"rendered":"https:\/\/www.orto-bar.com\/?post_type=product&#038;p=57428"},"modified":"2024-04-10T19:41:21","modified_gmt":"2024-04-10T17:41:21","slug":"orto-fest-2024-xskull8le-serpentine","status":"publish","type":"product","link":"https:\/\/www.orto-bar.com\/en\/dogodki\/arhiv\/orto-fest-2024-xskull8le-serpentine\/","title":{"rendered":"Orto Fest 2024 &#8211; XSKULL8,Le Serpentine"},"content":{"rendered":"<p>XSKULL8 &#8211; skupina, ki se na Billboardovih lestvicah s svojo glasbo postavlja ob bok najve\u010djim \u017eivinam te\u017eko-kategornega rocka&#8230; Kako bi jih stilsko mestili? Gibljejo se\u00a0 med rock in metal stili. Je pa gotovo, da bo vsak ljubitelj tr\u0161ih riffov in udarnih ritmov v njihovem nastopu na\u0161el nekaj zase.<\/p>\n<p><a href=\"https:\/\/xskull8.com\/links\/\">https:\/\/xskull8.com\/links\/<\/a><\/p>\n<p>&nbsp;<\/p>\n<p>Novi val slovenske alternative oziroma kraj\u0161e &#8211; Le Serpentine. Krajnski rock band, ki me\u0161a primesi alternative 80-ih, indie rocka, dream popa in post punka. Vse to v slovenskem jeziku. Za skupino je \u017ee kar nekaj uspe\u0161nih koncertov na velikih in malih odrih po vsej Sloveniji. Septembra 2015 so izdali svoj prvenec &#8221;Ujemi val&#8221;. V letu 2018 in 2019 so \u2018\u2019Le naprej\u2019\u2019, \u2018\u2019\u010crnobel\u2019\u2019, \u2018\u2019Zadeta od interneta\u2019\u2019 ter \u2018\u2019Vrtiljak\u2019&#8217; postale popevke tedna na Val202 in s tem zelo barvito napovedale drugi album \u2018\u2019Pobarvanka\u2019\u2019, ki je iz\u0161el oktobra 2019. Istega leta jih je v jutranji oddaji na Val 202 gostil Andrej Karoli. Februarja 2020 je sledilo iz\u0161tekavanje pri Juretu Longyki v oddaji Iz\u0161tekani na Val 202. S pesmijo \u201cOstani\u201d so se leta 2022 po kratkem premoru znova pojavili na radijskih valovih in s tem napovedali svoj nastop na predizboru za pesem Evrovizije na EMI 2022, kjer so se predstavili s pesmijo \u201cTud teb se lahk zgodi\u201d. Pesem \u201cUjemi val\u201d iz njihovega prvenca, se trenutno vrti v mednarodno nagrajenem celove\u010dernem dokumentarnem filmu &#8220;Ena Za Reko: Zgodba Save\u201d.<\/p>\n<p>\u010clani:<br \/>\nGrga Joki\u0107 &#8211; bass kitara<br \/>\nAn\u017ee Kern &#8211; bobni<br \/>\nTja\u0161a Terop\u0161i\u010d Aha\u010di\u010d &#8211; vokal<br \/>\n\u017diga Joki\u0107 &#8211; kitara \/ vokal<br \/>\nMatej Nagli\u010d &#8211; klaviature \/ harmonika<\/p>\n<p>&nbsp;<\/p>\n<p><a href=\"https:\/\/leserpentine.bandcamp.com\/music\">https:\/\/leserpentine.bandcamp.com\/music<\/a><\/p>\n<p><a href=\"https:\/\/www.facebook.com\/serpentineband\/\">https:\/\/www.facebook.com\/serpentineband\/<\/a><\/p>\n<p>&nbsp;<\/p>\n<p><a href=\"https:\/\/www.youtube.com\/watch?v=iNRnsZ_dBgk\">https:\/\/www.youtube.com\/watch?v=iNRnsZ_dBgk<\/a><\/p>\n<p><a href=\"https:\/\/www.youtube.com\/watch?v=cQxMc9ha7i4\">https:\/\/www.youtube.com\/watch?v=cQxMc9ha7i4<\/a><\/p>\n<p><a href=\"https:\/\/www.youtube.com\/watch?v=Uu374YJYszA\">https:\/\/www.youtube.com\/watch?v=Uu374YJYszA<\/a><\/p>","protected":false},"excerpt":{"rendered":"<p>XSKULL8 &#8211; skupina, ki se na Billboardovih lestvicah s svojo glasbo postavlja ob bok najve\u010djim \u017eivinam te\u017eko-kategornega rocka&#8230; Kako bi jih stilsko mestili? Gibljejo se\u00a0 med rock in metal stili. Je pa gotovo, da bo vsak ljubitelj tr\u0161ih riffov in udarnih ritmov v njihovem nastopu na\u0161el nekaj zase. https:\/\/xskull8.com\/links\/ &nbsp; Novi val slovenske alternative oziroma [&hellip;]<\/p>","protected":false},"author":11,"featured_media":57429,"template":"","meta":{"_seopress_robots_primary_cat":"none","_seopress_titles_title":"","_seopress_titles_desc":"","_seopress_robots_index":""},"product_brand":[],"product_cat":[230],"product_tag":[222],"class_list":{"0":"post-57428","1":"product","2":"type-product","3":"status-publish","4":"has-post-thumbnail","6":"product_cat-arhiv","7":"product_tag-predprodaja","9":"entry","10":"has-media","12":"first","13":"instock","14":"virtual","15":"taxable","16":"product-type-simple","17":"has-product-nav","18":"col","19":"span_1_of_4","20":"owp-content-center","21":"item-entry","22":"owp-thumbs-layout-horizontal","23":"owp-btn-normal","24":"owp-tabs-layout-section"},"publishpress_future_action":{"enabled":false,"date":"2026-05-09 21:28:44","action":"change-status","newStatus":"draft","terms":[],"taxonomy":"product_cat","extraData":[]},"publishpress_future_workflow_manual_trigger":{"enabledWorkflows":[]},"_links":{"self":[{"href":"https:\/\/www.orto-bar.com\/en\/wp-json\/wp\/v2\/product\/57428","targetHints":{"allow":["GET"]}}],"collection":[{"href":"https:\/\/www.orto-bar.com\/en\/wp-json\/wp\/v2\/product"}],"about":[{"href":"https:\/\/www.orto-bar.com\/en\/wp-json\/wp\/v2\/types\/product"}],"author":[{"embeddable":true,"href":"https:\/\/www.orto-bar.com\/en\/wp-json\/wp\/v2\/users\/11"}],"version-history":[{"count":0,"href":"https:\/\/www.orto-bar.com\/en\/wp-json\/wp\/v2\/product\/57428\/revisions"}],"wp:featuredmedia":[{"embeddable":true,"href":"https:\/\/www.orto-bar.com\/en\/wp-json\/wp\/v2\/media\/57429"}],"wp:attachment":[{"href":"https:\/\/www.orto-bar.com\/en\/wp-json\/wp\/v2\/media?parent=57428"}],"wp:term":[{"taxonomy":"product_brand","embeddable":true,"href":"https:\/\/www.orto-bar.com\/en\/wp-json\/wp\/v2\/product_brand?post=57428"},{"taxonomy":"product_cat","embeddable":true,"href":"https:\/\/www.orto-bar.com\/en\/wp-json\/wp\/v2\/product_cat?post=57428"},{"taxonomy":"product_tag","embeddable":true,"href":"https:\/\/www.orto-bar.com\/en\/wp-json\/wp\/v2\/product_tag?post=57428"}],"curies":[{"name":"wp","href":"https:\/\/api.w.org\/{rel}","templated":true}]}}