{"id":57435,"date":"2024-01-18T17:50:32","date_gmt":"2024-01-18T16:50:32","guid":{"rendered":"https:\/\/www.orto-bar.com\/?post_type=product&#038;p=57435"},"modified":"2024-04-03T19:59:12","modified_gmt":"2024-04-03T17:59:12","slug":"orto-fest-2024-plateaumajmunska-posla","status":"publish","type":"product","link":"https:\/\/www.orto-bar.com\/en\/dogodki\/arhiv\/orto-fest-2024-plateaumajmunska-posla\/","title":{"rendered":"Orto Fest 2024 &#8211; Plateau,Majmunska Posla"},"content":{"rendered":"<p><strong>Plateau:<\/strong><\/p>\n<p>Novome\u0161ki \u010detvorec \u017ee peto leto zapored navdu\u0161uje s svojim kvalitetnim avtorskim opusom in energi\u010dnim odrskim nastopom. Zajadrajte v Plateau vesolje in se okopajte v njihovi mitologiji, prha vam bo dobro dela, plesali in peli boste lahko tudi.<\/p>\n<p><strong>Majmunska posla:<\/strong><\/p>\n<p>Majmunska Posla so rahlo poseben bend z rahlo posebnim smislom za humor. Njihov koncert je New New Wave Wave spektakel, ki poskrbi za potrebe vseh pop-folk-etno-pop-core-post-punk navdu\u0161encev. Skozi glasbo in nastop sam ponovno izumljajo koncept igre in svobode, ki izhajata iz naivne radovednosti ter svojevrstne me\u0161anice Balkana in Mittel Europe. Majmunska Posla so \u0161tirje fantje, raznoliki na pogled, a z enakim ciljem v srcu: da se ga d\u017euska. Kaj bi slepomi\u0161ili, pridite v \u017eivo poslu\u0161at.<\/p>\n<p>Vstopnice :<\/p>\n<p>early bird : 8 \u20ac<\/p>\n<p>Predprodajna cena : 10 \u20ac<\/p>\n<p>Zadnje vstopnice : 12 \u20ac<\/p>","protected":false},"excerpt":{"rendered":"<p>Plateau: Novome\u0161ki \u010detvorec \u017ee peto leto zapored navdu\u0161uje s svojim kvalitetnim avtorskim opusom in energi\u010dnim odrskim nastopom. Zajadrajte v Plateau vesolje in se okopajte v njihovi mitologiji, prha vam bo dobro dela, plesali in peli boste lahko tudi. Majmunska posla: Majmunska Posla so rahlo poseben bend z rahlo posebnim smislom za humor. Njihov koncert je [&hellip;]<\/p>","protected":false},"author":11,"featured_media":57436,"template":"","meta":{"_seopress_robots_primary_cat":"none","_seopress_titles_title":"","_seopress_titles_desc":"","_seopress_robots_index":""},"product_brand":[],"product_cat":[230],"product_tag":[222],"class_list":{"0":"post-57435","1":"product","2":"type-product","3":"status-publish","4":"has-post-thumbnail","6":"product_cat-arhiv","7":"product_tag-predprodaja","9":"entry","10":"has-media","12":"first","13":"instock","14":"virtual","15":"taxable","16":"product-type-simple","17":"has-product-nav","18":"col","19":"span_1_of_4","20":"owp-content-center","21":"item-entry","22":"owp-thumbs-layout-horizontal","23":"owp-btn-normal","24":"owp-tabs-layout-section","25":"has-no-thumbnails"},"publishpress_future_action":{"enabled":false,"date":"2026-05-09 20:02:26","action":"change-status","newStatus":"draft","terms":[],"taxonomy":"product_cat","extraData":[]},"publishpress_future_workflow_manual_trigger":{"enabledWorkflows":[]},"_links":{"self":[{"href":"https:\/\/www.orto-bar.com\/en\/wp-json\/wp\/v2\/product\/57435","targetHints":{"allow":["GET"]}}],"collection":[{"href":"https:\/\/www.orto-bar.com\/en\/wp-json\/wp\/v2\/product"}],"about":[{"href":"https:\/\/www.orto-bar.com\/en\/wp-json\/wp\/v2\/types\/product"}],"author":[{"embeddable":true,"href":"https:\/\/www.orto-bar.com\/en\/wp-json\/wp\/v2\/users\/11"}],"version-history":[{"count":0,"href":"https:\/\/www.orto-bar.com\/en\/wp-json\/wp\/v2\/product\/57435\/revisions"}],"wp:featuredmedia":[{"embeddable":true,"href":"https:\/\/www.orto-bar.com\/en\/wp-json\/wp\/v2\/media\/57436"}],"wp:attachment":[{"href":"https:\/\/www.orto-bar.com\/en\/wp-json\/wp\/v2\/media?parent=57435"}],"wp:term":[{"taxonomy":"product_brand","embeddable":true,"href":"https:\/\/www.orto-bar.com\/en\/wp-json\/wp\/v2\/product_brand?post=57435"},{"taxonomy":"product_cat","embeddable":true,"href":"https:\/\/www.orto-bar.com\/en\/wp-json\/wp\/v2\/product_cat?post=57435"},{"taxonomy":"product_tag","embeddable":true,"href":"https:\/\/www.orto-bar.com\/en\/wp-json\/wp\/v2\/product_tag?post=57435"}],"curies":[{"name":"wp","href":"https:\/\/api.w.org\/{rel}","templated":true}]}}