{"id":57483,"date":"2024-01-18T21:05:55","date_gmt":"2024-01-18T20:05:55","guid":{"rendered":"https:\/\/www.orto-bar.com\/?post_type=product&#038;p=57483"},"modified":"2024-04-19T20:23:56","modified_gmt":"2024-04-19T18:23:56","slug":"orto-fest-2024-lumberjack-before-time","status":"publish","type":"product","link":"https:\/\/www.orto-bar.com\/en\/dogodki\/arhiv\/orto-fest-2024-lumberjack-before-time\/","title":{"rendered":"Orto Fest 2024 &#8211; Lumberjack, Before Time"},"content":{"rendered":"<p>&nbsp;<\/p>\n<p>Lumberjack smo rock skupina \u0161tirih fantov, ki poosebljamo rokenrol. Na\u0161i spevni refreni in mladostna energija sodijo na oder, kjer smo doma. V letu 2018 smo se pridru\u017eili glasbenikom pod okriljem zalo\u017ebe Nika, predstavili svoj prvi EP in nato \u0161e debitantski album Brez Nadzora Brez Morale v razprodanem CSK France Pre\u0161eren. V letu 2023 pa smo s ponosom v polnem Kino \u0160i\u0161ka predstavili na\u0161 novi album Dejt. Ne samo na terenu, prosotni smo tudi na radijskih postajah, kjer ste zagotovo sli\u0161ali pesmi Kralj, \u010cist vse, Eden tistih, Nisem isti.<\/p>\n<p>&nbsp;<\/p>\n<p><strong>Lumberjack<\/strong>: Jaka Novak (bas), Rok Aha\u010dev\u010di\u010d (vokal, kitara), Bla\u017e Gr\u00fcnfeld (kitara), Bla\u017e Kuster (bobni)<\/p>\n<p>&nbsp;<\/p>\n<p><strong>Before Time <\/strong><\/p>\n<p>je kamni\u0161ka indie rock\/pop zasedba, ki se posku\u0161a izogibati<br \/>\nsmernicam in ustvarjati predvsem produkte njihovih internih ob\u010dutji in kot<br \/>\ntudi preslikav iz okolice. Lovljenje sve\u017eega novega urbanega zvoka je<br \/>\nnjihov glavni cilj, kon\u010dni zvarek pa zveni kot smiselno nadaljevanje<br \/>\nnovega vala slovenskega indieja. Glasba je poslu\u0161ljiva, a posku\u0161a<br \/>\nodstopati od novodobne pop norme in muh enodnevnic. Vrhunec<br \/>\nnjihovega ustvarjanja pa predstavlja novoizdani album OMNI.<br \/>\nO ALBUMU:<br \/>\nNajnovej\u0161i izdelek \u201cOMNI\u201d je odraz triletnega ustvarjanja in razvijanja idej<br \/>\nter novega zvoka. Album je sestavljen iz enajstih komadov, vsak izmed<br \/>\nteh pripoveduje svojo zgodbo, vse pa povezuje stilski zvok benda. Indie<br \/>\npop zvok predstavlja glavni element albuma z melanholi\u010dnimi utopljivijmi<br \/>\nkitarami, ekspresivnim vokalom in zasanjanim zvokom. Izklju\u010deni pa niso<br \/>\nvplivi \u017eanrov, kot so funk, psihadeli\u010den rock in punk, z energi\u010dnimi ritmi in<br \/>\nmladostno energijo. Besedila so rezultat posameznih \u010dustvenih stanj,<br \/>\nizra\u017eenih tako v sloven\u0161\u010dini, kot angle\u0161\u010dini.<\/p>\n<p>&nbsp;<\/p>","protected":false},"excerpt":{"rendered":"<p>&nbsp; Lumberjack smo rock skupina \u0161tirih fantov, ki poosebljamo rokenrol. Na\u0161i spevni refreni in mladostna energija sodijo na oder, kjer smo doma. V letu 2018 smo se pridru\u017eili glasbenikom pod okriljem zalo\u017ebe Nika, predstavili svoj prvi EP in nato \u0161e debitantski album Brez Nadzora Brez Morale v razprodanem CSK France Pre\u0161eren. V letu 2023 pa [&hellip;]<\/p>","protected":false},"author":11,"featured_media":57493,"template":"","meta":{"_seopress_robots_primary_cat":"none","_seopress_titles_title":"","_seopress_titles_desc":"","_seopress_robots_index":""},"product_brand":[],"product_cat":[230],"product_tag":[222],"class_list":{"0":"post-57483","1":"product","2":"type-product","3":"status-publish","4":"has-post-thumbnail","6":"product_cat-arhiv","7":"product_tag-predprodaja","9":"entry","10":"has-media","12":"first","13":"instock","14":"virtual","15":"taxable","16":"product-type-simple","17":"has-product-nav","18":"col","19":"span_1_of_4","20":"owp-content-center","21":"item-entry","22":"owp-thumbs-layout-horizontal","23":"owp-btn-normal","24":"owp-tabs-layout-section"},"publishpress_future_action":{"enabled":false,"date":"2026-05-09 22:26:43","action":"change-status","newStatus":"draft","terms":[],"taxonomy":"product_cat","extraData":[]},"publishpress_future_workflow_manual_trigger":{"enabledWorkflows":[]},"_links":{"self":[{"href":"https:\/\/www.orto-bar.com\/en\/wp-json\/wp\/v2\/product\/57483","targetHints":{"allow":["GET"]}}],"collection":[{"href":"https:\/\/www.orto-bar.com\/en\/wp-json\/wp\/v2\/product"}],"about":[{"href":"https:\/\/www.orto-bar.com\/en\/wp-json\/wp\/v2\/types\/product"}],"author":[{"embeddable":true,"href":"https:\/\/www.orto-bar.com\/en\/wp-json\/wp\/v2\/users\/11"}],"version-history":[{"count":0,"href":"https:\/\/www.orto-bar.com\/en\/wp-json\/wp\/v2\/product\/57483\/revisions"}],"wp:featuredmedia":[{"embeddable":true,"href":"https:\/\/www.orto-bar.com\/en\/wp-json\/wp\/v2\/media\/57493"}],"wp:attachment":[{"href":"https:\/\/www.orto-bar.com\/en\/wp-json\/wp\/v2\/media?parent=57483"}],"wp:term":[{"taxonomy":"product_brand","embeddable":true,"href":"https:\/\/www.orto-bar.com\/en\/wp-json\/wp\/v2\/product_brand?post=57483"},{"taxonomy":"product_cat","embeddable":true,"href":"https:\/\/www.orto-bar.com\/en\/wp-json\/wp\/v2\/product_cat?post=57483"},{"taxonomy":"product_tag","embeddable":true,"href":"https:\/\/www.orto-bar.com\/en\/wp-json\/wp\/v2\/product_tag?post=57483"}],"curies":[{"name":"wp","href":"https:\/\/api.w.org\/{rel}","templated":true}]}}