{"id":57499,"date":"2024-01-18T21:27:35","date_gmt":"2024-01-18T20:27:35","guid":{"rendered":"https:\/\/www.orto-bar.com\/?post_type=product&#038;p=57499"},"modified":"2024-05-23T00:00:18","modified_gmt":"2024-05-22T22:00:18","slug":"orto-fest-2024-elvis-jackson","status":"publish","type":"product","link":"https:\/\/www.orto-bar.com\/en\/dogodki\/arhiv\/orto-fest-2024-elvis-jackson\/","title":{"rendered":"Orto Fest 2024 &#8211; Elvis Jackson"},"content":{"rendered":"<p><strong>Elvis Jackson<\/strong>\u00a0je slovenska glasbena skupina, ki je svoj lasten izraz skozi desetletje razvijala ob spremljavi ska, punk, hard core, reggae in metal vplivov. Zdru\u017eili so se konec leta 1997 in svoj prvi nastop izvedli na pustno soboto 1998, od prvega dne dalje pa veljajo za bend, ki slovi po nepozabnih, s pozitivno energijo nabitih nastopih. In prav zato so bili s strani novinarjev ve\u010dkrat progla\u0161eni kot najbolj\u0161i koncertni rock bend v Sloveniji!<\/p>\n<p>Leta 1999 so Elvis Jackson izdali svoj prvi album\u00a0<strong>Move Your feet it\u2019s one O\u2019clock<\/strong>. Temu sta sledila \u0161e albuma\u00a0<strong>Go Home and Practice<\/strong>\u00a0(2000) ter\u00a0<strong>Summer Edition<\/strong>\u00a0(2003), ki je iz\u0161el tako reko\u010d v vseh evropskih dr\u017eavah in celo na Japonskem, skupina pa je ob izidu uspe\u0161no nastopila na najve\u010djih festivalih in \u0161tevilnih klubih po Evropi. 6 let kasneje je nastal\u00a0<strong>Against The Gravity<\/strong>\u00a0(2009). \u010cetrti album zasedbe je izjemen izkupi\u010dek sodelovanja s producentom Billom Gouldom (ex-Faith No More), mastering pa je delo priznanega Johna Cunibertija iz ZDA. Album je v Nem\u010diji iz\u0161el pri zalo\u017ebi Anstreet Rec in se zna\u0161el na prodajnih policah po vsej Evropi, kar so pri Elvis Jackson podkrepili tudi s turnejo po vzhodni in zahodni Evropi, dvakrat v letu 2012 pa so nastopili tudi na turneji po Veliki Britaniji. Elvis Jackson so v svoji bogati karieri nastopili s \u0161tevilnimi tujimi priznani skupinami med katerimi je potrebno omeniti Faith No More, Sepultura, Anthrax, Fishbone, Toasters, Looking Up, Burning Heads, Murphy&#8217;s Law, Vice Squad, Subhumans, Edna&#8217;s Gold\ufb01sh, The O\ufb00spring, Asian Dub Foundation, Vandals, D.O.A., Gold\ufb01nger, Citizen Fish, Propagandhi, Ska P, NoFx, Mad Caddies, Dog Eat Dod in se predstavili na najve\u010djih festivalih kot so Exit, Sziget, Rototom sunsplash, Devilside, Serengeti, Burgas, Rock for people, T-mobile &#8230;<\/p>\n<p>Spomladi leta 2014 so izdali poseben EP album\u00a0<strong>Window<\/strong>, ki je predstavil tudi aktualni uspe\u0161nici \u00bbWindow\u00ab ter \u00bbI Believe in.\u00ab Na zadnjem, te\u017eko pri\u010dakovanem petem albumu\u00a0<strong>Radio Unfriendly<\/strong>\u00a0(2014), je zasedba postregla z dominantno vsebino punk rocka, polno posko\u010dnih in hitrih ritmov, metalskih riffov ter hard core agresije, kar so povezali v dinami\u010dno celoto nalezljive melodije in spro\u0161\u010dene energije, skupne vsem izdelkom Elvis Jackson. Pod kon\u010dni izdelek sta se med drugimi tokrat podpisala tudi nem\u0161ki priznani producent Arne Neurand (Guano Apes, Subway to Sally,..) in doma\u010da legenda Janez Kri\u017eaj, ki je poskrbel za mastering.<\/p>\n<p>Po \u0161tevilnih koncertnih odrih so leta 2018 napovedali posebno praznovanje 20 let svoje kariere \u2013 unplugged projekt, s katerim se bodo v spremstvu brass sekcije in tudi elektri\u010dnega \u017eaganja predstavili 28. novembra v ljubljanski Cvetli\u010darni. Ob enem so sprejeli izziv dolgoletnega dogovarjanja z Valom 202 in kon\u010dno napovedali svoj prihod na oder Iz\u0161tekanih.<\/p>\n<p>Elvis Jackson so mnogi kritiki ozna\u010dili kot skupino, ki vas bo s svojo neposrednostjo, energijo, tehni\u010dno dovr\u0161enostjo in simpati\u010dnostjo prevzela v trenutku. V doma\u010dem in \u0161ir\u0161em okolju izstopajo iz klasi\u010dnih\u00a0 oziroma ustaljenih okvirov, nastopajo na najve\u010djih koncertnih odrih, za svoje delovanje pa so bili v Sloveniji \u017ee ve\u010dkrat nagrajeni.<\/p>","protected":false},"excerpt":{"rendered":"<p>Elvis Jackson\u00a0je slovenska glasbena skupina, ki je svoj lasten izraz skozi desetletje razvijala ob spremljavi ska, punk, hard core, reggae in metal vplivov. Zdru\u017eili so se konec leta 1997 in svoj prvi nastop izvedli na pustno soboto 1998, od prvega dne dalje pa veljajo za bend, ki slovi po nepozabnih, s pozitivno energijo nabitih nastopih. [&hellip;]<\/p>","protected":false},"author":11,"featured_media":58102,"template":"","meta":{"_seopress_robots_primary_cat":"none","_seopress_titles_title":"","_seopress_titles_desc":"","_seopress_robots_index":""},"product_brand":[],"product_cat":[230],"product_tag":[222],"class_list":{"0":"post-57499","1":"product","2":"type-product","3":"status-publish","4":"has-post-thumbnail","6":"product_cat-arhiv","7":"product_tag-predprodaja","9":"entry","10":"has-media","12":"first","13":"instock","14":"virtual","15":"taxable","16":"product-type-simple","17":"has-product-nav","18":"col","19":"span_1_of_4","20":"owp-content-center","21":"item-entry","22":"owp-thumbs-layout-horizontal","23":"owp-btn-normal","24":"owp-tabs-layout-section","25":"has-no-thumbnails"},"publishpress_future_action":{"enabled":false,"date":"2026-05-09 19:59:09","action":"change-status","newStatus":"draft","terms":[],"taxonomy":"product_cat","extraData":[]},"publishpress_future_workflow_manual_trigger":{"enabledWorkflows":[]},"_links":{"self":[{"href":"https:\/\/www.orto-bar.com\/en\/wp-json\/wp\/v2\/product\/57499","targetHints":{"allow":["GET"]}}],"collection":[{"href":"https:\/\/www.orto-bar.com\/en\/wp-json\/wp\/v2\/product"}],"about":[{"href":"https:\/\/www.orto-bar.com\/en\/wp-json\/wp\/v2\/types\/product"}],"author":[{"embeddable":true,"href":"https:\/\/www.orto-bar.com\/en\/wp-json\/wp\/v2\/users\/11"}],"version-history":[{"count":0,"href":"https:\/\/www.orto-bar.com\/en\/wp-json\/wp\/v2\/product\/57499\/revisions"}],"wp:featuredmedia":[{"embeddable":true,"href":"https:\/\/www.orto-bar.com\/en\/wp-json\/wp\/v2\/media\/58102"}],"wp:attachment":[{"href":"https:\/\/www.orto-bar.com\/en\/wp-json\/wp\/v2\/media?parent=57499"}],"wp:term":[{"taxonomy":"product_brand","embeddable":true,"href":"https:\/\/www.orto-bar.com\/en\/wp-json\/wp\/v2\/product_brand?post=57499"},{"taxonomy":"product_cat","embeddable":true,"href":"https:\/\/www.orto-bar.com\/en\/wp-json\/wp\/v2\/product_cat?post=57499"},{"taxonomy":"product_tag","embeddable":true,"href":"https:\/\/www.orto-bar.com\/en\/wp-json\/wp\/v2\/product_tag?post=57499"}],"curies":[{"name":"wp","href":"https:\/\/api.w.org\/{rel}","templated":true}]}}