{"id":57501,"date":"2024-01-18T21:39:32","date_gmt":"2024-01-18T20:39:32","guid":{"rendered":"https:\/\/www.orto-bar.com\/?post_type=product&#038;p=57501"},"modified":"2024-05-23T00:00:18","modified_gmt":"2024-05-22T22:00:18","slug":"orto-fest-2024-slon-in-sadez","status":"publish","type":"product","link":"https:\/\/www.orto-bar.com\/en\/dogodki\/arhiv\/orto-fest-2024-slon-in-sadez\/","title":{"rendered":"Orto Fest 2024 -Slon in Sade\u017e"},"content":{"rendered":"<p>&nbsp;<\/p>\n<p>SLON IN SADE\u017d ORTO BEND<\/p>\n<p>Slon in Sade\u017e glasbeni kolektiv vabi na ve\u010der srce-parajo\u010dih superhitov in uho-parajo\u010dih glasbenih aran\u017emajev, ki se bo odvil v centralnem rokenrol uradu OrtoBara. Cenjeni obiskovalci lahko pri\u010dakujejo raznovrstne muzikalno-cirku\u0161ke atrakcije, kot so Bradati de\u010dek, Po\u017eiralec mikrofona, mini slon, dvoprstno igranje kitare in enoprstno komuniciranje med \u010dlani benda &#8211; vse skupaj ob spremljavi neznosno avtorske glasbe s simpati\u010dnim humornim pridihom.<\/p>\n<p>&nbsp;<\/p>","protected":false},"excerpt":{"rendered":"<p>&nbsp; SLON IN SADE\u017d ORTO BEND Slon in Sade\u017e glasbeni kolektiv vabi na ve\u010der srce-parajo\u010dih superhitov in uho-parajo\u010dih glasbenih aran\u017emajev, ki se bo odvil v centralnem rokenrol uradu OrtoBara. Cenjeni obiskovalci lahko pri\u010dakujejo raznovrstne muzikalno-cirku\u0161ke atrakcije, kot so Bradati de\u010dek, Po\u017eiralec mikrofona, mini slon, dvoprstno igranje kitare in enoprstno komuniciranje med \u010dlani benda &#8211; vse [&hellip;]<\/p>","protected":false},"author":11,"featured_media":59264,"template":"","meta":{"_seopress_robots_primary_cat":"none","_seopress_titles_title":"","_seopress_titles_desc":"","_seopress_robots_index":""},"product_brand":[],"product_cat":[230],"product_tag":[222],"class_list":{"0":"post-57501","1":"product","2":"type-product","3":"status-publish","4":"has-post-thumbnail","6":"product_cat-arhiv","7":"product_tag-predprodaja","9":"entry","10":"has-media","12":"first","13":"outofstock","14":"virtual","15":"taxable","16":"product-type-simple","17":"has-product-nav","18":"col","19":"span_1_of_4","20":"owp-content-center","21":"item-entry","22":"owp-thumbs-layout-horizontal","23":"owp-btn-normal","24":"owp-tabs-layout-section","25":"has-no-thumbnails"},"publishpress_future_action":{"enabled":false,"date":"2026-05-09 19:58:39","action":"change-status","newStatus":"draft","terms":[],"taxonomy":"product_cat","extraData":[]},"publishpress_future_workflow_manual_trigger":{"enabledWorkflows":[]},"_links":{"self":[{"href":"https:\/\/www.orto-bar.com\/en\/wp-json\/wp\/v2\/product\/57501","targetHints":{"allow":["GET"]}}],"collection":[{"href":"https:\/\/www.orto-bar.com\/en\/wp-json\/wp\/v2\/product"}],"about":[{"href":"https:\/\/www.orto-bar.com\/en\/wp-json\/wp\/v2\/types\/product"}],"author":[{"embeddable":true,"href":"https:\/\/www.orto-bar.com\/en\/wp-json\/wp\/v2\/users\/11"}],"version-history":[{"count":0,"href":"https:\/\/www.orto-bar.com\/en\/wp-json\/wp\/v2\/product\/57501\/revisions"}],"wp:featuredmedia":[{"embeddable":true,"href":"https:\/\/www.orto-bar.com\/en\/wp-json\/wp\/v2\/media\/59264"}],"wp:attachment":[{"href":"https:\/\/www.orto-bar.com\/en\/wp-json\/wp\/v2\/media?parent=57501"}],"wp:term":[{"taxonomy":"product_brand","embeddable":true,"href":"https:\/\/www.orto-bar.com\/en\/wp-json\/wp\/v2\/product_brand?post=57501"},{"taxonomy":"product_cat","embeddable":true,"href":"https:\/\/www.orto-bar.com\/en\/wp-json\/wp\/v2\/product_cat?post=57501"},{"taxonomy":"product_tag","embeddable":true,"href":"https:\/\/www.orto-bar.com\/en\/wp-json\/wp\/v2\/product_tag?post=57501"}],"curies":[{"name":"wp","href":"https:\/\/api.w.org\/{rel}","templated":true}]}}