{"id":57514,"date":"2024-01-18T22:13:05","date_gmt":"2024-01-18T21:13:05","guid":{"rendered":"https:\/\/www.orto-bar.com\/?post_type=product&#038;p=57514"},"modified":"2024-05-23T00:00:19","modified_gmt":"2024-05-22T22:00:19","slug":"orto-fest-2024-goran-bare-majke","status":"publish","type":"product","link":"https:\/\/www.orto-bar.com\/en\/dogodki\/arhiv\/orto-fest-2024-goran-bare-majke\/","title":{"rendered":"Orto Fest 2024- Goran Bare in Majke"},"content":{"rendered":"<p>Le nekaj mesecev po razprodani zagreb\u0161ki areni, v Orto Bar vra\u010da Goran Bare &amp; Majke!<\/p>\n<p>Bare je za mnoge eden najve\u010djih umetnikov vseh \u010dasov, kultni glasbenik, ki ima za seboj \u017ee ve\u010d kot tri desetletja ustvarjanja. V njemu ne pojenja \u017ear rock&#8217;n\u2019rolla in obeta se nepozaben koncert. Bare i Majke so v letu 2023 po \u0161tevilu prodanih vstopnic na Hrva\u0161kem pristali na petem mestu. Goran Bare &amp; Majke imajo za seboj bogato glasbeno kariero, izdali so \u017ee 7 studijskih albumov, pravijo pa, da bo \u0161e letos izdan tudi novi 8. studijski album.<\/p>\n<p>Na koncertu bodo odigrali zdaj \u017ee kultne uspe\u0161nice kot so: Pozovi me u no\u0107, Te\u0161ke boje, Divlji cvijet, \u017divot kao rijeka, Put ka sre\u0107i in \u0161e mnoge druge!<\/p>\n<p><strong>Vstopnice na voljo po predprodajni ceni 25 \u20ac\u00a0\u00a0 in 28\u20ac na dan koncerta.<\/strong><\/p>\n<p><strong>Pohitite \u0161tevilo vstopnic je omejeno!<\/strong><\/p>\n<p>&nbsp;<\/p>","protected":false},"excerpt":{"rendered":"<p>Le nekaj mesecev po razprodani zagreb\u0161ki areni, v Orto Bar vra\u010da Goran Bare &amp; Majke! Bare je za mnoge eden najve\u010djih umetnikov vseh \u010dasov, kultni glasbenik, ki ima za seboj \u017ee ve\u010d kot tri desetletja ustvarjanja. V njemu ne pojenja \u017ear rock&#8217;n\u2019rolla in obeta se nepozaben koncert. Bare i Majke so v letu 2023 po [&hellip;]<\/p>","protected":false},"author":11,"featured_media":60069,"template":"","meta":{"_seopress_robots_primary_cat":"none","_seopress_titles_title":"","_seopress_titles_desc":"","_seopress_robots_index":""},"product_brand":[],"product_cat":[230],"product_tag":[222],"class_list":{"0":"post-57514","1":"product","2":"type-product","3":"status-publish","4":"has-post-thumbnail","6":"product_cat-arhiv","7":"product_tag-predprodaja","9":"entry","10":"has-media","12":"first","13":"outofstock","14":"virtual","15":"taxable","16":"product-type-simple","17":"has-product-nav","18":"col","19":"span_1_of_4","20":"owp-content-center","21":"item-entry","22":"owp-thumbs-layout-horizontal","23":"owp-btn-normal","24":"owp-tabs-layout-section","25":"has-no-thumbnails"},"publishpress_future_action":{"enabled":false,"date":"2026-05-09 20:03:51","action":"change-status","newStatus":"draft","terms":[],"taxonomy":"product_cat","extraData":[]},"publishpress_future_workflow_manual_trigger":{"enabledWorkflows":[]},"_links":{"self":[{"href":"https:\/\/www.orto-bar.com\/en\/wp-json\/wp\/v2\/product\/57514","targetHints":{"allow":["GET"]}}],"collection":[{"href":"https:\/\/www.orto-bar.com\/en\/wp-json\/wp\/v2\/product"}],"about":[{"href":"https:\/\/www.orto-bar.com\/en\/wp-json\/wp\/v2\/types\/product"}],"author":[{"embeddable":true,"href":"https:\/\/www.orto-bar.com\/en\/wp-json\/wp\/v2\/users\/11"}],"version-history":[{"count":0,"href":"https:\/\/www.orto-bar.com\/en\/wp-json\/wp\/v2\/product\/57514\/revisions"}],"wp:featuredmedia":[{"embeddable":true,"href":"https:\/\/www.orto-bar.com\/en\/wp-json\/wp\/v2\/media\/60069"}],"wp:attachment":[{"href":"https:\/\/www.orto-bar.com\/en\/wp-json\/wp\/v2\/media?parent=57514"}],"wp:term":[{"taxonomy":"product_brand","embeddable":true,"href":"https:\/\/www.orto-bar.com\/en\/wp-json\/wp\/v2\/product_brand?post=57514"},{"taxonomy":"product_cat","embeddable":true,"href":"https:\/\/www.orto-bar.com\/en\/wp-json\/wp\/v2\/product_cat?post=57514"},{"taxonomy":"product_tag","embeddable":true,"href":"https:\/\/www.orto-bar.com\/en\/wp-json\/wp\/v2\/product_tag?post=57514"}],"curies":[{"name":"wp","href":"https:\/\/api.w.org\/{rel}","templated":true}]}}