{"id":57579,"date":"2024-01-19T15:32:06","date_gmt":"2024-01-19T14:32:06","guid":{"rendered":"https:\/\/www.orto-bar.com\/?post_type=product&#038;p=57579"},"modified":"2024-03-26T15:42:41","modified_gmt":"2024-03-26T14:42:41","slug":"otvoritev-orto-festa-2024-mi2","status":"publish","type":"product","link":"https:\/\/www.orto-bar.com\/en\/dogodki\/arhiv\/otvoritev-orto-festa-2024-mi2\/","title":{"rendered":"Otvoritev 24. Orto Festa-2024 &#8211; MI2"},"content":{"rendered":"<div class=\"av-special-heading av-special-heading-h1 custom-color-heading blockquote modern-quote avia-builder-el-8 el_before_av_hr avia-builder-el-first av-thin-font av-inherit-size\">\n<div class=\"av-subheading av-subheading_above\">\n<p>&nbsp;<\/p>\n<\/div>\n<\/div>\n<section class=\"av_textblock_section\">\n<div class=\"avia_textblock\">\n<p><strong>Letos bomo otvorili \u017ee 24. Ortofest, eden redkih klubskih festivalov pri nas, ki \u017ee skoraj \u010detrt stoletja skrbi za razvoj slovenske glasbene scene. Tudi Mi2 smo v na\u0161i zgodnji fazi dobili prilo\u017enost na tem festivalu, kot jo dobivajo mladi izvajalci, ki sledijo na\u0161emu nastopu. Vabljeni na pravi klubski rokenrol!\u00a0<\/strong><\/p>\n<\/div>\n<\/section>","protected":false},"excerpt":{"rendered":"<p>&nbsp; Letos bomo otvorili \u017ee 24. Ortofest, eden redkih klubskih festivalov pri nas, ki \u017ee skoraj \u010detrt stoletja skrbi za razvoj slovenske glasbene scene. Tudi Mi2 smo v na\u0161i zgodnji fazi dobili prilo\u017enost na tem festivalu, kot jo dobivajo mladi izvajalci, ki sledijo na\u0161emu nastopu. Vabljeni na pravi klubski rokenrol!\u00a0<\/p>","protected":false},"author":11,"featured_media":57580,"template":"","meta":{"_seopress_robots_primary_cat":"none","_seopress_titles_title":"","_seopress_titles_desc":"","_seopress_robots_index":""},"product_brand":[],"product_cat":[230],"product_tag":[222],"class_list":{"0":"post-57579","1":"product","2":"type-product","3":"status-publish","4":"has-post-thumbnail","6":"product_cat-arhiv","7":"product_tag-predprodaja","9":"entry","10":"has-media","12":"first","13":"outofstock","14":"virtual","15":"taxable","16":"product-type-simple","17":"has-product-nav","18":"col","19":"span_1_of_4","20":"owp-content-center","21":"item-entry","22":"owp-thumbs-layout-horizontal","23":"owp-btn-normal","24":"owp-tabs-layout-section","25":"has-no-thumbnails"},"publishpress_future_action":{"enabled":false,"date":"2026-05-09 19:00:24","action":"change-status","newStatus":"draft","terms":[],"taxonomy":"product_cat","extraData":[]},"publishpress_future_workflow_manual_trigger":{"enabledWorkflows":[]},"_links":{"self":[{"href":"https:\/\/www.orto-bar.com\/en\/wp-json\/wp\/v2\/product\/57579","targetHints":{"allow":["GET"]}}],"collection":[{"href":"https:\/\/www.orto-bar.com\/en\/wp-json\/wp\/v2\/product"}],"about":[{"href":"https:\/\/www.orto-bar.com\/en\/wp-json\/wp\/v2\/types\/product"}],"author":[{"embeddable":true,"href":"https:\/\/www.orto-bar.com\/en\/wp-json\/wp\/v2\/users\/11"}],"version-history":[{"count":0,"href":"https:\/\/www.orto-bar.com\/en\/wp-json\/wp\/v2\/product\/57579\/revisions"}],"wp:featuredmedia":[{"embeddable":true,"href":"https:\/\/www.orto-bar.com\/en\/wp-json\/wp\/v2\/media\/57580"}],"wp:attachment":[{"href":"https:\/\/www.orto-bar.com\/en\/wp-json\/wp\/v2\/media?parent=57579"}],"wp:term":[{"taxonomy":"product_brand","embeddable":true,"href":"https:\/\/www.orto-bar.com\/en\/wp-json\/wp\/v2\/product_brand?post=57579"},{"taxonomy":"product_cat","embeddable":true,"href":"https:\/\/www.orto-bar.com\/en\/wp-json\/wp\/v2\/product_cat?post=57579"},{"taxonomy":"product_tag","embeddable":true,"href":"https:\/\/www.orto-bar.com\/en\/wp-json\/wp\/v2\/product_tag?post=57579"}],"curies":[{"name":"wp","href":"https:\/\/api.w.org\/{rel}","templated":true}]}}