{"id":57639,"date":"2024-01-19T19:02:27","date_gmt":"2024-01-19T18:02:27","guid":{"rendered":"https:\/\/www.orto-bar.com\/?post_type=product&#038;p=57639"},"modified":"2024-03-08T16:43:49","modified_gmt":"2024-03-08T15:43:49","slug":"dan-rock-zena-2024","status":"publish","type":"product","link":"https:\/\/www.orto-bar.com\/en\/dogodki\/arhiv\/dan-rock-zena-2024\/","title":{"rendered":"DAN ROCK \u017dENA 2024"},"content":{"rendered":"<div class=\"av-special-heading av-special-heading-h1 custom-color-heading blockquote modern-quote avia-builder-el-8 el_before_av_hr avia-builder-el-first av-thin-font av-inherit-size\">\n<div class=\"av-subheading av-subheading_above\">\n<p>Na DAN ROCK \u017dENA! prihajajo metal zvezde NERVOSA!<\/p>\n<p>V Ljubljano prihaja iz Sao Paula v Braziliji najpopularnej\u0161a \u017eenska thrash metal skupina ta hip, ki bo evropsko turnejo za\u010dela prav v Sloveniji. To\u010dno na dan \u017eena 8. marca bodo nastopile v Orto baru, kamor so jih povabile gostiteljice HELLCATS, ki jih kot prvo \u017eensko metal skupino iz tega dela Evrope brazilske soborke poznajo in so tudi zato z navdu\u0161enjem sprejele vabilo. Ve\u010der bodo odprle odli\u010dno uigrane ROUGUENOIRE, \u017eenski power kvintet iz Milana v Italiji. Hellcats bodo tokrat nastopile na zlati sredini ve\u010dera posve\u010denega \u017eenskam ustvarjalkam.<\/p>\n<p>VSTOPNICE za DAN ROCK \u017dENA 2024 so \u017ee v prodaji. Earlybird vstopnice po 15 eur, na dan koncerta v prodaji po 20 \u20ac, v predprodaji pa po 17 \u20ac.<\/p>\n<p>DAN ROCK \u017dENA 2024<br \/>\nDan Rock \u017dena je glasbeni festival, ki ima izklju\u010dno \u017eensko postavo, kar pomeni, da bodo en dan na odru samo dekleta. Festival podpira glasbenice tako, da jim daje mesto v glasbi, ki si ga zaslu\u017eijo, in jih spodbuja k ustvarjanju ter jim pomaga pri predstavitvi svoje avtorske glasbe. Dan Rock \u017dena poteka v Ljubljani 8. marca &#8211; na mednarodni dan \u017eena, ki je globalni dan, ko praznujemo socialne, ekonomske, kulturne in politi\u010dne dose\u017eke \u017eensk in je osrednja to\u010dka gibanja za pravice \u017eensk.<\/p>\n<p>Obi\u010dajno na punk, rock in \u0161e posebej metal sceni v Sloveniji prevladujejo mo\u0161ki, zato so se Hellcats kot prva izklju\u010dno \u017eenska metal skupina v Sloveniji in \u0161ir\u0161e soo\u010dale s kar nekaj kritikami in imele ve\u010d te\u017eav kot njihovi mo\u0161ki kolegi.<\/p>\n<p>&nbsp;<\/p>\n<p><strong>Vstopnina :<\/strong><\/p>\n<p><strong>early bird : 15 \u20ac<\/strong><\/p>\n<p><strong>predprodaja : 17 \u20ac<\/strong><\/p>\n<p><strong>na dan koncerta : 20 \u20ac<\/strong><\/p>\n<\/div>\n<\/div>\n<section class=\"av_textblock_section\">\n<div class=\"avia_textblock\">\n<p>&nbsp;<\/p>\n<p><strong>A BIG MILESTONE for DAN ROCK \u017dENA &#8211; WOMENs ROCK DAY!<\/strong><\/p>\n<p><strong>The best all female thrash metal band at the moment, NERVOSA is coming to Ljubljana.\u00a0<\/strong><\/p>\n<p><strong>Female musicians from Brazil are going to start their European tour in Slovenia, celebrating the International women&#8217;s day the\u00a08 th of March in Ljubljana. The festival will also feature HELLCATS, first all female metal band from this part of Europe and ROUGUENOIRE, all female power quintet from Milano, Italy.\u00a0<\/strong><\/p>\n<p><strong>TICKETS for DAN ROCK \u017dENA\u00a0 2024 are going on sale on Monday, January the 22nd. Earlybird tickets for 15 eur.<\/strong><\/p>\n<p><strong>Regular price tickets will be on sale for 20\u20ac on the day of the concert and 17\u20ac on presale.<\/strong><\/p>\n<p><strong>DAN ROCK \u017dENA 2024<\/strong><\/p>\n<p><strong>Dan Rock \u017dena is a music festival which has an all-female line-up, that means that for one day only girls are there to hit the stage. The festival supports female musicians by giving them the place in music they deserve and encourages them into music and also helps them to present their original music. Dan Rock \u017dena takes place in Ljubljana on 8th of March &#8211; the International Women&#8217;s Day which is a global day celebrating the social, economic, cultural and political achievements of women and is a focal point in the movement for women&#8217;s rights.<\/strong><\/p>\n<p>&nbsp;<\/p>\n<p>NERVOSA<\/p>\n<p>Nervosa was formed in 2010 in S\u00e3o Paulo (Brazil) and has toured the world alongside big names in the International Metal Scene. In 2020 the band changed the line-up and reached the highest positions in the music charts in several countries with the singles from their renowned album &#8220;Perpetual Chaos&#8221; released in January 2021. In the same year, the album so acclaimed by the press entered several rankings as the best album of the year among other categories. Nervosa is considered an important reference in the Female Metal Scene as well as in the Thrash Metal Scene worldwide being known for its compositions characterized by its own style.<\/p>\n<p>Nervosa is formed by:<br \/>\nPrika\u00a0Amaral &#8211; Vocals and Guitars<br \/>\nHelena Kotina &#8211; Guitars<br \/>\nHel Pyre &#8211; Bass<br \/>\nMichaela Naydenova &#8211; Drums<\/p>\n<p><a href=\"https:\/\/www.facebook.com\/nervosa\">https:\/\/www.facebook.com\/nervosa<\/a><\/p>\n<p>&nbsp;<\/p>\n<p>HELLCATS<\/p>\n<p>Hellcats is the first all-female metal band from Slovenia. The band was formed in 2003 in Ljubljana by sisters Sasha and Sonja Zagorc, who are also the authors of the lyrics and music.<\/p>\n<p>Due to the small size of Slovenian music scene, they\u00a0spent quite some time looking for talented musicians with the desire to play and create the scope of this type of music genre.\u00a0There are not many of them in Slovenia, because such a path is tiring and, above all, very atypical for girls. That was the main reason that in 2015 the\u00a0sisters decided to organize a festival dedicated to women in rock music named \u201cDan rock \u017eena\u201d (Women\u2019s Rock Day). The festival supports female musicians by giving them the place in music they deserve and encourages them into music and also helps them to present their original music.<\/p>\n<p>In 2012 the all-female quartet was invited to tour Russia. In 2013 they released their debut album Divja pot in Slovenian language and in 2014, the English version Warrior Princess was released in Milano at the beginning of their Italian tour. The album had some great\u00a0reviews and was\u00a0critically acclaimed in many countries around the world.<\/p>\n<p>In 2022 Hellcats were touring England for the first time and they were very well accepted there. They returned in 2023 when they performed at London\u2019s iconic club The 100 Club on Oxford Street, together with Clem Burke from Blondie. In May 2024 they are touring Wales, Scotland and\u00a0UK again. In the summer they will headline a festival in Finland and in the fall they are going to tour West Europe.\u00a0Hellcats are currently recording the new album. The fresh single and the video titled Black Thunder (\u010crna Burja) has been released recently.<\/p>\n<p>LINE UP:<\/p>\n<p>Sasha Zagorc \u2013 Bass<\/p>\n<p>Sonja Zagorc \u2013 Drums<\/p>\n<p>Mia Marini\u010d \u2013 Guitar<\/p>\n<p>Sara Simeunovi\u010d &#8211; Vocals<\/p>\n<p><a href=\"https:\/\/www.facebook.com\/hellcats.si\">https:\/\/www.facebook.com\/hellcats.si<\/a><\/p>\n<p>&nbsp;<\/p>\n<p>&nbsp;<\/p>\n<p>ROUGENOIRE<\/p>\n<p>Powerful female quintet from Italy. Founded in 2005 in Milano. They released 2 albums. Their founder Sabarax describes the Rougenoire music as explosive, sensual and powerful. Expect awesome guitar riffs, driving rock with powerful vocals.<\/p>\n<p>Sabrina &#8220;Sabarax&#8221; Marabelli &#8211; Guitar<\/p>\n<p>Sara &#8220;Foxy Lady&#8221; Di Fonzo &#8211; Guitar<\/p>\n<p>Christina Kiraya Migliazza &#8211; Drums<\/p>\n<p>Lisa &#8220;Madhatter&#8221; Mancini &#8211; Bass<\/p>\n<p>Silva &#8220;Sissi&#8221; Venturini &#8211; Vocals<\/p>\n<p><a href=\"https:\/\/www.facebook.com\/rougenoire\">https:\/\/www.facebook.com\/rougenoire<\/a><\/p>\n<p>&nbsp;<\/p>\n<p>DAN ROCK \u017dENA<\/p>\n<p>Dan Rock \u017dena (Womens Rock Day) is the festival which supports all female bands in Europe and further. Sisters Sasha&amp;Sonja Zagorc, the founders of the first all female metal group in Slovenia Hellcats, had an idea back in 2015 to invite female artists and make a festival in their hometown Ljubljana unlike all the others in the region.<\/p>\n<p>Usually the punk, rock and especially metal scene in Slovenia is male-dominated so the Hellcats as the first all female metal group in Slovenia and ex-Yugoslavia had to deal with quite a lot of criticism and had much more hard times then their male colegues back in the 2003 when they started. If it wasn&#8217;t for their fans and friends from Norway, UK, America and Germany, who were supporting them from the beginning, they would give up for sure. They were the DIY band since the beginning. Writing songs, making the graphic design, PR, management, driving to the gigs and drag your own equipment to the stage and down after the show and much more. This kept their head on the right place when their career grew and when the tours and big gigs came.<\/p>\n<p>If you want to succide in the male world you need, beside the good songs, to be strong, stubborn and have a strong will, so you can have a good argument if you hear common nonsens like \u00bbyou got the gig because you are beautiful\u00ab.\u00a0 That&#8217;s why the two sisters have decided to help other young female musicians and all female bands by giving them the chance to be heard. And with that, they are a pioneer in fighting for the rights of women in rock music in this part of Europe.<\/p>\n<p><a href=\"https:\/\/www.facebook.com\/danrockzena\">https:\/\/www.facebook.com\/danrockzen<\/a><\/p>\n<p>&nbsp;<\/p>\n<p>&nbsp;<\/p>\n<\/div>\n<\/section>","protected":false},"excerpt":{"rendered":"<p>Na DAN ROCK \u017dENA! prihajajo metal zvezde NERVOSA! V Ljubljano prihaja iz Sao Paula v Braziliji najpopularnej\u0161a \u017eenska thrash metal skupina ta hip, ki bo evropsko turnejo za\u010dela prav v Sloveniji. To\u010dno na dan \u017eena 8. marca bodo nastopile v Orto baru, kamor so jih povabile gostiteljice HELLCATS, ki jih kot prvo \u017eensko metal skupino [&hellip;]<\/p>","protected":false},"author":11,"featured_media":57640,"template":"","meta":{"_seopress_robots_primary_cat":"none","_seopress_titles_title":"","_seopress_titles_desc":"","_seopress_robots_index":""},"product_brand":[],"product_cat":[230],"product_tag":[222],"class_list":{"0":"post-57639","1":"product","2":"type-product","3":"status-publish","4":"has-post-thumbnail","6":"product_cat-arhiv","7":"product_tag-predprodaja","9":"entry","10":"has-media","12":"first","13":"instock","14":"virtual","15":"taxable","16":"product-type-simple","17":"has-product-nav","18":"col","19":"span_1_of_4","20":"owp-content-center","21":"item-entry","22":"owp-thumbs-layout-horizontal","23":"owp-btn-normal","24":"owp-tabs-layout-section","25":"has-no-thumbnails"},"publishpress_future_action":{"enabled":false,"date":"2026-04-27 10:08:27","action":"change-status","newStatus":"draft","terms":[],"taxonomy":"product_cat","extraData":[]},"publishpress_future_workflow_manual_trigger":{"enabledWorkflows":[]},"_links":{"self":[{"href":"https:\/\/www.orto-bar.com\/en\/wp-json\/wp\/v2\/product\/57639","targetHints":{"allow":["GET"]}}],"collection":[{"href":"https:\/\/www.orto-bar.com\/en\/wp-json\/wp\/v2\/product"}],"about":[{"href":"https:\/\/www.orto-bar.com\/en\/wp-json\/wp\/v2\/types\/product"}],"author":[{"embeddable":true,"href":"https:\/\/www.orto-bar.com\/en\/wp-json\/wp\/v2\/users\/11"}],"version-history":[{"count":0,"href":"https:\/\/www.orto-bar.com\/en\/wp-json\/wp\/v2\/product\/57639\/revisions"}],"wp:featuredmedia":[{"embeddable":true,"href":"https:\/\/www.orto-bar.com\/en\/wp-json\/wp\/v2\/media\/57640"}],"wp:attachment":[{"href":"https:\/\/www.orto-bar.com\/en\/wp-json\/wp\/v2\/media?parent=57639"}],"wp:term":[{"taxonomy":"product_brand","embeddable":true,"href":"https:\/\/www.orto-bar.com\/en\/wp-json\/wp\/v2\/product_brand?post=57639"},{"taxonomy":"product_cat","embeddable":true,"href":"https:\/\/www.orto-bar.com\/en\/wp-json\/wp\/v2\/product_cat?post=57639"},{"taxonomy":"product_tag","embeddable":true,"href":"https:\/\/www.orto-bar.com\/en\/wp-json\/wp\/v2\/product_tag?post=57639"}],"curies":[{"name":"wp","href":"https:\/\/api.w.org\/{rel}","templated":true}]}}