{"id":57784,"date":"2024-01-20T13:02:38","date_gmt":"2024-01-20T12:02:38","guid":{"rendered":"https:\/\/www.orto-bar.com\/?post_type=product&#038;p=57784"},"modified":"2024-04-12T20:23:35","modified_gmt":"2024-04-12T18:23:35","slug":"orto-fest-2024-sank-rock","status":"publish","type":"product","link":"https:\/\/www.orto-bar.com\/en\/dogodki\/arhiv\/orto-fest-2024-sank-rock\/","title":{"rendered":"Orto Fest 2024 &#8211; \u0160ank Rock"},"content":{"rendered":"<div class=\"av-special-heading av-special-heading-h1 custom-color-heading blockquote modern-quote avia-builder-el-8 el_before_av_hr avia-builder-el-first av-thin-font av-inherit-size\">\n<div class=\"av-subheading av-subheading_above\">\n<p>&nbsp;<\/p>\n<\/div>\n<\/div>\n<section class=\"av_textblock_section\">\n<div class=\"avia_textblock\">\n<p><strong>Nora no\u010d z legendami rock&#8217;n&#8217;rolla<\/strong><\/p>\n<p>&nbsp;<\/p>\n<p>S spektakularnim koncertom v velenjskem Vista parku so \u0160ank Rock junija 2023 v velikem slogu proslavili 40 + let svojega delovanja in se vrnili v prvo ligo slovenskega rock&#8217;n&#8217;rolla. S svojimi najve\u010djimi uspe\u0161nicami so navdu\u0161ili ve\u010d kot sedemtiso\u010dglavo mno\u017eico, ki je v en glas z njimi prepevala Metulja, Pravljico o mavri\u010dnih ljudeh, Dej bolj na glas radio, Pu\u0161\u010davo sna in ostale himne, ob katerih so odra\u0161\u010dale cele generacije mladih. Ponovno zbrana jedrna zasedba, ki jo sestavljajo pevec Matja\u017e Jelen, kitarist Bor Zuljan, basist Cveto Polak in bobnar Ale\u0161 Uranjek, je svojo turnejo do konca leta nadaljevala po legendarnih prizori\u0161\u010dih, kjer se je igralo, \u017eivelo in dihalo rock. Postojna, Zeleni gaj, Ru\u0161e, Most na So\u010di, Anhovo, Pivo in cvetje v La\u0161kem in Voj\u0161\u010dica, Kobjeglava, Hum, Rde\u010da dvorana v Velenju in Kongresni trg v Ljubljani so u\u017eivali ob izdatni dozi pozitivne energije in nobenega dvoma ni, da bodo z njo napolnili tudi Orto Bar.<\/p>\n<\/div>\n<\/section>","protected":false},"excerpt":{"rendered":"<p>&nbsp; Nora no\u010d z legendami rock&#8217;n&#8217;rolla &nbsp; S spektakularnim koncertom v velenjskem Vista parku so \u0160ank Rock junija 2023 v velikem slogu proslavili 40 + let svojega delovanja in se vrnili v prvo ligo slovenskega rock&#8217;n&#8217;rolla. S svojimi najve\u010djimi uspe\u0161nicami so navdu\u0161ili ve\u010d kot sedemtiso\u010dglavo mno\u017eico, ki je v en glas z njimi prepevala Metulja, [&hellip;]<\/p>","protected":false},"author":11,"featured_media":57785,"template":"","meta":{"_seopress_robots_primary_cat":"none","_seopress_titles_title":"","_seopress_titles_desc":"","_seopress_robots_index":""},"product_brand":[],"product_cat":[230],"product_tag":[222],"class_list":{"0":"post-57784","1":"product","2":"type-product","3":"status-publish","4":"has-post-thumbnail","6":"product_cat-arhiv","7":"product_tag-predprodaja","9":"entry","10":"has-media","12":"first","13":"instock","14":"virtual","15":"taxable","16":"product-type-simple","17":"has-product-nav","18":"col","19":"span_1_of_4","20":"owp-content-center","21":"item-entry","22":"owp-thumbs-layout-horizontal","23":"owp-btn-normal","24":"owp-tabs-layout-section","25":"has-no-thumbnails"},"publishpress_future_action":{"enabled":false,"date":"2026-05-09 21:24:01","action":"change-status","newStatus":"draft","terms":[],"taxonomy":"product_cat","extraData":[]},"publishpress_future_workflow_manual_trigger":{"enabledWorkflows":[]},"_links":{"self":[{"href":"https:\/\/www.orto-bar.com\/en\/wp-json\/wp\/v2\/product\/57784","targetHints":{"allow":["GET"]}}],"collection":[{"href":"https:\/\/www.orto-bar.com\/en\/wp-json\/wp\/v2\/product"}],"about":[{"href":"https:\/\/www.orto-bar.com\/en\/wp-json\/wp\/v2\/types\/product"}],"author":[{"embeddable":true,"href":"https:\/\/www.orto-bar.com\/en\/wp-json\/wp\/v2\/users\/11"}],"version-history":[{"count":0,"href":"https:\/\/www.orto-bar.com\/en\/wp-json\/wp\/v2\/product\/57784\/revisions"}],"wp:featuredmedia":[{"embeddable":true,"href":"https:\/\/www.orto-bar.com\/en\/wp-json\/wp\/v2\/media\/57785"}],"wp:attachment":[{"href":"https:\/\/www.orto-bar.com\/en\/wp-json\/wp\/v2\/media?parent=57784"}],"wp:term":[{"taxonomy":"product_brand","embeddable":true,"href":"https:\/\/www.orto-bar.com\/en\/wp-json\/wp\/v2\/product_brand?post=57784"},{"taxonomy":"product_cat","embeddable":true,"href":"https:\/\/www.orto-bar.com\/en\/wp-json\/wp\/v2\/product_cat?post=57784"},{"taxonomy":"product_tag","embeddable":true,"href":"https:\/\/www.orto-bar.com\/en\/wp-json\/wp\/v2\/product_tag?post=57784"}],"curies":[{"name":"wp","href":"https:\/\/api.w.org\/{rel}","templated":true}]}}