{"id":57947,"date":"2024-01-22T19:29:18","date_gmt":"2024-01-22T18:29:18","guid":{"rendered":"https:\/\/www.orto-bar.com\/?post_type=product&#038;p=57947"},"modified":"2024-03-02T15:25:50","modified_gmt":"2024-03-02T14:25:50","slug":"savrseni-marginalci-old-school-hladno-pivo","status":"publish","type":"product","link":"https:\/\/www.orto-bar.com\/en\/dogodki\/arhiv\/savrseni-marginalci-old-school-hladno-pivo\/","title":{"rendered":"Savr\u0161eni Marginalci-Old School HLADNO PIVO!"},"content":{"rendered":"<p>\u0160e pomnite pankerji ? Starega dobrega Hladnega Piva !!!<\/p>\n<p>Savr\u0161eni Marginalci, \u010detverica, ki jo sestavljajo Suba, Zoki in \u0160oki iz Hladnega piva ter Krmpa iz Deafness By Noise, za\u010denjajo svoje glasbeno poslanstvo s koncerti, na katerih bodo odigrali le prve tri albume skupine Hladno pivo!<\/p>\n<p>Ko je Hladno pivo marca 2018 tedne vnaprej razprodalo \u00bbold school\u00ab koncert v Domu sportova, je bilo jasno, koliko albumi iz najzgodnej\u0161e faze zasedbe pomenijo njihovim obo\u017eevalcem. Zato so se tri petine najve\u010dje hrva\u0161ke in ene najpomembnej\u0161ih regionalnih punk skupin, okrepljene z vokalom neuni\u010dljivega vodje banda DBN odlo\u010dile, da jim podarijo prav to &#8211; prve tri albume, &#8220;D\u017einovski&#8221;, &#8220;G.A.D.&#8221; in &#8220;Desetka&#8221; na enem koncertu, brez zadr\u017ekov in direktno v glavo.<\/p>\n<p>Vstopnice: Preko vseh poslovalnic Mojekarte.si (Petrol, Omv, Trafika in preko spletne predprodaje)<br \/>\n<a href=\"https:\/\/www.mojekarte.si\/si\/savrseni-marginalci-old-school-hladno-pivo\/vstopnice-1179495.html\">https:\/\/www.mojekarte.si\/si\/savrseni-marginalci-old-school-hladno-pivo\/vstopnice-1179495.html<\/a><br \/>\n&#8211; predprodaja: 20eur<br \/>\n&#8211; na dan koncerta: 25eur<\/p>\n<p>Povezave:<br \/>\n<a href=\"https:\/\/youtube.com\/@SavrseniMarginalci\">https:\/\/youtube.com\/@SavrseniMarginalci<\/a><br \/>\n<a href=\"https:\/\/savrsenimarginalci.com\/\">https:\/\/savrsenimarginalci.com\/<\/a><br \/>\n<a href=\"https:\/\/www.facebook.com\/savrsenimarginalci\">https:\/\/www.facebook.com\/savrsenimarginalci<\/a><\/p>","protected":false},"excerpt":{"rendered":"<p>\u0160e pomnite pankerji ? Starega dobrega Hladnega Piva !!! Savr\u0161eni Marginalci, \u010detverica, ki jo sestavljajo Suba, Zoki in \u0160oki iz Hladnega piva ter Krmpa iz Deafness By Noise, za\u010denjajo svoje glasbeno poslanstvo s koncerti, na katerih bodo odigrali le prve tri albume skupine Hladno pivo! Ko je Hladno pivo marca 2018 tedne vnaprej razprodalo \u00bbold [&hellip;]<\/p>","protected":false},"author":11,"featured_media":57948,"template":"","meta":{"_seopress_robots_primary_cat":"none","_seopress_titles_title":"","_seopress_titles_desc":"","_seopress_robots_index":""},"product_brand":[],"product_cat":[230],"product_tag":[222],"class_list":{"0":"post-57947","1":"product","2":"type-product","3":"status-publish","4":"has-post-thumbnail","6":"product_cat-arhiv","7":"product_tag-predprodaja","9":"entry","10":"has-media","12":"first","13":"instock","14":"virtual","15":"taxable","16":"product-type-simple","17":"has-product-nav","18":"col","19":"span_1_of_4","20":"owp-content-center","21":"item-entry","22":"owp-thumbs-layout-horizontal","23":"owp-btn-normal","24":"owp-tabs-layout-section","25":"has-no-thumbnails"},"publishpress_future_action":{"enabled":false,"date":"2026-05-09 17:59:25","action":"change-status","newStatus":"draft","terms":[],"taxonomy":"product_cat","extraData":[]},"publishpress_future_workflow_manual_trigger":{"enabledWorkflows":[]},"_links":{"self":[{"href":"https:\/\/www.orto-bar.com\/en\/wp-json\/wp\/v2\/product\/57947","targetHints":{"allow":["GET"]}}],"collection":[{"href":"https:\/\/www.orto-bar.com\/en\/wp-json\/wp\/v2\/product"}],"about":[{"href":"https:\/\/www.orto-bar.com\/en\/wp-json\/wp\/v2\/types\/product"}],"author":[{"embeddable":true,"href":"https:\/\/www.orto-bar.com\/en\/wp-json\/wp\/v2\/users\/11"}],"version-history":[{"count":0,"href":"https:\/\/www.orto-bar.com\/en\/wp-json\/wp\/v2\/product\/57947\/revisions"}],"wp:featuredmedia":[{"embeddable":true,"href":"https:\/\/www.orto-bar.com\/en\/wp-json\/wp\/v2\/media\/57948"}],"wp:attachment":[{"href":"https:\/\/www.orto-bar.com\/en\/wp-json\/wp\/v2\/media?parent=57947"}],"wp:term":[{"taxonomy":"product_brand","embeddable":true,"href":"https:\/\/www.orto-bar.com\/en\/wp-json\/wp\/v2\/product_brand?post=57947"},{"taxonomy":"product_cat","embeddable":true,"href":"https:\/\/www.orto-bar.com\/en\/wp-json\/wp\/v2\/product_cat?post=57947"},{"taxonomy":"product_tag","embeddable":true,"href":"https:\/\/www.orto-bar.com\/en\/wp-json\/wp\/v2\/product_tag?post=57947"}],"curies":[{"name":"wp","href":"https:\/\/api.w.org\/{rel}","templated":true}]}}