{"id":58054,"date":"2024-01-23T11:10:17","date_gmt":"2024-01-23T10:10:17","guid":{"rendered":"https:\/\/www.orto-bar.com\/?post_type=product&#038;p=58054"},"modified":"2024-04-23T11:20:34","modified_gmt":"2024-04-23T09:20:34","slug":"orto-fest-2024-drustvo-mrtvih-pesnikov-in-jon-vitezic","status":"publish","type":"product","link":"https:\/\/www.orto-bar.com\/en\/dogodki\/arhiv\/orto-fest-2024-drustvo-mrtvih-pesnikov-in-jon-vitezic\/","title":{"rendered":"Orto Fest 2024 &#8211; Dru\u0161tvo Mrtvih Pesnikov in Jon Vitezi\u010d"},"content":{"rendered":"<p>DRU\u0160TVO MRTVIH PESNIKOV<br \/>\nAlan Vitezi\u010d, vokal, kitara<br \/>\nPeter Dekleva, kitara, spremljevalni vokal<br \/>\nToma\u017e Koncilija, bas, spremljevalni vokal<br \/>\nMarko Zajc, bobni, spremljevalni vokal<br \/>\nBo\u0161tjan Arti\u010dek, klaviature, spremljevalni vokal<\/p>\n<p>JON VITEZI\u010c, vokal, kitara, looper pedal<\/p>\n<p>Po seriji akusti\u010dnih koncertov se DRU\u0160TVO MRTVIH PESNIKOV vra\u010dajo na Orto fest z udarnim, energi\u010dnim koncertnim performansom.<br \/>\nZa uvod v koncertni ve\u010der bo poskrbel JON VITEZI\u010c z akusti\u010dnim performansom, ki bo predstavil avtorske skladbe s svojega prvenca Mars, med njimi tudi singla Utrip, Vesolje za dva ter skladbo Jesus style (Ema Fre\u0161 2022).<\/p>\n<p>\u010clani skupine DMP, pevec in kitarist skupine Alan Vitezi\u010d, basist Toma\u017e Koncilija, bobnar Marko Zajc, kitarist Peter Dekleva in klaviaturist Bo\u0161tjan Arti\u010dek bodo predstavili zgodbo dozorelih pesnikov skozi vrtiljak pesmi, od nostalgi\u010dnih uspe\u0161nic do novodobnih stvaritev za glasbene sladokusce.<\/p>\n<p>Dru\u0161tvo mrtvih pesnikov so na slovenski glasbeni sceni \u017ee od leta 1990. Do danes so izdali osem studijskih albumov in lani do\u010dakali tudi svojo prvo vinilno plo\u0161\u010do ter digitalni album Dru\u0161tvo mrtvih pesnikov 30 &#8211; Iz\u0161tekani z godalnim kvartetom Corcoras.<\/p>\n<p>Na slovensko glasbeno sceno so opazneje stopili leta 1993 v Se\u017eani, kjer so prejeli glavno nagrado na festivalu Pop delavnica za skladbo Ko pri\u017ege\u0161 nov dan. V naslednjih letih je sledil dokon\u010den preboj z uspe\u0161nicami Ti in jaz, \u010cutm te, Rabm, Me \u017ee ma, da bi te, 25 in Ti si vse, ki je postala za\u0161\u010ditni znak skupine.<\/p>\n<p>Leta 2008 so z albumom Vojna in mir vstopili v zrelo obdobje in predstavili sve\u017e glasbeni izraz s prepoznavnimi, izvirnimi besedili, ki so postala za\u0161\u010ditni znak skupine. V drugem pol\u010dasu ustvarjanja so pesniki poslu\u0161alcem ponudili nekatere nepozabne pesmi, kot so Naftalin, Komu zvoni, Kisik, Astronavt, \u010cip, Nebo nad Berlinom in druge.<\/p>\n<p>DMP svoje skladbe izvajajo le v \u017eivo, saj so, kot pravijo, napisane, da \u017eivijo med ljudmi. Vsakdanje dogodke hitro pozabimo, dobre koncertne izku\u0161nje pa nikoli.<\/p>\n<p>DRU\u0160TVO MRTVIH PESNIKOV<br \/>\nAlan Vitezi\u010d, vokal, kitara<br \/>\nPeter Dekleva, kitara, spremljevalni vokal<br \/>\nToma\u017e Koncilija, bas, spremljevalni vokal<br \/>\nMarko Zajc, bobni, spremljevalni vokal<br \/>\nBo\u0161tjan Arti\u010dek, klaviature, spremljevalni vokal<\/p>\n<p>Ve\u010d informacij o skupini Dru\u0161tvo mrtvih pesnikov na\u00a0<a href=\"http:\/\/www.dmp.si\/?fbclid=IwAR1C5kmc6Bg1vx4BOXdyPwL6czWQIW1Myo60qGdS9iNmvbd6qgZxGc-0rj8_aem_AeotZO0f6urf14szSMU2wDx-QH1kbL5Z8pc51DLLuBHXdMrHx5DvxNQFxjINxfF8D0iiFHcQggb-5j_x4FEzPevZ\">www.dmp.si.<\/a><\/p>\n<p>CENA VSTOPNICE V PREDPRODAJI: 20 EUR<br \/>\nZA \u0160TUDENTE (1 + 1 GRATIS): \u0161tudentje ob predlo\u017eitvi \u0161tudentske izkaznice lahko samo na dan koncerta na blagajni Orto bara kupijo vstopnico po ceni 20 eur in brezpla\u010dno prejmejo dodatno vstopnico!<br \/>\nNAKUP VSTOPNIC:\u00a0<a href=\"https:\/\/l.facebook.com\/l.php?u=https%3A%2F%2Fwww.orto-bar.com%2Fdogodki%2Fkoncerti%2Forto-fest-2024-drustvo-mrtvih-pesnikov%2F%3Ffbclid%3DIwAR0N3at20LXTa3ACVsbDfFo8_AtJ2oAEmHwfT89oyLE7AbkeSAAg-5T4dq4_aem_Aeq00faP-h-rOCB8-RAqIYEw5skaGdKDaL8TbMvGnePrYqLsp4FpJYim2VgHWCDG4AZ5mwBYaxHLGZ1DpNpZnMqo&amp;h=AT1uQ4H5yuM3nBziDIezVgPuELNfnS64cK2jl4Pl8eYtFk4HjV7P1HPenGh_ITwr_COdjjJoPV9WrSvNEo2JogTN0u3J8I9OIrJ0HcE14x9zAW7FlmPOWkAEL7xGqT1Yy0bqNWA&amp;__tn__=q&amp;c%5b0%5d=AT3CwuOGhKXTrLSWzLNsgEpjS-V4NZq1lmGBjSncuaKoRQB7Ibgzxc2Gb1cTtx9lEVMisHNnpU5YoH3RMJjthG4zepDNuCe5VDNlXBVG-5yuUqqVIXN1Zx4R0tRrcI67iCEUC4nuYCgH3qSnfkQk-k8Ol5N9\">https:\/\/www.orto-bar.com\/&#8230;\/orto-fest-2024-drustvo&#8230;\/<\/a><\/p>","protected":false},"excerpt":{"rendered":"<p>DRU\u0160TVO MRTVIH PESNIKOV Alan Vitezi\u010d, vokal, kitara Peter Dekleva, kitara, spremljevalni vokal Toma\u017e Koncilija, bas, spremljevalni vokal Marko Zajc, bobni, spremljevalni vokal Bo\u0161tjan Arti\u010dek, klaviature, spremljevalni vokal JON VITEZI\u010c, vokal, kitara, looper pedal Po seriji akusti\u010dnih koncertov se DRU\u0160TVO MRTVIH PESNIKOV vra\u010dajo na Orto fest z udarnim, energi\u010dnim koncertnim performansom. Za uvod v koncertni ve\u010der [&hellip;]<\/p>","protected":false},"author":11,"featured_media":70289,"template":"","meta":{"_seopress_robots_primary_cat":"none","_seopress_titles_title":"","_seopress_titles_desc":"","_seopress_robots_index":""},"product_brand":[],"product_cat":[230],"product_tag":[222],"class_list":{"0":"post-58054","1":"product","2":"type-product","3":"status-publish","4":"has-post-thumbnail","6":"product_cat-arhiv","7":"product_tag-predprodaja","9":"entry","10":"has-media","12":"first","13":"instock","14":"virtual","15":"taxable","16":"product-type-simple","17":"has-product-nav","18":"col","19":"span_1_of_4","20":"owp-content-center","21":"item-entry","22":"owp-thumbs-layout-horizontal","23":"owp-btn-normal","24":"owp-tabs-layout-section","25":"has-no-thumbnails"},"publishpress_future_action":{"enabled":false,"date":"2026-05-09 22:26:44","action":"change-status","newStatus":"draft","terms":[],"taxonomy":"product_cat","extraData":[]},"publishpress_future_workflow_manual_trigger":{"enabledWorkflows":[]},"_links":{"self":[{"href":"https:\/\/www.orto-bar.com\/en\/wp-json\/wp\/v2\/product\/58054","targetHints":{"allow":["GET"]}}],"collection":[{"href":"https:\/\/www.orto-bar.com\/en\/wp-json\/wp\/v2\/product"}],"about":[{"href":"https:\/\/www.orto-bar.com\/en\/wp-json\/wp\/v2\/types\/product"}],"author":[{"embeddable":true,"href":"https:\/\/www.orto-bar.com\/en\/wp-json\/wp\/v2\/users\/11"}],"version-history":[{"count":0,"href":"https:\/\/www.orto-bar.com\/en\/wp-json\/wp\/v2\/product\/58054\/revisions"}],"wp:featuredmedia":[{"embeddable":true,"href":"https:\/\/www.orto-bar.com\/en\/wp-json\/wp\/v2\/media\/70289"}],"wp:attachment":[{"href":"https:\/\/www.orto-bar.com\/en\/wp-json\/wp\/v2\/media?parent=58054"}],"wp:term":[{"taxonomy":"product_brand","embeddable":true,"href":"https:\/\/www.orto-bar.com\/en\/wp-json\/wp\/v2\/product_brand?post=58054"},{"taxonomy":"product_cat","embeddable":true,"href":"https:\/\/www.orto-bar.com\/en\/wp-json\/wp\/v2\/product_cat?post=58054"},{"taxonomy":"product_tag","embeddable":true,"href":"https:\/\/www.orto-bar.com\/en\/wp-json\/wp\/v2\/product_tag?post=58054"}],"curies":[{"name":"wp","href":"https:\/\/api.w.org\/{rel}","templated":true}]}}