{"id":58089,"date":"2024-01-23T14:42:38","date_gmt":"2024-01-23T13:42:38","guid":{"rendered":"https:\/\/www.orto-bar.com\/?post_type=product&#038;p=58089"},"modified":"2024-03-16T19:31:20","modified_gmt":"2024-03-16T18:31:20","slug":"prizma-in-gosta-vecera-tinkara-kovac-in-marko-hatlak","status":"publish","type":"product","link":"https:\/\/www.orto-bar.com\/en\/dogodki\/arhiv\/prizma-in-gosta-vecera-tinkara-kovac-in-marko-hatlak\/","title":{"rendered":"Prizma in gosta ve\u010dera Tinkara Kova\u010d in Marko Hatlak"},"content":{"rendered":"<p><strong>Zaradi nepredvidene zamenjave snemalnega termina v tujini, bosta predvidenega gosta ve\u010dera Mefa zamenjala Tinkara Kova\u010d in Marko Hatlak.<\/strong><\/p>\n<p><strong>Tinkaro in Marka so vrsto let mnogi nagovarjali k sodelovanju vse dokler nista pred letom dni stopila skupaj in ustvarila prvo skupno pesem. Kon\u010dno sta se uglasila in za\u010dela skupno glasbeno potovanje tudi na skupnih koncertih. Trenutno je v pripravi \u017ee njuna druga skupna pesem.<\/strong><\/p>\n<p><strong>V njunem repertoarju se prepleta njuna avtorska glasba. Manjkata pa ne tudi Astor Piazzolla in Bach. Sprehajata se od kantavtorske slovenske glasbe do filmske glasbe ter glasb sveta.<\/strong><\/p>\n<p>&nbsp;<\/p>\n<p>&nbsp;<\/p>\n<p>&nbsp;<\/p>\n<p>&nbsp;<\/p>\n<p>Mineva 50 let od ustanovitve legendarne primorske skupine Prizma. Ve\u010dino skladb za skupino sta ustvarila Danilo Kocjan\u010di\u010d in Franci \u010celhar.\u00a0 Vi\u0161ek je dosegla leta 1979 z albumom Pogum. Dvakrat zaporedoma je skupina Prizma zmagala na festivalu Melodije morja in sonca. Udele\u017eila se je tudi Opatijskega festivala, Zagreb\u0161kega festivala in Slovenske popevke, kjer je bila izbrana za najbolj\u0161ega debitanta. Njihove najbolj poznane skladbe: Pogum, Senca, Tuca, Od enih do treh, Dobrodo\u0161li&#8230; V nekaj ve\u010d kot trinajstih letih delovanja je imela skupina pribli\u017eno 1300 \u017eivih nastopov.<\/p>\n<p>50 obletnico bodo fantje praznovali 16. marca v Orto baru, kjer se jim bo kot gosta na odru pridru\u017eila tudi Tinkara Kova\u010d in Marko Hatlak. Vabljeni na pravo primorsko fe\u0161to!!!<\/p>","protected":false},"excerpt":{"rendered":"<p>Zaradi nepredvidene zamenjave snemalnega termina v tujini, bosta predvidenega gosta ve\u010dera Mefa zamenjala Tinkara Kova\u010d in Marko Hatlak. Tinkaro in Marka so vrsto let mnogi nagovarjali k sodelovanju vse dokler nista pred letom dni stopila skupaj in ustvarila prvo skupno pesem. Kon\u010dno sta se uglasila in za\u010dela skupno glasbeno potovanje tudi na skupnih koncertih. Trenutno [&hellip;]<\/p>","protected":false},"author":11,"featured_media":62792,"template":"","meta":{"_seopress_robots_primary_cat":"none","_seopress_titles_title":"","_seopress_titles_desc":"","_seopress_robots_index":""},"product_brand":[],"product_cat":[230],"product_tag":[222],"class_list":{"0":"post-58089","1":"product","2":"type-product","3":"status-publish","4":"has-post-thumbnail","6":"product_cat-arhiv","7":"product_tag-predprodaja","9":"entry","10":"has-media","12":"first","13":"instock","14":"virtual","15":"taxable","16":"product-type-simple","17":"has-product-nav","18":"col","19":"span_1_of_4","20":"owp-content-center","21":"item-entry","22":"owp-thumbs-layout-horizontal","23":"owp-btn-normal","24":"owp-tabs-layout-section","25":"has-no-thumbnails"},"publishpress_future_action":{"enabled":false,"date":"2026-04-27 01:15:47","action":"change-status","newStatus":"draft","terms":[],"taxonomy":"product_cat","extraData":[]},"publishpress_future_workflow_manual_trigger":{"enabledWorkflows":[]},"_links":{"self":[{"href":"https:\/\/www.orto-bar.com\/en\/wp-json\/wp\/v2\/product\/58089","targetHints":{"allow":["GET"]}}],"collection":[{"href":"https:\/\/www.orto-bar.com\/en\/wp-json\/wp\/v2\/product"}],"about":[{"href":"https:\/\/www.orto-bar.com\/en\/wp-json\/wp\/v2\/types\/product"}],"author":[{"embeddable":true,"href":"https:\/\/www.orto-bar.com\/en\/wp-json\/wp\/v2\/users\/11"}],"version-history":[{"count":0,"href":"https:\/\/www.orto-bar.com\/en\/wp-json\/wp\/v2\/product\/58089\/revisions"}],"wp:featuredmedia":[{"embeddable":true,"href":"https:\/\/www.orto-bar.com\/en\/wp-json\/wp\/v2\/media\/62792"}],"wp:attachment":[{"href":"https:\/\/www.orto-bar.com\/en\/wp-json\/wp\/v2\/media?parent=58089"}],"wp:term":[{"taxonomy":"product_brand","embeddable":true,"href":"https:\/\/www.orto-bar.com\/en\/wp-json\/wp\/v2\/product_brand?post=58089"},{"taxonomy":"product_cat","embeddable":true,"href":"https:\/\/www.orto-bar.com\/en\/wp-json\/wp\/v2\/product_cat?post=58089"},{"taxonomy":"product_tag","embeddable":true,"href":"https:\/\/www.orto-bar.com\/en\/wp-json\/wp\/v2\/product_tag?post=58089"}],"curies":[{"name":"wp","href":"https:\/\/api.w.org\/{rel}","templated":true}]}}