{"id":58208,"date":"2024-01-24T17:30:54","date_gmt":"2024-01-24T16:30:54","guid":{"rendered":"https:\/\/www.orto-bar.com\/?post_type=product&#038;p=58208"},"modified":"2024-05-23T00:00:18","modified_gmt":"2024-05-22T22:00:18","slug":"orto-fest-2024-viperstone-the-rocktors","status":"publish","type":"product","link":"https:\/\/www.orto-bar.com\/en\/dogodki\/arhiv\/orto-fest-2024-viperstone-the-rocktors\/","title":{"rendered":"Orto Fest 2024 &#8211; Viperstone, The Rocktors"},"content":{"rendered":"<div class=\"av-special-heading av-special-heading-h1 custom-color-heading blockquote modern-quote avia-builder-el-8 el_before_av_hr avia-builder-el-first av-thin-font av-inherit-size\">\n<div class=\"av-subheading av-subheading_above\">\n<p>VIPERSTONE<\/p>\n<p>Viperstone so klasi\u010dna rock skupina iz Ljubljane. Zasedba je nastala leta 2012, ko so se izku\u0161eni glasbeniki Jure Kopu\u0161ar &#8211; vokal, Jure Koncilija &#8211; kitara, Jan Or\u0161i\u010d &#8211; bas, Robert Humar &#8211; bobni, odlo\u010dili, da za\u010dnejo ustvarjati svojo avtorsko glasbo. Njihov zvok odlikujejo melodi\u010dni kitarski riffi in melodi\u010dna, pogosto provokativna besedila v angle\u0161\u010dini, kriti\u010dna do dru\u017ebenega in politi\u010dnega stanja dana\u0161njega sveta.<\/p>\n<p>Viperstone so ustvarili \u017ee dva studijska albuma. Prvi, imenovan 20:23, je iz\u0161el leta 2015 in je vseboval enajst avtorskih pesmi, od katerih sta bili dve izdani kot singel, &#8220;I got a Girl&#8221; in &#8220;Beware&#8221;, in ju je javnost takoj sprejela. Tretja pesem &#8220;Footsteps&#8221; s tega albuma je bila med \u0161iroko paleto mednarodne glasbe izbrana za del avdiofilskega albuma Erzetich Gold2, kar je ogromno priznanje Viperstone-u in njihovemu delu.<\/p>\n<p>Leta 2017 so se Viperstone podali na novo avanturo in se pridru\u017eili gledali\u0161ki predstavi ON\/A v koreografiji MN Dance company in koprodukciji Slovenskega narodnega gledali\u0161\u010da Nova Gorica. Predstava, ki je vklju\u010devala pesmi skupine Viperstone, je bila odigrana na ve\u010d odrih po Sloveniji in v gledali\u0161\u010du Theatre Schouwburg v Rotterdamu na Nizozemskem.<\/p>\n<p>V letih 2018 in 2019 so Viperstone igrali na ve\u010d glavnih odrih; Festival GoRa Rocka, Trnow Fest in Battle of the Bands ter legendarna prizori\u0161\u010da, kot sta Klub Satchmo v Mariboru in Orto bar v Ljubljani. Drugi album, Planet Paranoia, je nastala v Viperstonovi COVID 19 produkciji, posnet leta 2020 v Studiu Evolucija, pod budnimi o\u010dmi in u\u0161esi producenta Marka Sor\u0161aka &#8211; Sokija, bolj znanega kot bobnarja skupine Elvis Jackson. Album je dobil odli\u010dne kritike in prvi singel \u201c#\u201d (Hashtag) je bil predvajan na vseh pomembnej\u0161ih radijskih in TV postajah v Sloveniji. Zasedba spomladi 2024 nestrpno pri\u010dakuje izid tretjega albuma R3D, na katerem je 11 avtorskih skladb, ki ga je prav tako produciral Marko Sor\u0161ak &#8211; Soki, a so ga tokrat posneli v legendarnem RSL Studiu z Bojanom Pahljino.<\/p>\n<p>&nbsp;<\/p>\n<p>THE ROCKTORS<\/p>\n<p>The Rocktors so tako imenovani doktorji rocka. So skupina, ki na odru o\u017eivlja svetovne hard rock hite &#8217;70, &#8217;80 in &#8217;90.\u00a0 Zasedbo sestavljajo Axl Jones &#8211; vokal, Nezza &#8211; kitara &amp; backvokal, Sero &#8211; kitara &amp; backvokal, Jare &#8211; bas kitara &amp; backvocal in Marko Sor\u0161ak Soki &#8211; bobni.<\/p>\n<\/div>\n<\/div>\n<section class=\"av_textblock_section\">\n<div class=\"avia_textblock\">\n<p>&nbsp;<\/p>\n<\/div>\n<\/section>","protected":false},"excerpt":{"rendered":"<p>VIPERSTONE Viperstone so klasi\u010dna rock skupina iz Ljubljane. Zasedba je nastala leta 2012, ko so se izku\u0161eni glasbeniki Jure Kopu\u0161ar &#8211; vokal, Jure Koncilija &#8211; kitara, Jan Or\u0161i\u010d &#8211; bas, Robert Humar &#8211; bobni, odlo\u010dili, da za\u010dnejo ustvarjati svojo avtorsko glasbo. Njihov zvok odlikujejo melodi\u010dni kitarski riffi in melodi\u010dna, pogosto provokativna besedila v angle\u0161\u010dini, kriti\u010dna [&hellip;]<\/p>","protected":false},"author":11,"featured_media":58209,"template":"","meta":{"_seopress_robots_primary_cat":"none","_seopress_titles_title":"","_seopress_titles_desc":"","_seopress_robots_index":""},"product_brand":[],"product_cat":[230],"product_tag":[222],"class_list":{"0":"post-58208","1":"product","2":"type-product","3":"status-publish","4":"has-post-thumbnail","6":"product_cat-arhiv","7":"product_tag-predprodaja","9":"entry","10":"has-media","12":"first","13":"instock","14":"virtual","15":"taxable","16":"product-type-simple","17":"has-product-nav","18":"col","19":"span_1_of_4","20":"owp-content-center","21":"item-entry","22":"owp-thumbs-layout-horizontal","23":"owp-btn-normal","24":"owp-tabs-layout-section","25":"has-no-thumbnails"},"publishpress_future_action":{"enabled":false,"date":"2026-05-09 21:29:03","action":"change-status","newStatus":"draft","terms":[],"taxonomy":"product_cat","extraData":[]},"publishpress_future_workflow_manual_trigger":{"enabledWorkflows":[]},"_links":{"self":[{"href":"https:\/\/www.orto-bar.com\/en\/wp-json\/wp\/v2\/product\/58208","targetHints":{"allow":["GET"]}}],"collection":[{"href":"https:\/\/www.orto-bar.com\/en\/wp-json\/wp\/v2\/product"}],"about":[{"href":"https:\/\/www.orto-bar.com\/en\/wp-json\/wp\/v2\/types\/product"}],"author":[{"embeddable":true,"href":"https:\/\/www.orto-bar.com\/en\/wp-json\/wp\/v2\/users\/11"}],"version-history":[{"count":0,"href":"https:\/\/www.orto-bar.com\/en\/wp-json\/wp\/v2\/product\/58208\/revisions"}],"wp:featuredmedia":[{"embeddable":true,"href":"https:\/\/www.orto-bar.com\/en\/wp-json\/wp\/v2\/media\/58209"}],"wp:attachment":[{"href":"https:\/\/www.orto-bar.com\/en\/wp-json\/wp\/v2\/media?parent=58208"}],"wp:term":[{"taxonomy":"product_brand","embeddable":true,"href":"https:\/\/www.orto-bar.com\/en\/wp-json\/wp\/v2\/product_brand?post=58208"},{"taxonomy":"product_cat","embeddable":true,"href":"https:\/\/www.orto-bar.com\/en\/wp-json\/wp\/v2\/product_cat?post=58208"},{"taxonomy":"product_tag","embeddable":true,"href":"https:\/\/www.orto-bar.com\/en\/wp-json\/wp\/v2\/product_tag?post=58208"}],"curies":[{"name":"wp","href":"https:\/\/api.w.org\/{rel}","templated":true}]}}