{"id":58392,"date":"2024-01-25T22:40:58","date_gmt":"2024-01-25T21:40:58","guid":{"rendered":"https:\/\/www.orto-bar.com\/?post_type=product&#038;p=58392"},"modified":"2024-01-25T23:13:01","modified_gmt":"2024-01-25T22:13:01","slug":"24-orto-fest-2024","status":"publish","type":"product","link":"https:\/\/www.orto-bar.com\/en\/dogodki\/arhiv\/24-orto-fest-2024\/","title":{"rendered":"24.Orto Fest &#8211; 2024"},"content":{"rendered":"<p><strong>24. ORTO FEST<\/strong><\/p>\n<p><strong>Od 28. 3. do 27. 4. 2024, <\/strong><\/p>\n<p><strong>ORTO BAR, LJUBLJANA<\/strong><\/p>\n<p><strong>\u00a0<\/strong><\/p>\n<p><strong>\u017dE 24. CELOMESE\u010cNI MEDNARODNI KLUBSKI FESTIVAL <\/strong><\/p>\n<p><strong>ORTO FEST OD 28. MARCA DO 27. APRILA 2024<\/strong><\/p>\n<p>&nbsp;<\/p>\n<p><strong>Od 28. marca do 27. aprila 2024 bo v Orto baru v Ljubljani potekal \u017ee 24. mednarodni, najve\u010dji klubski festival v Sloveniji, Orto Fest, ki je unikum v na\u0161em prostoru. V svoji zgodovini je gostil \u017ee ve\u010d kot 750 glasbenih skupin in izvajalcev.<\/strong><\/p>","protected":false},"excerpt":{"rendered":"<p>24. ORTO FEST Od 28. 3. do 27. 4. 2024, ORTO BAR, LJUBLJANA \u00a0 \u017dE 24. CELOMESE\u010cNI MEDNARODNI KLUBSKI FESTIVAL ORTO FEST OD 28. MARCA DO 27. APRILA 2024 &nbsp; Od 28. marca do 27. aprila 2024 bo v Orto baru v Ljubljani potekal \u017ee 24. mednarodni, najve\u010dji klubski festival v Sloveniji, Orto Fest, ki [&hellip;]<\/p>","protected":false},"author":11,"featured_media":58403,"template":"","meta":{"_seopress_robots_primary_cat":"none","_seopress_titles_title":"","_seopress_titles_desc":"","_seopress_robots_index":""},"product_brand":[],"product_cat":[230],"product_tag":[222],"class_list":{"0":"post-58392","1":"product","2":"type-product","3":"status-publish","4":"has-post-thumbnail","6":"product_cat-arhiv","7":"product_tag-predprodaja","9":"entry","10":"has-media","12":"first","13":"instock","14":"virtual","15":"taxable","16":"product-type-simple","17":"has-product-nav","18":"col","19":"span_1_of_4","20":"owp-content-center","21":"item-entry","22":"owp-thumbs-layout-horizontal","23":"owp-btn-normal","24":"owp-tabs-layout-section"},"publishpress_future_action":{"enabled":false,"date":"2026-04-17 09:10:30","action":"change-status","newStatus":"draft","terms":[],"taxonomy":"product_cat","extraData":[]},"publishpress_future_workflow_manual_trigger":{"enabledWorkflows":[]},"_links":{"self":[{"href":"https:\/\/www.orto-bar.com\/en\/wp-json\/wp\/v2\/product\/58392","targetHints":{"allow":["GET"]}}],"collection":[{"href":"https:\/\/www.orto-bar.com\/en\/wp-json\/wp\/v2\/product"}],"about":[{"href":"https:\/\/www.orto-bar.com\/en\/wp-json\/wp\/v2\/types\/product"}],"author":[{"embeddable":true,"href":"https:\/\/www.orto-bar.com\/en\/wp-json\/wp\/v2\/users\/11"}],"version-history":[{"count":0,"href":"https:\/\/www.orto-bar.com\/en\/wp-json\/wp\/v2\/product\/58392\/revisions"}],"wp:featuredmedia":[{"embeddable":true,"href":"https:\/\/www.orto-bar.com\/en\/wp-json\/wp\/v2\/media\/58403"}],"wp:attachment":[{"href":"https:\/\/www.orto-bar.com\/en\/wp-json\/wp\/v2\/media?parent=58392"}],"wp:term":[{"taxonomy":"product_brand","embeddable":true,"href":"https:\/\/www.orto-bar.com\/en\/wp-json\/wp\/v2\/product_brand?post=58392"},{"taxonomy":"product_cat","embeddable":true,"href":"https:\/\/www.orto-bar.com\/en\/wp-json\/wp\/v2\/product_cat?post=58392"},{"taxonomy":"product_tag","embeddable":true,"href":"https:\/\/www.orto-bar.com\/en\/wp-json\/wp\/v2\/product_tag?post=58392"}],"curies":[{"name":"wp","href":"https:\/\/api.w.org\/{rel}","templated":true}]}}