{"id":58449,"date":"2024-01-26T13:20:05","date_gmt":"2024-01-26T12:20:05","guid":{"rendered":"https:\/\/www.orto-bar.com\/?post_type=product&#038;p=58449"},"modified":"2024-04-14T14:39:32","modified_gmt":"2024-04-14T12:39:32","slug":"orto-fest-2024-zmelkoow","status":"publish","type":"product","link":"https:\/\/www.orto-bar.com\/en\/dogodki\/arhiv\/orto-fest-2024-zmelkoow\/","title":{"rendered":"Orto Fest 2024 &#8211; Zmelkoow"},"content":{"rendered":"<p>&nbsp;<\/p>\n<p>\u0160E DOBRO, DA SE DOBRO DR\u017dIMO<\/p>\n<p>&nbsp;<\/p>\n<p>\u0160e dobro, da se \u010drnoglede napovedi o koncu sveta niso uresni\u010dile in da se Zmelkoow po veliki preventivni poslovilni turneji dobro dr\u017eijo. Tako dobro, da izstreljujejo v orbito nov single <strong>\u0160e dobro<\/strong>, ki ga bodo pospremili na pot z dobrim videospotom in s klubsko turnejo <strong>\u0160e dobro da se dobro dr\u017eimo<\/strong>. Poanta gibanja <strong>\u0160e dobro<\/strong> je v iskanju dobrega v \u0161e tako brezupni situaciji \u2013 recimo, \u010de se zaleti\u0161 in od avta ni ostalo ni\u010d, si re\u010de\u0161 \u00bb\u0161e dobro, da prej nisem tankal\u00ab; \u010de ti hekerji z ra\u010duna poberejo 2.372.331 eur, je dobro to, da ne bo\u0161 tro\u0161il denarja za neumnosti in s tem poganjal inflacije v nebo \u2026 Skratka dobrote je, \u010deprav se dobro skriva, po svetu veliko, samo videti jo je treba pod plastmi saj, smeti, zlobe in neumnosti. Koristneje in bolj zabavno kot rudarjenje bit-konjev<\/p>\n<p><strong>Cene vstopnic bodo:<\/strong><\/p>\n<p><strong>Zgodnji pti\u010d 11,90 ( samo 25.2.)<\/strong><\/p>\n<p><strong>Predprodaja 1:\u00a0 14,90<\/strong><\/p>\n<p><strong>Predprodaja 2:\u00a0 17,90<\/strong><\/p>\n<p><strong>Na dan koncerta:\u00a0 \u00a020\u20ac<\/strong><\/p>","protected":false},"excerpt":{"rendered":"<p>&nbsp; \u0160E DOBRO, DA SE DOBRO DR\u017dIMO &nbsp; \u0160e dobro, da se \u010drnoglede napovedi o koncu sveta niso uresni\u010dile in da se Zmelkoow po veliki preventivni poslovilni turneji dobro dr\u017eijo. Tako dobro, da izstreljujejo v orbito nov single \u0160e dobro, ki ga bodo pospremili na pot z dobrim videospotom in s klubsko turnejo \u0160e dobro [&hellip;]<\/p>","protected":false},"author":11,"featured_media":58695,"template":"","meta":{"_seopress_robots_primary_cat":"none","_seopress_titles_title":"","_seopress_titles_desc":"","_seopress_robots_index":""},"product_brand":[],"product_cat":[230],"product_tag":[222],"class_list":{"0":"post-58449","1":"product","2":"type-product","3":"status-publish","4":"has-post-thumbnail","6":"product_cat-arhiv","7":"product_tag-predprodaja","9":"entry","10":"has-media","12":"first","13":"instock","14":"virtual","15":"taxable","16":"product-type-simple","17":"has-product-nav","18":"col","19":"span_1_of_4","20":"owp-content-center","21":"item-entry","22":"owp-thumbs-layout-horizontal","23":"owp-btn-normal","24":"owp-tabs-layout-section","25":"has-no-thumbnails"},"publishpress_future_action":{"enabled":false,"date":"2026-05-09 21:27:34","action":"change-status","newStatus":"draft","terms":[],"taxonomy":"product_cat","extraData":[]},"publishpress_future_workflow_manual_trigger":{"enabledWorkflows":[]},"_links":{"self":[{"href":"https:\/\/www.orto-bar.com\/en\/wp-json\/wp\/v2\/product\/58449","targetHints":{"allow":["GET"]}}],"collection":[{"href":"https:\/\/www.orto-bar.com\/en\/wp-json\/wp\/v2\/product"}],"about":[{"href":"https:\/\/www.orto-bar.com\/en\/wp-json\/wp\/v2\/types\/product"}],"author":[{"embeddable":true,"href":"https:\/\/www.orto-bar.com\/en\/wp-json\/wp\/v2\/users\/11"}],"version-history":[{"count":0,"href":"https:\/\/www.orto-bar.com\/en\/wp-json\/wp\/v2\/product\/58449\/revisions"}],"wp:featuredmedia":[{"embeddable":true,"href":"https:\/\/www.orto-bar.com\/en\/wp-json\/wp\/v2\/media\/58695"}],"wp:attachment":[{"href":"https:\/\/www.orto-bar.com\/en\/wp-json\/wp\/v2\/media?parent=58449"}],"wp:term":[{"taxonomy":"product_brand","embeddable":true,"href":"https:\/\/www.orto-bar.com\/en\/wp-json\/wp\/v2\/product_brand?post=58449"},{"taxonomy":"product_cat","embeddable":true,"href":"https:\/\/www.orto-bar.com\/en\/wp-json\/wp\/v2\/product_cat?post=58449"},{"taxonomy":"product_tag","embeddable":true,"href":"https:\/\/www.orto-bar.com\/en\/wp-json\/wp\/v2\/product_tag?post=58449"}],"curies":[{"name":"wp","href":"https:\/\/api.w.org\/{rel}","templated":true}]}}