{"id":58463,"date":"2024-01-26T14:00:44","date_gmt":"2024-01-26T13:00:44","guid":{"rendered":"https:\/\/www.orto-bar.com\/?post_type=product&#038;p=58463"},"modified":"2024-04-07T13:14:46","modified_gmt":"2024-04-07T11:14:46","slug":"orto-fest-2024-elemental","status":"publish","type":"product","link":"https:\/\/www.orto-bar.com\/en\/dogodki\/arhiv\/orto-fest-2024-elemental\/","title":{"rendered":"Orto Fest 2024 &#8211; Elemental"},"content":{"rendered":"<p>&nbsp;<\/p>\n<p>Energi\u010dna zagreb\u0161ka hip hop zasedba Elemental brezkompromisno velja za eno najuspe\u0161nej\u0161ih skupin v regiji. Z realisti\u010dno, brutalno iskreno in prodorno liriko na sceni stojijo \u017ee 25 let. Izdali so osem albumov, zabele\u017eili 60 milijonov ogledov na platformi YouTube in odigrali ve\u010d kot 1000 koncertov, razprodali zagreb\u0161ko \u0160alato, ter nizali \u0161tevilne koncerte po \u0161ir\u0161i balkanski regiji. Osvojili so ve\u010d presti\u017enih hrva\u0161kih glasbenih nagrad, njihov zadnji album Ilica pa je nehote postal glasbena spremljava ranjenega mesta, potem ko je njihov doma\u010di Zagreb uni\u010dil potres.<\/p>\n<p>V soboto, 6. aprila se ustavijo na OrtoFestu, kjer ne bodo manjkale klasike kot so &#8220;Goli i bosi&#8221;, &#8220;Prokleta ljubav&#8221;, &#8220;Bolji si&#8221; in \u0161e mnoge druge.<\/p>","protected":false},"excerpt":{"rendered":"<p>&nbsp; Energi\u010dna zagreb\u0161ka hip hop zasedba Elemental brezkompromisno velja za eno najuspe\u0161nej\u0161ih skupin v regiji. Z realisti\u010dno, brutalno iskreno in prodorno liriko na sceni stojijo \u017ee 25 let. Izdali so osem albumov, zabele\u017eili 60 milijonov ogledov na platformi YouTube in odigrali ve\u010d kot 1000 koncertov, razprodali zagreb\u0161ko \u0160alato, ter nizali \u0161tevilne koncerte po \u0161ir\u0161i balkanski [&hellip;]<\/p>","protected":false},"author":11,"featured_media":58456,"template":"","meta":{"_seopress_robots_primary_cat":"none","_seopress_titles_title":"","_seopress_titles_desc":"","_seopress_robots_index":""},"product_brand":[],"product_cat":[230],"product_tag":[222],"class_list":{"0":"post-58463","1":"product","2":"type-product","3":"status-publish","4":"has-post-thumbnail","6":"product_cat-arhiv","7":"product_tag-predprodaja","9":"entry","10":"has-media","12":"first","13":"instock","14":"virtual","15":"taxable","16":"product-type-simple","17":"has-product-nav","18":"col","19":"span_1_of_4","20":"owp-content-center","21":"item-entry","22":"owp-thumbs-layout-horizontal","23":"owp-btn-normal","24":"owp-tabs-layout-section","25":"has-no-thumbnails"},"publishpress_future_action":{"enabled":false,"date":"2026-05-09 20:02:29","action":"change-status","newStatus":"draft","terms":[],"taxonomy":"product_cat","extraData":[]},"publishpress_future_workflow_manual_trigger":{"enabledWorkflows":[]},"_links":{"self":[{"href":"https:\/\/www.orto-bar.com\/en\/wp-json\/wp\/v2\/product\/58463","targetHints":{"allow":["GET"]}}],"collection":[{"href":"https:\/\/www.orto-bar.com\/en\/wp-json\/wp\/v2\/product"}],"about":[{"href":"https:\/\/www.orto-bar.com\/en\/wp-json\/wp\/v2\/types\/product"}],"author":[{"embeddable":true,"href":"https:\/\/www.orto-bar.com\/en\/wp-json\/wp\/v2\/users\/11"}],"version-history":[{"count":0,"href":"https:\/\/www.orto-bar.com\/en\/wp-json\/wp\/v2\/product\/58463\/revisions"}],"wp:featuredmedia":[{"embeddable":true,"href":"https:\/\/www.orto-bar.com\/en\/wp-json\/wp\/v2\/media\/58456"}],"wp:attachment":[{"href":"https:\/\/www.orto-bar.com\/en\/wp-json\/wp\/v2\/media?parent=58463"}],"wp:term":[{"taxonomy":"product_brand","embeddable":true,"href":"https:\/\/www.orto-bar.com\/en\/wp-json\/wp\/v2\/product_brand?post=58463"},{"taxonomy":"product_cat","embeddable":true,"href":"https:\/\/www.orto-bar.com\/en\/wp-json\/wp\/v2\/product_cat?post=58463"},{"taxonomy":"product_tag","embeddable":true,"href":"https:\/\/www.orto-bar.com\/en\/wp-json\/wp\/v2\/product_tag?post=58463"}],"curies":[{"name":"wp","href":"https:\/\/api.w.org\/{rel}","templated":true}]}}