{"id":58498,"date":"2024-01-26T18:45:13","date_gmt":"2024-01-26T17:45:13","guid":{"rendered":"https:\/\/www.orto-bar.com\/?post_type=product&#038;p=58498"},"modified":"2024-04-09T07:47:49","modified_gmt":"2024-04-09T05:47:49","slug":"orto-fest-2024-inmate-metropolis","status":"publish","type":"product","link":"https:\/\/www.orto-bar.com\/en\/dogodki\/arhiv\/orto-fest-2024-inmate-metropolis\/","title":{"rendered":"Orto Fest 2024 &#8211; Inmate, Metropolis"},"content":{"rendered":"<p><strong>INMATE<\/strong><\/p>\n<p>INMATE imajo v svojem ve\u010dletnem ustvarjanju za seboj veliko koncertov po Sloveniji in tujini. V letih delovanja so napredovali v zvoku in glasbeni usmeritvi, lahko se pohvalijo tudi z izredno dovr\u0161enim odrskim nastopom. Mo\u010dne\u00a0kitare, udarna ritem sekcija in energi\u010dnost vokalista jim \u0161iri poslu\u0161alstvo z vsakim koncertom in jih uvr\u0161\u010da med mod- erne new age metal skupine. Njihovo ustvarjanje in dojemanje glasbe temelji na trdem delu in iskanju novih, \u0161e\u00a0 nepoznanih vplivov. Vsekakor je skupina znana predvsem po svoji odlo\u010dni dr\u017ei in nepopustljivem vztrajanju na odru in izven njega. Ni jih malo, ki verjamejo v njihov uspeh, predvsem pa jim vsak koncert \u0161iri poslu\u0161alstvo in zveste obiskovalce live nastopov. Skupina, ki prisega na live nastope, je v letih svojega ustvarjanja obdelala \u017ee marsikateri oder. Do sedaj so gostovali v Nem\u010diji, Avstriji, Italiji ter na Hrva\u0161kem, vrhunec pa vsekakor predstavlja nastop na dveh koncertih turneje \u00bbWhere death is most alive\u00ab metal legend Dark Tranquillity v Zagrebu in na Dunaju v letu 2010. Med odmevnej\u0161e nastope spadajo kar 7-kratna uvrstitev v program festivala Metalcamp\/Metaldays (2006, 2008, 2009, 2012, 2019, 2021, 2022), nastop na avstrijskem festivalu Rock The Lake 2010, nastop na slovenskih festivalih Rock Oto\u010dec, Festival Lent, Metal Mania 08, Dnevi mladih in kulture Velenje, 2. mesto na nate\u010daju za osvojitev Zlate cinele v Lendavi,\u00a0 Alternativa 09 festival v Ribnici, ve\u010dkratni zaporedni nastop na festivalu Small Fest, nastop ob premieri videospo- ta skupine LastDayHere v Cvetlicarni Ljubljana, festival Metal Kramp, nastop na najve\u010djem hrva\u0161kem festivalu Metalfest Zadar, nastop kot predskupina Hatebreed v Nemciji itd. V zadnjem \u010dasu velja izpostaviti kar dva\u00a0zaporedna nastopa na slovenskem izboru za Eurovizijo, EMA 2019 in 2020, ker so kot prva metal zasedba v zgodovini najbolj gledanega glasbenega dogodka v Sloveniji, ve\u010d kot navdu\u0161ili.<\/p>\n<p>&nbsp;<\/p>\n<p>S koncertom v Ortobaru bodo uradno iz\u0161el njihov \u017ee 6. studijski izdelek, album z naslovomo LET THE DEAD BURY THEIR DEAD Gre za njihov najtr\u0161i album do sedaj.<\/p>\n<p>&nbsp;<\/p>\n<p><strong>METROPOLIS<\/strong><\/p>\n<p>Metropolis so klasi\u010dni rokenrol trio, ki \u0161tarta leta 1994 v gara\u017ei v Trnovem v Ljubljani. Poimenujejo se po legendarnem komadu skupine Motorhead in za\u010dnejo z ustvarjanjem lastnega rokenrola.<\/p>\n<p>Do konca devetdesetih posnamejo \u0161tiri albume, ki izidejo na dveh CD-jih. Prvi je ROKENROL BEND iz leta 1997 in je izbor 22 komadov iz treh albumov. Dve leti kasneje sledi PAZI SE. V tem \u010dasu so redni gostje po slovenskih underground rock klubih.<\/p>\n<p>Iz do sedaj \u0161e nepojasnjnih razlogov \u0161tartajo &#8220;poslovilno turnejo&#8221; od 2000 do 2015. Pribli\u017eno okoli enkrat na leto igrajo svoj tradicionalno zadnji koncert. Konec leta 2015 se Zrni odpravi \u010dez veliko lu\u017eo, bendu pa se pridru\u017ei nov kitarist \u010cule.<\/p>\n<p>V 2016 se spet bolj aktivirajo na koncertnih odrih in 2019 na svojem YouTube kanalu objavijo DITROJT LIVE. Ve\u010dinoma Motorhead priredbe in nekaj starih originalov.<\/p>\n<p>V za\u010detku leta 2020 se lotijo \u0161e novega studijskega albuma, ki pa zaradi nekega virusa izide \u0161ele oktobra 2022. Album naslovijo METROPOLIS.<\/p>\n<p>&nbsp;<\/p>","protected":false},"excerpt":{"rendered":"<p>INMATE INMATE imajo v svojem ve\u010dletnem ustvarjanju za seboj veliko koncertov po Sloveniji in tujini. V letih delovanja so napredovali v zvoku in glasbeni usmeritvi, lahko se pohvalijo tudi z izredno dovr\u0161enim odrskim nastopom. Mo\u010dne\u00a0kitare, udarna ritem sekcija in energi\u010dnost vokalista jim \u0161iri poslu\u0161alstvo z vsakim koncertom in jih uvr\u0161\u010da med mod- erne new age [&hellip;]<\/p>","protected":false},"author":11,"featured_media":58499,"template":"","meta":{"_seopress_robots_primary_cat":"none","_seopress_titles_title":"","_seopress_titles_desc":"","_seopress_robots_index":""},"product_brand":[],"product_cat":[230],"product_tag":[222],"class_list":{"0":"post-58498","1":"product","2":"type-product","3":"status-publish","4":"has-post-thumbnail","6":"product_cat-arhiv","7":"product_tag-predprodaja","9":"entry","10":"has-media","12":"first","13":"instock","14":"virtual","15":"taxable","16":"product-type-simple","17":"has-product-nav","18":"col","19":"span_1_of_4","20":"owp-content-center","21":"item-entry","22":"owp-thumbs-layout-horizontal","23":"owp-btn-normal","24":"owp-tabs-layout-section","25":"has-no-thumbnails"},"publishpress_future_action":{"enabled":false,"date":"2026-05-09 21:29:03","action":"change-status","newStatus":"draft","terms":[],"taxonomy":"product_cat","extraData":[]},"publishpress_future_workflow_manual_trigger":{"enabledWorkflows":[]},"_links":{"self":[{"href":"https:\/\/www.orto-bar.com\/en\/wp-json\/wp\/v2\/product\/58498","targetHints":{"allow":["GET"]}}],"collection":[{"href":"https:\/\/www.orto-bar.com\/en\/wp-json\/wp\/v2\/product"}],"about":[{"href":"https:\/\/www.orto-bar.com\/en\/wp-json\/wp\/v2\/types\/product"}],"author":[{"embeddable":true,"href":"https:\/\/www.orto-bar.com\/en\/wp-json\/wp\/v2\/users\/11"}],"version-history":[{"count":0,"href":"https:\/\/www.orto-bar.com\/en\/wp-json\/wp\/v2\/product\/58498\/revisions"}],"wp:featuredmedia":[{"embeddable":true,"href":"https:\/\/www.orto-bar.com\/en\/wp-json\/wp\/v2\/media\/58499"}],"wp:attachment":[{"href":"https:\/\/www.orto-bar.com\/en\/wp-json\/wp\/v2\/media?parent=58498"}],"wp:term":[{"taxonomy":"product_brand","embeddable":true,"href":"https:\/\/www.orto-bar.com\/en\/wp-json\/wp\/v2\/product_brand?post=58498"},{"taxonomy":"product_cat","embeddable":true,"href":"https:\/\/www.orto-bar.com\/en\/wp-json\/wp\/v2\/product_cat?post=58498"},{"taxonomy":"product_tag","embeddable":true,"href":"https:\/\/www.orto-bar.com\/en\/wp-json\/wp\/v2\/product_tag?post=58498"}],"curies":[{"name":"wp","href":"https:\/\/api.w.org\/{rel}","templated":true}]}}