{"id":58730,"date":"2024-01-28T21:11:57","date_gmt":"2024-01-28T20:11:57","guid":{"rendered":"https:\/\/www.orto-bar.com\/?post_type=product&#038;p=58730"},"modified":"2024-04-11T16:51:25","modified_gmt":"2024-04-11T14:51:25","slug":"orto-fest-2024-haiku-garden-astrid","status":"publish","type":"product","link":"https:\/\/www.orto-bar.com\/en\/dogodki\/arhiv\/orto-fest-2024-haiku-garden-astrid\/","title":{"rendered":"Orto Fest 2024 &#8211; Haiku Garden &#038; Astrid-"},"content":{"rendered":"<p>&nbsp;<\/p>\n<p>Orto fest double bill za enajsti april:<\/p>\n<p>shoegazerji <a href=\"https:\/\/linktr.ee\/haikugarden\">Haiku Garden<\/a> &amp; alter pop <a href=\"https:\/\/www.instagram.com\/astridmusicofficial\/?hl=en\">Astrid-<\/a><\/p>\n<p>&nbsp;<\/p>\n<p><a href=\"https:\/\/www.facebook.com\/HaikuGardenBand\/\">Haiku Garden<\/a><\/p>\n<p>Doma\u010di prvaki shoegazinga Haiku Garden se aprila vra\u010dajo na oder Orto Bara, kar\u00a0 bo za njih hkrati prvi ljubljanski \u0161pil v letu 2024. In to ravno po kon\u010dani evropski turneji, kjer bodo februarja prekri\u017earili Avstrijo, Nem\u010dijo in Slova\u0161ko, zato jih velja ujeti v \u017eivo, ko so \u0161e sve\u017ei&amp;vro\u010di s turneje!<\/p>\n<p>Haiku Garden so znanci doma\u010dih klubskih odrov in neodvisne zalo\u017ebe KAPA Records \u017ee vse od prvega EP-ja <a href=\"https:\/\/open.spotify.com\/album\/4hHMcv0sCKr1iVbQZpTdLL\">Waver<\/a> (2016) ter debitantske plo\u0161\u010de <a href=\"https:\/\/open.spotify.com\/album\/1pabvD5KSm47jQt2aaTkr0\">Where If Not Now<\/a> (2018). Tej je sledil album Iz\u0161tekani pri ZKP RTV Slo (2020) ter zatem (trenutno \u0161e vedno aktualni) album <a href=\"https:\/\/open.spotify.com\/album\/02HKbeQKfUorZE9tZUTZHP\">Loose Contacts \/ Tense Present<\/a> (2022).<\/p>\n<p>Svojim prvotnim vplivom so tekom let dodali \u0161e sve\u017eino psihedeli\u010dnega popa, post-panka, gara\u017enega rocka in krautrocka, nepogre\u0161ljiv pa je njihov zvok mastnih, fuzzy kitar ter nareverbanih vokalov.<\/p>\n<p>Trenutno so sredi snemanja novega albuma, zato bodo premierno zaigrali tudi kako noviteto!<\/p>\n<p>&nbsp;<\/p>\n<p>Poslu\u0161aj: <a href=\"https:\/\/www.youtube.com\/watch?v=6M9ztWthGF8\">https:\/\/www.youtube.com\/watch?v=6M9ztWthGF8<\/a><\/p>\n<p>&nbsp;<\/p>\n<p><a href=\"https:\/\/linktr.ee\/astridmusicofficial\">Astrid- <\/a><\/p>\n<p>Za imenom Astrid- se skriva Astrid Ana Kljun, slovenska alternativna pop izvajalka, sicer akademsko izobra\u017eena harfistka in vokalistka. Prvi\u010d se je javnosti predstavila leta 2019 s skladbo Coconut, kateri sta sledile \u0161e Sing to me in \u010crno pero. Tem prvim popovskim zvo\u010dnim nastavkom je sledil stilski preobrat, odkar od leta 2022 sodeluje s producentom Toma\u017eem Zupan\u010di\u010dem (MRFY). S skladbami Stanovanje, Tel Aviv, DEVOJKE, Kostarika in Hey, Julie, sta se Astrid in Toma\u017e usmerila bolj proti trip-hopu in alternativni, art pop glasbi, kjer ne manjka tudi ambientalnih momentov. Astrid je za ve\u010dino skladb re\u017eirala in producirala tudi videospote.<\/p>\n<p>Julija 2023 je izdala <a href=\"https:\/\/open.spotify.com\/album\/67cG9AuIoH3lDofpsJrvCs\">EP Triptich<\/a>, trenutno pa z zasedbo planirajo izid dolgometra\u017enega prvenca, ki bo pri\u0161el spomladi. Prvi singel Dry Out s prihajajo\u010dega izdelka je bil preteklega decembra \u017ee izglasovan kot &#8216;Komad leta 2023&#8217; na Radiu Terminal.<\/p>\n<p>Naredi u\u0161esom uslugo in pridi po\u010dekirat, kako zvo\u010dno bogati in producentsko izpiljeni komadi Astrid- zvenijo v \u017eivo v bendovskem formatu.<\/p>\n<p>&nbsp;<\/p>\n<p>Poslu\u0161aj: <a href=\"https:\/\/www.youtube.com\/watch?v=7rnsDG24g6k\">https:\/\/www.youtube.com\/watch?v=7rnsDG24g6k<\/a><\/p>\n<p>__________________<\/p>\n<p>&nbsp;<\/p>\n<p>Vstopnina:<\/p>\n<p>Early bird: 10\u20ac<\/p>\n<p>Predprodaja: 12\u20ac<\/p>\n<p>Na dan: 15\u20ac<\/p>\n<p>&nbsp;<\/p>","protected":false},"excerpt":{"rendered":"<p>&nbsp; Orto fest double bill za enajsti april: shoegazerji Haiku Garden &amp; alter pop Astrid- &nbsp; Haiku Garden Doma\u010di prvaki shoegazinga Haiku Garden se aprila vra\u010dajo na oder Orto Bara, kar\u00a0 bo za njih hkrati prvi ljubljanski \u0161pil v letu 2024. In to ravno po kon\u010dani evropski turneji, kjer bodo februarja prekri\u017earili Avstrijo, Nem\u010dijo in [&hellip;]<\/p>","protected":false},"author":11,"featured_media":58732,"template":"","meta":{"_seopress_robots_primary_cat":"none","_seopress_titles_title":"","_seopress_titles_desc":"","_seopress_robots_index":""},"product_brand":[],"product_cat":[230],"product_tag":[222],"class_list":{"0":"post-58730","1":"product","2":"type-product","3":"status-publish","4":"has-post-thumbnail","6":"product_cat-arhiv","7":"product_tag-predprodaja","9":"entry","10":"has-media","12":"first","13":"instock","14":"virtual","15":"taxable","16":"product-type-simple","17":"has-product-nav","18":"col","19":"span_1_of_4","20":"owp-content-center","21":"item-entry","22":"owp-thumbs-layout-horizontal","23":"owp-btn-normal","24":"owp-tabs-layout-section","25":"has-no-thumbnails"},"publishpress_future_action":{"enabled":false,"date":"2026-04-30 19:50:22","action":"change-status","newStatus":"draft","terms":[],"taxonomy":"product_cat","extraData":[]},"publishpress_future_workflow_manual_trigger":{"enabledWorkflows":[]},"_links":{"self":[{"href":"https:\/\/www.orto-bar.com\/en\/wp-json\/wp\/v2\/product\/58730","targetHints":{"allow":["GET"]}}],"collection":[{"href":"https:\/\/www.orto-bar.com\/en\/wp-json\/wp\/v2\/product"}],"about":[{"href":"https:\/\/www.orto-bar.com\/en\/wp-json\/wp\/v2\/types\/product"}],"author":[{"embeddable":true,"href":"https:\/\/www.orto-bar.com\/en\/wp-json\/wp\/v2\/users\/11"}],"version-history":[{"count":0,"href":"https:\/\/www.orto-bar.com\/en\/wp-json\/wp\/v2\/product\/58730\/revisions"}],"wp:featuredmedia":[{"embeddable":true,"href":"https:\/\/www.orto-bar.com\/en\/wp-json\/wp\/v2\/media\/58732"}],"wp:attachment":[{"href":"https:\/\/www.orto-bar.com\/en\/wp-json\/wp\/v2\/media?parent=58730"}],"wp:term":[{"taxonomy":"product_brand","embeddable":true,"href":"https:\/\/www.orto-bar.com\/en\/wp-json\/wp\/v2\/product_brand?post=58730"},{"taxonomy":"product_cat","embeddable":true,"href":"https:\/\/www.orto-bar.com\/en\/wp-json\/wp\/v2\/product_cat?post=58730"},{"taxonomy":"product_tag","embeddable":true,"href":"https:\/\/www.orto-bar.com\/en\/wp-json\/wp\/v2\/product_tag?post=58730"}],"curies":[{"name":"wp","href":"https:\/\/api.w.org\/{rel}","templated":true}]}}