{"id":59568,"date":"2024-02-02T11:31:41","date_gmt":"2024-02-02T10:31:41","guid":{"rendered":"https:\/\/www.orto-bar.com\/?post_type=product&#038;p=59568"},"modified":"2024-04-02T18:21:50","modified_gmt":"2024-04-02T16:21:50","slug":"orto-fest-2024-jure-lesar-in-krila-ptice","status":"publish","type":"product","link":"https:\/\/www.orto-bar.com\/en\/dogodki\/arhiv\/orto-fest-2024-jure-lesar-in-krila-ptice\/","title":{"rendered":"Orto Fest 2024 &#8211; Jure Lesar in Krila ptice"},"content":{"rendered":"<p>&nbsp;<\/p>\n<p><strong>Jure Lesar<\/strong> je glasbenik in tekstopisec, ki ga spremljamo na slovenskih odrih in radijskih valovih \u017ee dobro desetletje. Skozi lucidna besedila in s prepoznavnim kitarskim zvokom bele\u017ei in deli svoje ob\u010dutke in do\u017eivetja.<\/p>\n<p>&nbsp;<\/p>\n<p>Kot ustanovitelj in frontman <strong>skupine Eskobars<\/strong> je izdal dva studijska albuma\u00a0(<em>Eskobars<\/em> in Ni dovolj), nato pa kot solo izvajalec \u0161e dva albuma (Zemljin sin in Je kaj\u00a0novega), vklju\u010dno z uspe\u0161nicami Druga\u010den, Mestno kolo,\u00a0Parfum in Gd\u010d. Blond.<\/p>\n<p>&nbsp;<\/p>\n<p>Njegovo pripovedno zgodbo spremlja zasedba <strong>KRILA PTICE<\/strong> (<em>Jan Fanedl, Matic Isovski, Ga\u0161per\u00a0Per\u0161l in Timotej Majer<\/em>), ki s svojo energijo na odru\u00a0spretno preklaplja med spevnimi baladami in pravim rokenrol \u017eurom.<\/p>\n<p>&nbsp;<\/p>\n<p>&nbsp;<\/p>\n<p>Cena vstopnic: 10\u20ac predprodaja, 14\u20ac na dan koncerta.<\/p>","protected":false},"excerpt":{"rendered":"<p>&nbsp; Jure Lesar je glasbenik in tekstopisec, ki ga spremljamo na slovenskih odrih in radijskih valovih \u017ee dobro desetletje. Skozi lucidna besedila in s prepoznavnim kitarskim zvokom bele\u017ei in deli svoje ob\u010dutke in do\u017eivetja. &nbsp; Kot ustanovitelj in frontman skupine Eskobars je izdal dva studijska albuma\u00a0(Eskobars in Ni dovolj), nato pa kot solo izvajalec \u0161e [&hellip;]<\/p>","protected":false},"author":11,"featured_media":59569,"template":"","meta":{"_seopress_robots_primary_cat":"none","_seopress_titles_title":"","_seopress_titles_desc":"","_seopress_robots_index":""},"product_brand":[],"product_cat":[230],"product_tag":[222],"class_list":{"0":"post-59568","1":"product","2":"type-product","3":"status-publish","4":"has-post-thumbnail","6":"product_cat-arhiv","7":"product_tag-predprodaja","9":"entry","10":"has-media","12":"first","13":"instock","14":"virtual","15":"taxable","16":"product-type-simple","17":"has-product-nav","18":"col","19":"span_1_of_4","20":"owp-content-center","21":"item-entry","22":"owp-thumbs-layout-horizontal","23":"owp-btn-normal","24":"owp-tabs-layout-section","25":"has-no-thumbnails"},"publishpress_future_action":{"enabled":false,"date":"2026-05-09 20:10:28","action":"change-status","newStatus":"draft","terms":[],"taxonomy":"product_cat","extraData":[]},"publishpress_future_workflow_manual_trigger":{"enabledWorkflows":[]},"_links":{"self":[{"href":"https:\/\/www.orto-bar.com\/en\/wp-json\/wp\/v2\/product\/59568","targetHints":{"allow":["GET"]}}],"collection":[{"href":"https:\/\/www.orto-bar.com\/en\/wp-json\/wp\/v2\/product"}],"about":[{"href":"https:\/\/www.orto-bar.com\/en\/wp-json\/wp\/v2\/types\/product"}],"author":[{"embeddable":true,"href":"https:\/\/www.orto-bar.com\/en\/wp-json\/wp\/v2\/users\/11"}],"version-history":[{"count":0,"href":"https:\/\/www.orto-bar.com\/en\/wp-json\/wp\/v2\/product\/59568\/revisions"}],"wp:featuredmedia":[{"embeddable":true,"href":"https:\/\/www.orto-bar.com\/en\/wp-json\/wp\/v2\/media\/59569"}],"wp:attachment":[{"href":"https:\/\/www.orto-bar.com\/en\/wp-json\/wp\/v2\/media?parent=59568"}],"wp:term":[{"taxonomy":"product_brand","embeddable":true,"href":"https:\/\/www.orto-bar.com\/en\/wp-json\/wp\/v2\/product_brand?post=59568"},{"taxonomy":"product_cat","embeddable":true,"href":"https:\/\/www.orto-bar.com\/en\/wp-json\/wp\/v2\/product_cat?post=59568"},{"taxonomy":"product_tag","embeddable":true,"href":"https:\/\/www.orto-bar.com\/en\/wp-json\/wp\/v2\/product_tag?post=59568"}],"curies":[{"name":"wp","href":"https:\/\/api.w.org\/{rel}","templated":true}]}}