{"id":59571,"date":"2024-02-02T11:41:44","date_gmt":"2024-02-02T10:41:44","guid":{"rendered":"https:\/\/www.orto-bar.com\/?post_type=product&#038;p=59571"},"modified":"2024-04-25T20:23:25","modified_gmt":"2024-04-25T18:23:25","slug":"orto-fest-2024-viaentropia-smetnaki","status":"publish","type":"product","link":"https:\/\/www.orto-bar.com\/en\/dogodki\/arhiv\/orto-fest-2024-viaentropia-smetnaki\/","title":{"rendered":"Orto Fest 2024 &#8211; viaENTROPIA, Smetnaki"},"content":{"rendered":"<p>&nbsp;<\/p>\n<p>viaEntropia<\/p>\n<p>&nbsp;<\/p>\n<p>Pozor! prihaja viaEntropia!<\/p>\n<p>Skrijte vse, ker spet bo polomija.<\/p>\n<p>Folku zna se strgat nenormalno<\/p>\n<p>in potem se vede nemoralno:<\/p>\n<p>ve\u010dkrat je za \u0161ankom piva zmanjkal,<\/p>\n<p>fla\u0161e, pipo, \u010disto vse so stankal.<\/p>\n<p>Enkrat lu\u010d so skoraj s stropa zbili,<\/p>\n<p>drugi\u010d tla med plesom so razrili,<\/p>\n<p>bend pa kar na\u017eiga in navija,<\/p>\n<p>da se \u0161e stopnjuje evforija,<\/p>\n<p>strune trgajo se kot za stavo,<\/p>\n<p>cel\u00f3 oder je \u017ee po\u010dil med zabavo,<\/p>\n<p>a \u0161e, ko so na tleh le\u017eali,<\/p>\n<p>naprej so svojo muziko igrali\u2026<\/p>\n<p>&nbsp;<\/p>\n<p>Zasedba: Jaka Bole (vokal), Helena Domajnko (bas), Dora Domajnko (harmonika), Miran Domajnko (violina), Tilen Jan (kitara), Virgil Kos (kitara &amp; back vokal), Nejc Ro\u017eman (bobni).<\/p>\n<p>&nbsp;<\/p>\n<p>&nbsp;<\/p>\n<p>&nbsp;<\/p>\n<p>Smetnaki<\/p>\n<p>&nbsp;<\/p>\n<p>Smetnaki so kranjsko-tr\u017ei\u0161ki glasbeni sestav. \u017danrsko se ne opredeljujejo &#8211; predvsem se<\/p>\n<p>odzivajo na preproste do zelo bizarne situacije \u017eivljenja. Njihovo glasbo, najbolj pa besedila,<\/p>\n<p>tako zaznamuje humor &#8211; bolj ali manj zakrit v ve\u010d nivojev ironije. Ustvarjajo iz organske<\/p>\n<p>nuje. Igrajo, ker sebe in vas radi naple\u0161ejo in pre\u0161vicajo.<\/p>\n<p>&nbsp;<\/p>\n<p>Gal Grobov\u0161ek &#8211; tenor sax, vokal<\/p>\n<p>\u017dan \u0160krjanec &#8211; pozavna<\/p>\n<p>An\u017ee Balanti\u010d &#8211; trobenta<\/p>\n<p>An\u017ee Podobnik- bobni<\/p>\n<p>Amadei \u0160ar\u0161anski &#8211; bas kitara<\/p>\n<p>Rok Valjavec &#8211; elektri\u010dna kitara<\/p>","protected":false},"excerpt":{"rendered":"<p>&nbsp; viaEntropia &nbsp; Pozor! prihaja viaEntropia! Skrijte vse, ker spet bo polomija. Folku zna se strgat nenormalno in potem se vede nemoralno: ve\u010dkrat je za \u0161ankom piva zmanjkal, fla\u0161e, pipo, \u010disto vse so stankal. Enkrat lu\u010d so skoraj s stropa zbili, drugi\u010d tla med plesom so razrili, bend pa kar na\u017eiga in navija, da se [&hellip;]<\/p>","protected":false},"author":11,"featured_media":64487,"template":"","meta":{"_seopress_robots_primary_cat":"none","_seopress_titles_title":"","_seopress_titles_desc":"","_seopress_robots_index":""},"product_brand":[],"product_cat":[230],"product_tag":[222],"class_list":{"0":"post-59571","1":"product","2":"type-product","3":"status-publish","4":"has-post-thumbnail","6":"product_cat-arhiv","7":"product_tag-predprodaja","9":"entry","10":"has-media","12":"first","13":"instock","14":"virtual","15":"taxable","16":"product-type-simple","17":"has-product-nav","18":"col","19":"span_1_of_4","20":"owp-content-center","21":"item-entry","22":"owp-thumbs-layout-horizontal","23":"owp-btn-normal","24":"owp-tabs-layout-section","25":"has-no-thumbnails"},"publishpress_future_action":{"enabled":false,"date":"2026-05-09 22:23:58","action":"change-status","newStatus":"draft","terms":[],"taxonomy":"product_cat","extraData":[]},"publishpress_future_workflow_manual_trigger":{"enabledWorkflows":[]},"_links":{"self":[{"href":"https:\/\/www.orto-bar.com\/en\/wp-json\/wp\/v2\/product\/59571","targetHints":{"allow":["GET"]}}],"collection":[{"href":"https:\/\/www.orto-bar.com\/en\/wp-json\/wp\/v2\/product"}],"about":[{"href":"https:\/\/www.orto-bar.com\/en\/wp-json\/wp\/v2\/types\/product"}],"author":[{"embeddable":true,"href":"https:\/\/www.orto-bar.com\/en\/wp-json\/wp\/v2\/users\/11"}],"version-history":[{"count":0,"href":"https:\/\/www.orto-bar.com\/en\/wp-json\/wp\/v2\/product\/59571\/revisions"}],"wp:featuredmedia":[{"embeddable":true,"href":"https:\/\/www.orto-bar.com\/en\/wp-json\/wp\/v2\/media\/64487"}],"wp:attachment":[{"href":"https:\/\/www.orto-bar.com\/en\/wp-json\/wp\/v2\/media?parent=59571"}],"wp:term":[{"taxonomy":"product_brand","embeddable":true,"href":"https:\/\/www.orto-bar.com\/en\/wp-json\/wp\/v2\/product_brand?post=59571"},{"taxonomy":"product_cat","embeddable":true,"href":"https:\/\/www.orto-bar.com\/en\/wp-json\/wp\/v2\/product_cat?post=59571"},{"taxonomy":"product_tag","embeddable":true,"href":"https:\/\/www.orto-bar.com\/en\/wp-json\/wp\/v2\/product_tag?post=59571"}],"curies":[{"name":"wp","href":"https:\/\/api.w.org\/{rel}","templated":true}]}}