{"id":60187,"date":"2024-02-05T18:36:47","date_gmt":"2024-02-05T17:36:47","guid":{"rendered":"https:\/\/www.orto-bar.com\/?post_type=product&#038;p=60187"},"modified":"2024-02-05T18:42:53","modified_gmt":"2024-02-05T17:42:53","slug":"ment-orto-dirty-skunks-stage","status":"publish","type":"product","link":"https:\/\/www.orto-bar.com\/en\/dogodki\/arhiv\/ment-orto-dirty-skunks-stage\/","title":{"rendered":"Ment @ Orto@ Dirty Skunks stage"},"content":{"rendered":"<p>&nbsp;<\/p>\n<div class=\"x11i5rnm xat24cr x1mh8g0r x1vvkbs xtlvy1s\">Dirty Skunks oder @ MENT 2024<br \/>\nPetek, 23. 2., 19:00 @ Orto bar<\/div>\n<div class=\"x11i5rnm xat24cr x1mh8g0r x1vvkbs xtlvy1s\">Ekipa Dirty Skunks je eden najproduktivnej\u0161ih organizatorjev koncertov v regiji. Koncerte redno organizirajo \u017ee ve\u010d kot 20 let, kar pomeni ve\u010d kot 1000 produkcij v razli\u010dnih klubih, dvoranah in drugih objektih. Najraje imajo metal, hardcore, stoner, rock in druge alternativne zvrsti, brez omejitev na lokalne ali mednarodne, velike ali male izvajalce. \u010crt Batagelj in Matej Ahlin sta o\u010deta tega ekstremnega skunkovskega stroja, ki se mu je pred kratkim pridru\u017eil mladi producent \u017dan Debelak skupaj z ekipo zavzetih malih skunkov. Dirty Skunks so tudi ustanovitelji in organizatorji povsem novega metalskega festivala Tolminator, ki se odvija v Tolminu.<\/div>\n<div class=\"x11i5rnm xat24cr x1mh8g0r x1vvkbs xtlvy1s\">NASTOPAJO\u010cI:<br \/>\nAgabas (NO)<br \/>\nHei\u2019An (SI)<br \/>\nHexis (DK)<br \/>\nKamra (SI)<br \/>\nThe Devil\u2019s Trade (HU)<\/div>\n<div class=\"x11i5rnm xat24cr x1mh8g0r x1vvkbs xtlvy1s\"><a class=\"x1i10hfl xjbqb8w x1ejq31n xd10rxx x1sy0etr x17r0tee x972fbf xcfux6l x1qhh985 xm0m39n x9f619 x1ypdohk xt0psk2 xe8uvvx xdj266r x11i5rnm xat24cr x1mh8g0r xexx8yu x4uap5 x18d9i69 xkhd6sd x16tdsg8 x1hl2dhg xggy1nq x1a2a7pz xt0b8zv x1fey0fg\" tabindex=\"0\" role=\"link\" href=\"https:\/\/www.ment.si\/dirty-skunks?fbclid=IwAR3hrK2BLSwMAYZdMFmpO6I54wzrrNcdBRsl7ZQPyIHkrXYahAERvlMWv08\" target=\"_blank\" rel=\"nofollow noopener noreferrer\">https:\/\/www.ment.si\/dirty-skunks<\/a><\/div>","protected":false},"excerpt":{"rendered":"<p>&nbsp; Dirty Skunks oder @ MENT 2024 Petek, 23. 2., 19:00 @ Orto bar Ekipa Dirty Skunks je eden najproduktivnej\u0161ih organizatorjev koncertov v regiji. Koncerte redno organizirajo \u017ee ve\u010d kot 20 let, kar pomeni ve\u010d kot 1000 produkcij v razli\u010dnih klubih, dvoranah in drugih objektih. Najraje imajo metal, hardcore, stoner, rock in druge alternativne zvrsti, [&hellip;]<\/p>","protected":false},"author":11,"featured_media":60188,"template":"","meta":{"_seopress_robots_primary_cat":"none","_seopress_titles_title":"","_seopress_titles_desc":"","_seopress_robots_index":""},"product_brand":[],"product_cat":[230],"product_tag":[222],"class_list":{"0":"post-60187","1":"product","2":"type-product","3":"status-publish","4":"has-post-thumbnail","6":"product_cat-arhiv","7":"product_tag-predprodaja","9":"entry","10":"has-media","12":"first","13":"instock","14":"virtual","15":"taxable","16":"product-type-simple","17":"has-product-nav","18":"col","19":"span_1_of_4","20":"owp-content-center","21":"item-entry","22":"owp-thumbs-layout-horizontal","23":"owp-btn-normal","24":"owp-tabs-layout-section","25":"has-no-thumbnails"},"publishpress_future_action":{"enabled":false,"date":"2026-05-09 14:05:32","action":"change-status","newStatus":"draft","terms":[],"taxonomy":"product_cat","extraData":[]},"publishpress_future_workflow_manual_trigger":{"enabledWorkflows":[]},"_links":{"self":[{"href":"https:\/\/www.orto-bar.com\/en\/wp-json\/wp\/v2\/product\/60187","targetHints":{"allow":["GET"]}}],"collection":[{"href":"https:\/\/www.orto-bar.com\/en\/wp-json\/wp\/v2\/product"}],"about":[{"href":"https:\/\/www.orto-bar.com\/en\/wp-json\/wp\/v2\/types\/product"}],"author":[{"embeddable":true,"href":"https:\/\/www.orto-bar.com\/en\/wp-json\/wp\/v2\/users\/11"}],"version-history":[{"count":0,"href":"https:\/\/www.orto-bar.com\/en\/wp-json\/wp\/v2\/product\/60187\/revisions"}],"wp:featuredmedia":[{"embeddable":true,"href":"https:\/\/www.orto-bar.com\/en\/wp-json\/wp\/v2\/media\/60188"}],"wp:attachment":[{"href":"https:\/\/www.orto-bar.com\/en\/wp-json\/wp\/v2\/media?parent=60187"}],"wp:term":[{"taxonomy":"product_brand","embeddable":true,"href":"https:\/\/www.orto-bar.com\/en\/wp-json\/wp\/v2\/product_brand?post=60187"},{"taxonomy":"product_cat","embeddable":true,"href":"https:\/\/www.orto-bar.com\/en\/wp-json\/wp\/v2\/product_cat?post=60187"},{"taxonomy":"product_tag","embeddable":true,"href":"https:\/\/www.orto-bar.com\/en\/wp-json\/wp\/v2\/product_tag?post=60187"}],"curies":[{"name":"wp","href":"https:\/\/api.w.org\/{rel}","templated":true}]}}