{"id":60240,"date":"2024-02-05T21:07:43","date_gmt":"2024-02-05T20:07:43","guid":{"rendered":"https:\/\/www.orto-bar.com\/?post_type=product&#038;p=60240"},"modified":"2024-04-08T17:52:50","modified_gmt":"2024-04-08T15:52:50","slug":"orto-fest-2024-torul-masaz","status":"publish","type":"product","link":"https:\/\/www.orto-bar.com\/en\/dogodki\/arhiv\/orto-fest-2024-torul-masaz\/","title":{"rendered":"Orto Fest 2024 -Torul, Masa\u017e"},"content":{"rendered":"<p>&nbsp;<\/p>\n<p>Ljubljanski indie\/synthpop trio TORUL z ve\u010d kot desetletno zgodovino mednarodnih dejavnosti se vra\u010da na ORTOfest!\u00a0Lani februarja izdani dolgometra\u017eni album \u201cEnd Less Dreams\u201d, njihov sedmi po vrsti, je nastal med zadu\u0161ljivim medkoronskim obdobjem, ki je pustilo svoj pe\u010dat v vsebini plo\u0161\u010de, obenem pa je doprineslo novo sve\u017eino in hudomu\u0161nost.<\/p>\n<p>Album je po\u017eel veliko dobrih mednarodnih kritik, prvi\u010d bil predstavljen v Kinu \u0160i\u0161ka, za tem pa tudi na evropski turneji, ki \u0161e traja. Na albumu za mikrofon kot novost ve\u010dkrat poprime tudi ustanovitelj zasedbe Torulsson, s \u010dimer interpretacija avtorskih komadov \u0161e bolj pridobi na neposrednosti, mestoma pa se prikrade tudi kak\u0161no besedilo v sloven\u0161\u010dini.<\/p>\n<p>Za Orto bar so pripravili prav posebno setlisto, ki bo zadovoljila tako najve\u010dje fene kot tiste, ki bodo zasedbo \u0161ele spoznali!<\/p>\n<p><a href=\"https:\/\/www.youtube.com\/@TORULVideokanal\/videos?fbclid=IwAR2i-eCUTnUDo1IPZGPH9SCCDU_HPHUni_68d9e2CfQ2-Rin7LP2-wFpJOM\">www.youtube.com\/@TORULVideokanal\/videos<\/a><\/p>\n<p>&nbsp;<\/p>\n<p>Energi\u010dno zasedbo Masa\u017e sestavljajo trije mladi talenti, ki s svojimi plesnimi ritmi poslu\u0161alce zapeljujejo v nove dimenzije. Leta 2021 so zmagali v 8. sezoni \u0160pil lige, serije koncertnih nastopov srednje\u0161olskih glasbenih ustvarjalcev in ustvarjalk v organizaciji Kina \u0160i\u0161ka, naslednje leto pa so kot predstavniki Klubskega maratona, legendarne klubske turneje v organizaciji Radia \u0160tudent, gostovali po slovenskem podzemlju.<\/p>\n<p>Konec leta 2023 so izdali prvenec 3d ritmi, na katerem so svoj prepoznaven pop zvok nadgradili z ne\u017eno elektroniko, prefinjenim funkom in elementi glama.<\/p>\n<p><a href=\"https:\/\/l.facebook.com\/l.php?u=https%3A%2F%2Fwww.youtube.com%2F%40masazband9469%2Fvideos%3Ffbclid%3DIwAR30MhuKRfsEjPpcWa96uAWi1rY_G_wGZ-F4fCgrBei1Ik8kyEDsV9g3DNU&amp;h=AT3_xlS9-3KBCv99J7WpF8DH4yc8EhwqR4KCppdH7WD02bCVsPlujQyYlCkjgm8A7dOUbDuENODgQihzVz6bXYe2MtJCgoU8axX-jrxdBVe7Q2M3Q_4PL3xxm3XlD4noxHJr&amp;__tn__=q&amp;c%5b0%5d=AT1YlT4Kn7t4sOJw6pM28vxDUyeelF1ocyYQp4DgRL2VFrKuLO5SSD2hajNlsFSTO4H_1PA_Y37cpEYXsgRtigidcGtLcdhJNKdqYtbxWShgkK6_3hR0jyYVLsN52_03dmnmjPD92kt-SD6Ub9iT2W923TRB\">www.youtube.com\/@masazband9469\/videos<\/a><\/p>\n<p>&nbsp;<\/p>\n<p>&nbsp;<\/p>","protected":false},"excerpt":{"rendered":"<p>&nbsp; Ljubljanski indie\/synthpop trio TORUL z ve\u010d kot desetletno zgodovino mednarodnih dejavnosti se vra\u010da na ORTOfest!\u00a0Lani februarja izdani dolgometra\u017eni album \u201cEnd Less Dreams\u201d, njihov sedmi po vrsti, je nastal med zadu\u0161ljivim medkoronskim obdobjem, ki je pustilo svoj pe\u010dat v vsebini plo\u0161\u010de, obenem pa je doprineslo novo sve\u017eino in hudomu\u0161nost. Album je po\u017eel veliko dobrih mednarodnih [&hellip;]<\/p>","protected":false},"author":11,"featured_media":61220,"template":"","meta":{"_seopress_robots_primary_cat":"none","_seopress_titles_title":"","_seopress_titles_desc":"","_seopress_robots_index":""},"product_brand":[],"product_cat":[230],"product_tag":[222],"class_list":{"0":"post-60240","1":"product","2":"type-product","3":"status-publish","4":"has-post-thumbnail","6":"product_cat-arhiv","7":"product_tag-predprodaja","9":"entry","10":"has-media","12":"first","13":"instock","14":"virtual","15":"taxable","16":"product-type-simple","17":"has-product-nav","18":"col","19":"span_1_of_4","20":"owp-content-center","21":"item-entry","22":"owp-thumbs-layout-horizontal","23":"owp-btn-normal","24":"owp-tabs-layout-section","25":"has-no-thumbnails"},"publishpress_future_action":{"enabled":false,"date":"2026-05-09 20:03:51","action":"change-status","newStatus":"draft","terms":[],"taxonomy":"product_cat","extraData":[]},"publishpress_future_workflow_manual_trigger":{"enabledWorkflows":[]},"_links":{"self":[{"href":"https:\/\/www.orto-bar.com\/en\/wp-json\/wp\/v2\/product\/60240","targetHints":{"allow":["GET"]}}],"collection":[{"href":"https:\/\/www.orto-bar.com\/en\/wp-json\/wp\/v2\/product"}],"about":[{"href":"https:\/\/www.orto-bar.com\/en\/wp-json\/wp\/v2\/types\/product"}],"author":[{"embeddable":true,"href":"https:\/\/www.orto-bar.com\/en\/wp-json\/wp\/v2\/users\/11"}],"version-history":[{"count":0,"href":"https:\/\/www.orto-bar.com\/en\/wp-json\/wp\/v2\/product\/60240\/revisions"}],"wp:featuredmedia":[{"embeddable":true,"href":"https:\/\/www.orto-bar.com\/en\/wp-json\/wp\/v2\/media\/61220"}],"wp:attachment":[{"href":"https:\/\/www.orto-bar.com\/en\/wp-json\/wp\/v2\/media?parent=60240"}],"wp:term":[{"taxonomy":"product_brand","embeddable":true,"href":"https:\/\/www.orto-bar.com\/en\/wp-json\/wp\/v2\/product_brand?post=60240"},{"taxonomy":"product_cat","embeddable":true,"href":"https:\/\/www.orto-bar.com\/en\/wp-json\/wp\/v2\/product_cat?post=60240"},{"taxonomy":"product_tag","embeddable":true,"href":"https:\/\/www.orto-bar.com\/en\/wp-json\/wp\/v2\/product_tag?post=60240"}],"curies":[{"name":"wp","href":"https:\/\/api.w.org\/{rel}","templated":true}]}}