{"id":61211,"date":"2024-02-09T13:40:55","date_gmt":"2024-02-09T12:40:55","guid":{"rendered":"https:\/\/www.orto-bar.com\/?post_type=product&#038;p=61211"},"modified":"2024-03-14T17:35:52","modified_gmt":"2024-03-14T16:35:52","slug":"happy-ol-mcweasel-in-klon-st-patricks-day-koncert","status":"publish","type":"product","link":"https:\/\/www.orto-bar.com\/en\/dogodki\/arhiv\/happy-ol-mcweasel-in-klon-st-patricks-day-koncert\/","title":{"rendered":"HAPPY OL\u2019 McWEASEL in Klon &#8211; St. Patrick\u2019s Day koncert"},"content":{"rendered":"<p>&nbsp;<\/p>\n<p><strong>HAPPY OL\u2019 McWEASEL in Klon &#8211; St. Patrick\u2019s Day koncert<\/strong><\/p>\n<p>Naj se Vizlovanje pri\u010dne! HAPPY OL\u2019 McWEASEL se v sklopu St. Patrick\u2019s Day turneje vra\u010dajo v Orto, idealen izgovor za pobeg in sprostitev! Vse, kar potrebujete je obisk koncerta, dobra volja in pivo v roki! To pa \u0161e ni vse! Zraven Happy Ol\u2019 McWeasel bodo nastopili tudi celjski rockerji KLON, dvojni razlog za veselje!<\/p>\n<p>&nbsp;<\/p>\n<p>Ve\u010d o HAPPY OL\u2019 McWEASEL:<\/p>\n<p>Po doma\u010de \u00bbVizli\u00ab ali tisti akrobatsko glasen in \u017eejen mariborski folk punk rock band, ki znova in znova \u00bbspra\u0161i\u00ab epske koncerte in to \u017ee 17 let! Prodoren vokal s \u0161\u010depcem navihanih kitar, pestjo zajetnega basa, zrnom rado\u017eivih violin, zgneteno harmoniko, prepe\u010denim bend\u017eom in hrustljavimi bobni zadovolji \u0161e najve\u010dje in najte\u017eje glasbene gurmane. Sicer pa, v treh besedah, \u00bbJump na lamp!\u00ab. Kaj je to? A! V tem je pa trik! Pridi pa vidi!<\/p>\n<p>&nbsp;<\/p>\n<p>Ve\u010d o Klon:<\/p>\n<p>Celjska rock skupina, ki je nastala konec leta 2019, svoj prvenec z naslovom KLON 1 pa je izdala v za\u010detku leta 2020. Njihovi glasbeni nastopi so dokaj surovi in nabiti z mo\u010dno energijo.<\/p>\n<p>&nbsp;<\/p>\n<p>Vstopnice:<\/p>\n<p>15 EUR &#8211;\u00a0predprodaja<\/p>\n<p>20 EUR &#8211; na dan koncerta<\/p>\n<p>&nbsp;<\/p>","protected":false},"excerpt":{"rendered":"<p>&nbsp; HAPPY OL\u2019 McWEASEL in Klon &#8211; St. Patrick\u2019s Day koncert Naj se Vizlovanje pri\u010dne! HAPPY OL\u2019 McWEASEL se v sklopu St. Patrick\u2019s Day turneje vra\u010dajo v Orto, idealen izgovor za pobeg in sprostitev! Vse, kar potrebujete je obisk koncerta, dobra volja in pivo v roki! To pa \u0161e ni vse! Zraven Happy Ol\u2019 McWeasel [&hellip;]<\/p>","protected":false},"author":11,"featured_media":61213,"template":"","meta":{"_seopress_robots_primary_cat":"none","_seopress_titles_title":"","_seopress_titles_desc":"","_seopress_robots_index":""},"product_brand":[],"product_cat":[230],"product_tag":[222],"class_list":{"0":"post-61211","1":"product","2":"type-product","3":"status-publish","4":"has-post-thumbnail","6":"product_cat-arhiv","7":"product_tag-predprodaja","9":"entry","10":"has-media","12":"first","13":"instock","14":"virtual","15":"taxable","16":"product-type-simple","17":"has-product-nav","18":"col","19":"span_1_of_4","20":"owp-content-center","21":"item-entry","22":"owp-thumbs-layout-horizontal","23":"owp-btn-normal","24":"owp-tabs-layout-section","25":"has-no-thumbnails"},"publishpress_future_action":{"enabled":false,"date":"2026-05-09 18:12:23","action":"change-status","newStatus":"draft","terms":[],"taxonomy":"product_cat","extraData":[]},"publishpress_future_workflow_manual_trigger":{"enabledWorkflows":[]},"_links":{"self":[{"href":"https:\/\/www.orto-bar.com\/en\/wp-json\/wp\/v2\/product\/61211","targetHints":{"allow":["GET"]}}],"collection":[{"href":"https:\/\/www.orto-bar.com\/en\/wp-json\/wp\/v2\/product"}],"about":[{"href":"https:\/\/www.orto-bar.com\/en\/wp-json\/wp\/v2\/types\/product"}],"author":[{"embeddable":true,"href":"https:\/\/www.orto-bar.com\/en\/wp-json\/wp\/v2\/users\/11"}],"version-history":[{"count":0,"href":"https:\/\/www.orto-bar.com\/en\/wp-json\/wp\/v2\/product\/61211\/revisions"}],"wp:featuredmedia":[{"embeddable":true,"href":"https:\/\/www.orto-bar.com\/en\/wp-json\/wp\/v2\/media\/61213"}],"wp:attachment":[{"href":"https:\/\/www.orto-bar.com\/en\/wp-json\/wp\/v2\/media?parent=61211"}],"wp:term":[{"taxonomy":"product_brand","embeddable":true,"href":"https:\/\/www.orto-bar.com\/en\/wp-json\/wp\/v2\/product_brand?post=61211"},{"taxonomy":"product_cat","embeddable":true,"href":"https:\/\/www.orto-bar.com\/en\/wp-json\/wp\/v2\/product_cat?post=61211"},{"taxonomy":"product_tag","embeddable":true,"href":"https:\/\/www.orto-bar.com\/en\/wp-json\/wp\/v2\/product_tag?post=61211"}],"curies":[{"name":"wp","href":"https:\/\/api.w.org\/{rel}","templated":true}]}}