{"id":61305,"date":"2024-02-09T18:14:30","date_gmt":"2024-02-09T17:14:30","guid":{"rendered":"https:\/\/www.orto-bar.com\/?post_type=product&#038;p=61305"},"modified":"2024-05-17T18:47:49","modified_gmt":"2024-05-17T16:47:49","slug":"temple-of-the-dog-tribute-show","status":"publish","type":"product","link":"https:\/\/www.orto-bar.com\/en\/dogodki\/arhiv\/temple-of-the-dog-tribute-show\/","title":{"rendered":"Temple of the dog &#8211; TRIBUTE SHOW"},"content":{"rendered":"<p>&nbsp;<\/p>\n<p>\u0160e en Stardogchampion tribute projekt, ki se je prvi\u010d zgodil 2017 v Mariboru. Tokrat se bo tretji\u010d. Projekt ni samo TOTD tribute, ampak trilogija osamljenih albumov, ki imajo med sabo velik presek. Prava poslastica za avtohtone ljubitelje te scene. Stvar bo definitifno zvenela vrhunsko s pomo\u010djo obiskovalcev. Wood, Cornell, Staley!<\/p>","protected":false},"excerpt":{"rendered":"<p>&nbsp; \u0160e en Stardogchampion tribute projekt, ki se je prvi\u010d zgodil 2017 v Mariboru. Tokrat se bo tretji\u010d. Projekt ni samo TOTD tribute, ampak trilogija osamljenih albumov, ki imajo med sabo velik presek. Prava poslastica za avtohtone ljubitelje te scene. Stvar bo definitifno zvenela vrhunsko s pomo\u010djo obiskovalcev. Wood, Cornell, Staley!<\/p>","protected":false},"author":11,"featured_media":73140,"template":"","meta":{"_seopress_robots_primary_cat":"none","_seopress_titles_title":"","_seopress_titles_desc":"","_seopress_robots_index":""},"product_brand":[],"product_cat":[230],"product_tag":[222],"class_list":{"0":"post-61305","1":"product","2":"type-product","3":"status-publish","4":"has-post-thumbnail","6":"product_cat-arhiv","7":"product_tag-predprodaja","9":"entry","10":"has-media","12":"first","13":"instock","14":"virtual","15":"taxable","16":"product-type-simple","17":"has-product-nav","18":"col","19":"span_1_of_4","20":"owp-content-center","21":"item-entry","22":"owp-thumbs-layout-horizontal","23":"owp-btn-normal","24":"owp-tabs-layout-section","25":"has-no-thumbnails"},"publishpress_future_action":{"enabled":false,"date":"2026-05-09 23:43:16","action":"change-status","newStatus":"draft","terms":[],"taxonomy":"product_cat","extraData":[]},"publishpress_future_workflow_manual_trigger":{"enabledWorkflows":[]},"_links":{"self":[{"href":"https:\/\/www.orto-bar.com\/en\/wp-json\/wp\/v2\/product\/61305","targetHints":{"allow":["GET"]}}],"collection":[{"href":"https:\/\/www.orto-bar.com\/en\/wp-json\/wp\/v2\/product"}],"about":[{"href":"https:\/\/www.orto-bar.com\/en\/wp-json\/wp\/v2\/types\/product"}],"author":[{"embeddable":true,"href":"https:\/\/www.orto-bar.com\/en\/wp-json\/wp\/v2\/users\/11"}],"version-history":[{"count":0,"href":"https:\/\/www.orto-bar.com\/en\/wp-json\/wp\/v2\/product\/61305\/revisions"}],"wp:featuredmedia":[{"embeddable":true,"href":"https:\/\/www.orto-bar.com\/en\/wp-json\/wp\/v2\/media\/73140"}],"wp:attachment":[{"href":"https:\/\/www.orto-bar.com\/en\/wp-json\/wp\/v2\/media?parent=61305"}],"wp:term":[{"taxonomy":"product_brand","embeddable":true,"href":"https:\/\/www.orto-bar.com\/en\/wp-json\/wp\/v2\/product_brand?post=61305"},{"taxonomy":"product_cat","embeddable":true,"href":"https:\/\/www.orto-bar.com\/en\/wp-json\/wp\/v2\/product_cat?post=61305"},{"taxonomy":"product_tag","embeddable":true,"href":"https:\/\/www.orto-bar.com\/en\/wp-json\/wp\/v2\/product_tag?post=61305"}],"curies":[{"name":"wp","href":"https:\/\/api.w.org\/{rel}","templated":true}]}}