{"id":61884,"date":"2024-02-14T12:22:11","date_gmt":"2024-02-14T11:22:11","guid":{"rendered":"https:\/\/www.orto-bar.com\/?post_type=product&#038;p=61884"},"modified":"2024-04-26T12:51:47","modified_gmt":"2024-04-26T10:51:47","slug":"orto-fest-2024-emkej-in-muzicari","status":"publish","type":"product","link":"https:\/\/www.orto-bar.com\/en\/dogodki\/arhiv\/orto-fest-2024-emkej-in-muzicari\/","title":{"rendered":"Orto Fest 2024 -EMKEJ in Muzi\u010dari"},"content":{"rendered":"<p>&nbsp;<\/p>\n<p>EMKEJ in MUZI\u010cARI:<\/p>\n<p>Emkej je eden najbolj prepoznavnih slovenskih raparjev, ki nam z vsakim komadom znova in znova posku\u0161a odpret o\u010di in zabi\u010dat nekaj krepkih o svetu, dru\u017ebi in nas samih.<br \/>\nNe ostaja pa samo pri besedah, saj z gibanjem Wudisban Records in Streamarnica vodi tudi zalo\u017eni\u0161ko dejavnost, zdru\u017euje hip-hop glasbenike in pomaga mladim talentiranim pri promociji hip-hop glasbe. Z njim bodo na odru tudi Muzi\u010dari, da bo sekalo tak ko treba!<\/p>","protected":false},"excerpt":{"rendered":"<p>&nbsp; EMKEJ in MUZI\u010cARI: Emkej je eden najbolj prepoznavnih slovenskih raparjev, ki nam z vsakim komadom znova in znova posku\u0161a odpret o\u010di in zabi\u010dat nekaj krepkih o svetu, dru\u017ebi in nas samih. Ne ostaja pa samo pri besedah, saj z gibanjem Wudisban Records in Streamarnica vodi tudi zalo\u017eni\u0161ko dejavnost, zdru\u017euje hip-hop glasbenike in pomaga mladim [&hellip;]<\/p>","protected":false},"author":11,"featured_media":61885,"template":"","meta":{"_seopress_robots_primary_cat":"none","_seopress_titles_title":"","_seopress_titles_desc":"","_seopress_robots_index":""},"product_brand":[],"product_cat":[230],"product_tag":[222],"class_list":{"0":"post-61884","1":"product","2":"type-product","3":"status-publish","4":"has-post-thumbnail","6":"product_cat-arhiv","7":"product_tag-predprodaja","9":"entry","10":"has-media","12":"first","13":"instock","14":"virtual","15":"taxable","16":"product-type-simple","17":"has-product-nav","18":"col","19":"span_1_of_4","20":"owp-content-center","21":"item-entry","22":"owp-thumbs-layout-horizontal","23":"owp-btn-normal","24":"owp-tabs-layout-section","25":"has-no-thumbnails"},"publishpress_future_action":{"enabled":false,"date":"2026-04-26 23:56:17","action":"change-status","newStatus":"draft","terms":[],"taxonomy":"product_cat","extraData":[]},"publishpress_future_workflow_manual_trigger":{"enabledWorkflows":[]},"_links":{"self":[{"href":"https:\/\/www.orto-bar.com\/en\/wp-json\/wp\/v2\/product\/61884","targetHints":{"allow":["GET"]}}],"collection":[{"href":"https:\/\/www.orto-bar.com\/en\/wp-json\/wp\/v2\/product"}],"about":[{"href":"https:\/\/www.orto-bar.com\/en\/wp-json\/wp\/v2\/types\/product"}],"author":[{"embeddable":true,"href":"https:\/\/www.orto-bar.com\/en\/wp-json\/wp\/v2\/users\/11"}],"version-history":[{"count":0,"href":"https:\/\/www.orto-bar.com\/en\/wp-json\/wp\/v2\/product\/61884\/revisions"}],"wp:featuredmedia":[{"embeddable":true,"href":"https:\/\/www.orto-bar.com\/en\/wp-json\/wp\/v2\/media\/61885"}],"wp:attachment":[{"href":"https:\/\/www.orto-bar.com\/en\/wp-json\/wp\/v2\/media?parent=61884"}],"wp:term":[{"taxonomy":"product_brand","embeddable":true,"href":"https:\/\/www.orto-bar.com\/en\/wp-json\/wp\/v2\/product_brand?post=61884"},{"taxonomy":"product_cat","embeddable":true,"href":"https:\/\/www.orto-bar.com\/en\/wp-json\/wp\/v2\/product_cat?post=61884"},{"taxonomy":"product_tag","embeddable":true,"href":"https:\/\/www.orto-bar.com\/en\/wp-json\/wp\/v2\/product_tag?post=61884"}],"curies":[{"name":"wp","href":"https:\/\/api.w.org\/{rel}","templated":true}]}}