{"id":61985,"date":"2024-02-14T21:30:31","date_gmt":"2024-02-14T20:30:31","guid":{"rendered":"https:\/\/www.orto-bar.com\/?post_type=product&#038;p=61985"},"modified":"2024-04-21T21:53:10","modified_gmt":"2024-04-21T19:53:10","slug":"orto-fest-2024-srd-ater-era-britof","status":"publish","type":"product","link":"https:\/\/www.orto-bar.com\/en\/dogodki\/arhiv\/orto-fest-2024-srd-ater-era-britof\/","title":{"rendered":"Orto Fest 2024 &#8211; Srd, Ater Era, Britof"},"content":{"rendered":"<p>&nbsp;<\/p>\n<div class=\"xdj266r x11i5rnm xat24cr x1mh8g0r x1vvkbs\">V sredo, 24. 4., bodo Orto bar zavzele tri velesile slovenske metal scene \u2013 SRD, ATER ERA in BRITOF. S tem dnem bodo obele\u017eili za\u010detek 12-dnevne evropske turneje pod imenom Theatrum Mortis Human\u00e6.<br \/>\nBodite pri\u010da tema\u010dnemu obredu \u2013 obredu \u010dlove\u0161ke smrti!<\/div>\n<div class=\"x11i5rnm xat24cr x1mh8g0r x1vvkbs xtlvy1s\">Vstopnice \u017ee na voljo prek On-Parole sistema! 16\u20ac v predprodaji, 20\u20ac na dan koncerta!\u00a0<a class=\"x1i10hfl xjbqb8w x1ejq31n xd10rxx x1sy0etr x17r0tee x972fbf xcfux6l x1qhh985 xm0m39n x9f619 x1ypdohk xt0psk2 xe8uvvx xdj266r x11i5rnm xat24cr x1mh8g0r xexx8yu x4uap5 x18d9i69 xkhd6sd x16tdsg8 x1hl2dhg xggy1nq x1a2a7pz xt0b8zv x1fey0fg\" tabindex=\"0\" role=\"link\" href=\"https:\/\/qr.page\/g\/3sToGlYpzOi?fbclid=IwAR0LAI8rymmY9DhQpeNYPon6ALN-Kh2WrymBYfNDmSNS6KPnt88E5YVr_vk\" target=\"_blank\" rel=\"nofollow noopener noreferrer\">https:\/\/qr.page\/g\/3sToGlYpzOi<\/a><\/div>\n<div class=\"x11i5rnm xat24cr x1mh8g0r x1vvkbs xtlvy1s\">Tickets available through On-Parole ticket system! 16\u20ac in presale, 20\u20ac on show day!\u00a0<a class=\"x1i10hfl xjbqb8w x1ejq31n xd10rxx x1sy0etr x17r0tee x972fbf xcfux6l x1qhh985 xm0m39n x9f619 x1ypdohk xt0psk2 xe8uvvx xdj266r x11i5rnm xat24cr x1mh8g0r xexx8yu x4uap5 x18d9i69 xkhd6sd x16tdsg8 x1hl2dhg xggy1nq x1a2a7pz xt0b8zv x1fey0fg\" tabindex=\"0\" role=\"link\" href=\"https:\/\/qr.page\/g\/3yFTO4rTsUe?fbclid=IwAR1D7DSZKR-nxQ3Z-_NYz5iZ1rBG4WqZh4Gaa_24pMqxQKQKPgsE_8zcBx4\" target=\"_blank\" rel=\"nofollow noopener noreferrer\">https:\/\/qr.page\/g\/3yFTO4rTsUe<\/a><\/div>\n<div class=\"x11i5rnm xat24cr x1mh8g0r x1vvkbs xtlvy1s\"><\/div>\n<div class=\"x11i5rnm xat24cr x1mh8g0r x1vvkbs xtlvy1s\">SRD (black metal \/ black&#8217;n&#8217;roll)<br \/>\nfb:\u00a0<a class=\"x1i10hfl xjbqb8w x1ejq31n xd10rxx x1sy0etr x17r0tee x972fbf xcfux6l x1qhh985 xm0m39n x9f619 x1ypdohk xt0psk2 xe8uvvx xdj266r x11i5rnm xat24cr x1mh8g0r xexx8yu x4uap5 x18d9i69 xkhd6sd x16tdsg8 x1hl2dhg xggy1nq x1a2a7pz xt0b8zv xzsf02u x1s688f\" tabindex=\"0\" role=\"link\" href=\"https:\/\/www.facebook.com\/SrdBozji?__cft__[0]=AZXuj8IeYrf0X7aComnLL5U-RzbWnnZUEAfdzOvFLs0sjgkTx3dVK0ixugFVexWhg3oygRh2dbiP6b6f4BwB-ir9Wt6uLqwQ81arWuESLc0t8klHNAEXdluh5XzmPK7tWN8&amp;__tn__=q\"><span class=\"xt0psk2\">https:\/\/www.facebook.com\/SrdBozji<\/span><\/a><br \/>\nig:\u00a0<a class=\"x1i10hfl xjbqb8w x1ejq31n xd10rxx x1sy0etr x17r0tee x972fbf xcfux6l x1qhh985 xm0m39n x9f619 x1ypdohk xt0psk2 xe8uvvx xdj266r x11i5rnm xat24cr x1mh8g0r xexx8yu x4uap5 x18d9i69 xkhd6sd x16tdsg8 x1hl2dhg xggy1nq x1a2a7pz xt0b8zv x1fey0fg\" tabindex=\"0\" role=\"link\" href=\"https:\/\/www.instagram.com\/srd.bozji\/?fbclid=IwAR0Uk_ARdVWGGhwtJ7kQakJLPZQF4TLAlFpwCliGipsjcQu0fdrakUynCVo\" target=\"_blank\" rel=\"nofollow noopener noreferrer\">https:\/\/www.instagram.com\/srd.bozji\/<\/a><br \/>\nBandcamp:\u00a0<a class=\"x1i10hfl xjbqb8w x1ejq31n xd10rxx x1sy0etr x17r0tee x972fbf xcfux6l x1qhh985 xm0m39n x9f619 x1ypdohk xt0psk2 xe8uvvx xdj266r x11i5rnm xat24cr x1mh8g0r xexx8yu x4uap5 x18d9i69 xkhd6sd x16tdsg8 x1hl2dhg xggy1nq x1a2a7pz xt0b8zv x1fey0fg\" tabindex=\"0\" role=\"link\" href=\"https:\/\/srdbozji.bandcamp.com\/?fbclid=IwAR0u55EmfEXvR-WgHtNXv0v9Qp2wSF_RXpxe5iQDcQLlaL31zLo_2AXwcq8\" target=\"_blank\" rel=\"nofollow noopener noreferrer\">https:\/\/srdbozji.bandcamp.com\/<\/a><\/div>\n<div class=\"x11i5rnm xat24cr x1mh8g0r x1vvkbs xtlvy1s\">ATER ERA (black metal)<br \/>\nfb:\u00a0<a class=\"x1i10hfl xjbqb8w x1ejq31n xd10rxx x1sy0etr x17r0tee x972fbf xcfux6l x1qhh985 xm0m39n x9f619 x1ypdohk xt0psk2 xe8uvvx xdj266r x11i5rnm xat24cr x1mh8g0r xexx8yu x4uap5 x18d9i69 xkhd6sd x16tdsg8 x1hl2dhg xggy1nq x1a2a7pz xt0b8zv xzsf02u x1s688f\" tabindex=\"0\" role=\"link\" href=\"https:\/\/www.facebook.com\/AterEraOfficial?__cft__[0]=AZXuj8IeYrf0X7aComnLL5U-RzbWnnZUEAfdzOvFLs0sjgkTx3dVK0ixugFVexWhg3oygRh2dbiP6b6f4BwB-ir9Wt6uLqwQ81arWuESLc0t8klHNAEXdluh5XzmPK7tWN8&amp;__tn__=q\"><span class=\"xt0psk2\">https:\/\/www.facebook.com\/AterEraOfficial<\/span><\/a><br \/>\nig:\u00a0<a class=\"x1i10hfl xjbqb8w x1ejq31n xd10rxx x1sy0etr x17r0tee x972fbf xcfux6l x1qhh985 xm0m39n x9f619 x1ypdohk xt0psk2 xe8uvvx xdj266r x11i5rnm xat24cr x1mh8g0r xexx8yu x4uap5 x18d9i69 xkhd6sd x16tdsg8 x1hl2dhg xggy1nq x1a2a7pz xt0b8zv x1fey0fg\" tabindex=\"0\" role=\"link\" href=\"https:\/\/www.instagram.com\/ater.era\/?fbclid=IwAR2e1jS1s28RHOP_hvjZc9_-wyNkv2KkPcbWysGvUzNNJLB-nIDcL242fQ4\" target=\"_blank\" rel=\"nofollow noopener noreferrer\">https:\/\/www.instagram.com\/ater.era\/<\/a><br \/>\nBandcamp:\u00a0<a class=\"x1i10hfl xjbqb8w x1ejq31n xd10rxx x1sy0etr x17r0tee x972fbf xcfux6l x1qhh985 xm0m39n x9f619 x1ypdohk xt0psk2 xe8uvvx xdj266r x11i5rnm xat24cr x1mh8g0r xexx8yu x4uap5 x18d9i69 xkhd6sd x16tdsg8 x1hl2dhg xggy1nq x1a2a7pz xt0b8zv x1fey0fg\" tabindex=\"0\" role=\"link\" href=\"https:\/\/ater-era.bandcamp.com\/?fbclid=IwAR3Al6QKYNM89Yk_QElqnSYqsdmb94rxaS2SsW8fJ-Gu-NkIkrfc_ZivIdA\" target=\"_blank\" rel=\"nofollow noopener noreferrer\">https:\/\/ater-era.bandcamp.com\/<\/a><\/div>\n<div class=\"x11i5rnm xat24cr x1mh8g0r x1vvkbs xtlvy1s\">BRITOF (stoner\/doom\/rock&#8217;n&#8217;roll)<br \/>\nfb:\u00a0<a class=\"x1i10hfl xjbqb8w x1ejq31n xd10rxx x1sy0etr x17r0tee x972fbf xcfux6l x1qhh985 xm0m39n x9f619 x1ypdohk xt0psk2 xe8uvvx xdj266r x11i5rnm xat24cr x1mh8g0r xexx8yu x4uap5 x18d9i69 xkhd6sd x16tdsg8 x1hl2dhg xggy1nq x1a2a7pz xt0b8zv xzsf02u x1s688f\" tabindex=\"0\" role=\"link\" href=\"https:\/\/www.facebook.com\/britof666?__cft__[0]=AZXuj8IeYrf0X7aComnLL5U-RzbWnnZUEAfdzOvFLs0sjgkTx3dVK0ixugFVexWhg3oygRh2dbiP6b6f4BwB-ir9Wt6uLqwQ81arWuESLc0t8klHNAEXdluh5XzmPK7tWN8&amp;__tn__=q\"><span class=\"xt0psk2\">https:\/\/www.facebook.com\/britof666<\/span><\/a><br \/>\nig:\u00a0<a class=\"x1i10hfl xjbqb8w x1ejq31n xd10rxx x1sy0etr x17r0tee x972fbf xcfux6l x1qhh985 xm0m39n x9f619 x1ypdohk xt0psk2 xe8uvvx xdj266r x11i5rnm xat24cr x1mh8g0r xexx8yu x4uap5 x18d9i69 xkhd6sd x16tdsg8 x1hl2dhg xggy1nq x1a2a7pz xt0b8zv x1fey0fg\" tabindex=\"0\" role=\"link\" href=\"https:\/\/www.instagram.com\/britofband\/?fbclid=IwAR3tGqQsaLUUoSc6lbI6SfOYs-aYr1f88zl3R6IhaaZwP9IuIvB25PAzdZU\" target=\"_blank\" rel=\"nofollow noopener noreferrer\">https:\/\/www.instagram.com\/britofband<\/a><\/div>","protected":false},"excerpt":{"rendered":"<p>&nbsp; V sredo, 24. 4., bodo Orto bar zavzele tri velesile slovenske metal scene \u2013 SRD, ATER ERA in BRITOF. S tem dnem bodo obele\u017eili za\u010detek 12-dnevne evropske turneje pod imenom Theatrum Mortis Human\u00e6. Bodite pri\u010da tema\u010dnemu obredu \u2013 obredu \u010dlove\u0161ke smrti! Vstopnice \u017ee na voljo prek On-Parole sistema! 16\u20ac v predprodaji, 20\u20ac na dan [&hellip;]<\/p>","protected":false},"author":11,"featured_media":61988,"template":"","meta":{"_seopress_robots_primary_cat":"none","_seopress_titles_title":"","_seopress_titles_desc":"","_seopress_robots_index":""},"product_brand":[],"product_cat":[230],"product_tag":[222],"class_list":{"0":"post-61985","1":"product","2":"type-product","3":"status-publish","4":"has-post-thumbnail","6":"product_cat-arhiv","7":"product_tag-predprodaja","9":"entry","10":"has-media","12":"first","13":"instock","14":"virtual","15":"taxable","16":"product-type-simple","17":"has-product-nav","18":"col","19":"span_1_of_4","20":"owp-content-center","21":"item-entry","22":"owp-thumbs-layout-horizontal","23":"owp-btn-normal","24":"owp-tabs-layout-section","25":"has-no-thumbnails"},"publishpress_future_action":{"enabled":false,"date":"2026-05-09 22:26:06","action":"change-status","newStatus":"draft","terms":[],"taxonomy":"product_cat","extraData":[]},"publishpress_future_workflow_manual_trigger":{"enabledWorkflows":[]},"_links":{"self":[{"href":"https:\/\/www.orto-bar.com\/en\/wp-json\/wp\/v2\/product\/61985","targetHints":{"allow":["GET"]}}],"collection":[{"href":"https:\/\/www.orto-bar.com\/en\/wp-json\/wp\/v2\/product"}],"about":[{"href":"https:\/\/www.orto-bar.com\/en\/wp-json\/wp\/v2\/types\/product"}],"author":[{"embeddable":true,"href":"https:\/\/www.orto-bar.com\/en\/wp-json\/wp\/v2\/users\/11"}],"version-history":[{"count":0,"href":"https:\/\/www.orto-bar.com\/en\/wp-json\/wp\/v2\/product\/61985\/revisions"}],"wp:featuredmedia":[{"embeddable":true,"href":"https:\/\/www.orto-bar.com\/en\/wp-json\/wp\/v2\/media\/61988"}],"wp:attachment":[{"href":"https:\/\/www.orto-bar.com\/en\/wp-json\/wp\/v2\/media?parent=61985"}],"wp:term":[{"taxonomy":"product_brand","embeddable":true,"href":"https:\/\/www.orto-bar.com\/en\/wp-json\/wp\/v2\/product_brand?post=61985"},{"taxonomy":"product_cat","embeddable":true,"href":"https:\/\/www.orto-bar.com\/en\/wp-json\/wp\/v2\/product_cat?post=61985"},{"taxonomy":"product_tag","embeddable":true,"href":"https:\/\/www.orto-bar.com\/en\/wp-json\/wp\/v2\/product_tag?post=61985"}],"curies":[{"name":"wp","href":"https:\/\/api.w.org\/{rel}","templated":true}]}}