{"id":63732,"date":"2024-02-25T18:41:53","date_gmt":"2024-02-25T17:41:53","guid":{"rendered":"https:\/\/www.orto-bar.com\/?post_type=product&#038;p=63732"},"modified":"2024-05-08T08:49:21","modified_gmt":"2024-05-08T06:49:21","slug":"zgreseni-primeri-cherry-mountain","status":"publish","type":"product","link":"https:\/\/www.orto-bar.com\/en\/dogodki\/arhiv\/zgreseni-primeri-cherry-mountain\/","title":{"rendered":"Zgre\u0161eni Primeri, Cherry Mountain"},"content":{"rendered":"<p>Dobrih dvajset let je minilo, odkar so (sprva) trije nadobudni mladi fantje ustanovili skupino, s pomenljivim imenom \u2013\u00a0<strong>Zgre\u0161eni primeri<\/strong>. Po uvodnem \u201cpiljenju forme\u201d so se podali na koncertne odre in z lahkoto osvojili doma\u010do publiko. \u017de kmalu pa so za\u010dutili tudi potrebo po albumu, saj se je avtorskih skladb v nekaj letih njihovega delovanja nabralo kar lepo \u0161tevilo.<\/p>\n<p>&nbsp;<\/p>\n<p>V aprilu 2008 so nam kon\u010dno postregli s svojim \u017ee dolgo pri\u010dakovanim prvencem z nenavadnim naslovom\u00a0<em>M.E.M<\/em>., katerega je \u0161e pred izidom napovedal njihov prvi videospot in sicer za skladbo\u00a0<em>Adam, Eva in Raj<\/em>, ki je kmalu za tem postala tudi njihova prva uspe\u0161nica. Sledila je njihova \u00bbponarodela\u00ab <em>Mi<\/em> s katero so se dokon\u010dno umestili v \u0161ir\u0161i krog favoritov za osvajanje radijskih lestvic in src najstnic \u0161irom Slovenije.<\/p>\n<p>&nbsp;<\/p>\n<p>Sledilo je nekaj ro\u0161ad v sestavi benda in grenko spoznanje, da nekaj kletvic v skladbah ni dober \u0161tos za glasbene urednike, ki so jih prete\u017eno bojkotirali. Razen redkih izjem.<\/p>\n<p>&nbsp;<\/p>\n<p>Sledila je nova plata z naslovom <em>Razlike<\/em>, ki je produkcijsko in zvokovno skupino premaknila na vi\u0161ji nivo. V skupini je sicer v tistem obdobju vladalo zanimivo prepri\u010danje, da so videospoti nepotrebni, zaradi \u010desar s te plate ni bilo niti enega pravega singla.<\/p>\n<p>&nbsp;<\/p>\n<p>Tretja plo\u0161\u010da je bila \u00bbposledica\u00ab intenzivnega izgubljanja \u010dasa bobnarja in basista ko sta ostala nekaj mesecev sama. S \u010dasoma sta se ju usmilila nova dva kitarista in skupaj so naredili do tedaj najbolj popolno stvaritev \u2013 album Ra\u010dun.<\/p>\n<p>&nbsp;<\/p>\n<p>S tega albuma so zgre\u0161enci lansirali kar 4 single z videospoti : <strong>Misli\u0161 na vse, V najlep\u0161e dni, Vljudno vabljeni in Mi smo tisti.<\/strong><\/p>\n<p>&nbsp;<\/p>\n<p>V tistem obdobju so tudi odigrali tudi svoj najve\u010dji \u0161pil do slej \u2013 <strong>Ritem mladosti 2016<\/strong> v polnih <strong>Sto\u017eicah<\/strong>.<\/p>\n<p>&nbsp;<\/p>\n<p>Sledil je singel <strong>Na\u010drt <\/strong>v letu 2017, nato pa zopet ustvarjalna pavza in dru\u017einske zadeve.<\/p>\n<p>&nbsp;<\/p>\n<p>Zbudili so se med \u00bblockdowni\u00ab v letu 2020 in se z novo posadko odpravili v studio leta 2022. Oktobra 2022 so izdali singel z naslovom <strong>Govorite<\/strong>, aprila 2023 singel <strong>Karkoli<\/strong>, junija 2023 <strong>Dejansko<\/strong> in septembra <strong>Kdo je kriv<\/strong>. Za vse single so posneli tudi videospote. Decembra 2023 so fantje izdali dolgo pri\u010dakovani <strong>EP Dejansko<\/strong>, ki ga je pospremil \u0161e en videospot za komad <strong>Pivo k pivu<\/strong>.<\/p>\n<p>&nbsp;<\/p>\n<p>Eden vrhuncev spomladanskih koncertov pa bo nastop v kultnem <strong>Orto baru<\/strong>, v <strong>petek, 10.5.2024<\/strong>, ko bo tudi <strong>predstavitev novega singla!<\/strong><\/p>\n<p>Za kvaliteten dvig temperature pa bodo poskrbeli odli\u010dni punk rockerji, <strong>Cherry Mountain.<\/strong><\/p>\n<p>&nbsp;<\/p>\n<p>Pridi tudi ti, da ti ne bo potem \u017eal J<\/p>\n<p>&nbsp;<\/p>\n<p><strong><u>Youtube:<\/u><\/strong><\/p>\n<p><strong>V najlep\u0161e dni, 2015<\/strong><\/p>\n<p><a href=\"https:\/\/www.youtube.com\/watch?v=kDmD0fkSdzg\">https:\/\/www.youtube.com\/watch?v=kDmD0fkSdzg<\/a><\/p>\n<p><strong>Dejansko, 2023<\/strong><\/p>\n<p><a href=\"https:\/\/www.youtube.com\/watch?v=8HYfJ-MuJ0Y\">https:\/\/www.youtube.com\/watch?v=8HYfJ-MuJ0Y<\/a><\/p>\n<p><strong>Karkoli, 2023<\/strong><\/p>\n<p><a href=\"https:\/\/www.youtube.com\/watch?v=wVSlYjeApPU\">https:\/\/www.youtube.com\/watch?v=wVSlYjeApPU<\/a><\/p>","protected":false},"excerpt":{"rendered":"<p>Dobrih dvajset let je minilo, odkar so (sprva) trije nadobudni mladi fantje ustanovili skupino, s pomenljivim imenom \u2013\u00a0Zgre\u0161eni primeri. Po uvodnem \u201cpiljenju forme\u201d so se podali na koncertne odre in z lahkoto osvojili doma\u010do publiko. \u017de kmalu pa so za\u010dutili tudi potrebo po albumu, saj se je avtorskih skladb v nekaj letih njihovega delovanja nabralo [&hellip;]<\/p>","protected":false},"author":11,"featured_media":63733,"template":"","meta":{"_seopress_robots_primary_cat":"none","_seopress_titles_title":"","_seopress_titles_desc":"","_seopress_robots_index":""},"product_brand":[],"product_cat":[230],"product_tag":[222],"class_list":{"0":"post-63732","1":"product","2":"type-product","3":"status-publish","4":"has-post-thumbnail","6":"product_cat-arhiv","7":"product_tag-predprodaja","9":"entry","10":"has-media","12":"first","13":"instock","14":"virtual","15":"taxable","16":"product-type-simple","17":"has-product-nav","18":"col","19":"span_1_of_4","20":"owp-content-center","21":"item-entry","22":"owp-thumbs-layout-horizontal","23":"owp-btn-normal","24":"owp-tabs-layout-section","25":"has-no-thumbnails"},"publishpress_future_action":{"enabled":false,"date":"2026-05-09 23:45:34","action":"change-status","newStatus":"draft","terms":[],"taxonomy":"product_cat","extraData":[]},"publishpress_future_workflow_manual_trigger":{"enabledWorkflows":[]},"_links":{"self":[{"href":"https:\/\/www.orto-bar.com\/en\/wp-json\/wp\/v2\/product\/63732","targetHints":{"allow":["GET"]}}],"collection":[{"href":"https:\/\/www.orto-bar.com\/en\/wp-json\/wp\/v2\/product"}],"about":[{"href":"https:\/\/www.orto-bar.com\/en\/wp-json\/wp\/v2\/types\/product"}],"author":[{"embeddable":true,"href":"https:\/\/www.orto-bar.com\/en\/wp-json\/wp\/v2\/users\/11"}],"version-history":[{"count":0,"href":"https:\/\/www.orto-bar.com\/en\/wp-json\/wp\/v2\/product\/63732\/revisions"}],"wp:featuredmedia":[{"embeddable":true,"href":"https:\/\/www.orto-bar.com\/en\/wp-json\/wp\/v2\/media\/63733"}],"wp:attachment":[{"href":"https:\/\/www.orto-bar.com\/en\/wp-json\/wp\/v2\/media?parent=63732"}],"wp:term":[{"taxonomy":"product_brand","embeddable":true,"href":"https:\/\/www.orto-bar.com\/en\/wp-json\/wp\/v2\/product_brand?post=63732"},{"taxonomy":"product_cat","embeddable":true,"href":"https:\/\/www.orto-bar.com\/en\/wp-json\/wp\/v2\/product_cat?post=63732"},{"taxonomy":"product_tag","embeddable":true,"href":"https:\/\/www.orto-bar.com\/en\/wp-json\/wp\/v2\/product_tag?post=63732"}],"curies":[{"name":"wp","href":"https:\/\/api.w.org\/{rel}","templated":true}]}}