{"id":63773,"date":"2024-02-25T21:33:37","date_gmt":"2024-02-25T20:33:37","guid":{"rendered":"https:\/\/www.orto-bar.com\/?post_type=product&#038;p=63773"},"modified":"2024-05-23T14:03:27","modified_gmt":"2024-05-23T12:03:27","slug":"korn-alive-korn-tribute-band","status":"publish","type":"product","link":"https:\/\/www.orto-bar.com\/en\/dogodki\/arhiv\/korn-alive-korn-tribute-band\/","title":{"rendered":"KORN ALIVE-Korn tribute band"},"content":{"rendered":"<p>Ve\u010der, posve\u010den peterici iz Bakersfielda, za\u010detnikom zvrsti nu-metal. Ekskluzivno iz Italije, na vokalu pa frontman Ma\u042fio, ki je izjemen imitator Joanathana Davisa! Prvi\u010d v Ljubljani!<\/p>\n<p>Vstopnice kmalu v prodaji.<br \/>\npredprodaja &#8211; 10,00 EUR<br \/>\nna dan dogodka &#8211; 12,00 EUR<\/p>\n<p>??\u211d\u2115 ?????\u00a0\u00a0veljajo za enega najbolj avtenti\u010dnih Korn Tribute bendov v tem delu sveta.<\/p>\n<p><a href=\"https:\/\/www.youtube.com\/watch?v=5yUYVr9n_k4&amp;fbclid=IwAR1N25FL2np1LAna1J2VXbN7jk0oNprR5jwZrkI2B0w6gllFcUhqpiCNKX0\">www.youtube.com\/watch?v=5yUYVr9n_k4<\/a><\/p>\n<p>&nbsp;<\/p>\n<p>&nbsp;<\/p>\n<p>&nbsp;<\/p>","protected":false},"excerpt":{"rendered":"<p>Ve\u010der, posve\u010den peterici iz Bakersfielda, za\u010detnikom zvrsti nu-metal. Ekskluzivno iz Italije, na vokalu pa frontman Ma\u042fio, ki je izjemen imitator Joanathana Davisa! Prvi\u010d v Ljubljani! Vstopnice kmalu v prodaji. predprodaja &#8211; 10,00 EUR na dan dogodka &#8211; 12,00 EUR ??\u211d\u2115 ?????\u00a0\u00a0veljajo za enega najbolj avtenti\u010dnih Korn Tribute bendov v tem delu sveta. www.youtube.com\/watch?v=5yUYVr9n_k4 &nbsp; &nbsp; [&hellip;]<\/p>","protected":false},"author":11,"featured_media":63774,"template":"","meta":{"_seopress_robots_primary_cat":"none","_seopress_titles_title":"","_seopress_titles_desc":"","_seopress_robots_index":""},"product_brand":[],"product_cat":[230],"product_tag":[222],"class_list":{"0":"post-63773","1":"product","2":"type-product","3":"status-publish","4":"has-post-thumbnail","6":"product_cat-arhiv","7":"product_tag-predprodaja","9":"entry","10":"has-media","12":"first","13":"instock","14":"virtual","15":"taxable","16":"product-type-simple","17":"has-product-nav","18":"col","19":"span_1_of_4","20":"owp-content-center","21":"item-entry","22":"owp-thumbs-layout-horizontal","23":"owp-btn-normal","24":"owp-tabs-layout-section","25":"has-no-thumbnails"},"publishpress_future_action":{"enabled":false,"date":"2026-05-09 23:45:35","action":"change-status","newStatus":"draft","terms":[],"taxonomy":"product_cat","extraData":[]},"publishpress_future_workflow_manual_trigger":{"enabledWorkflows":[]},"_links":{"self":[{"href":"https:\/\/www.orto-bar.com\/en\/wp-json\/wp\/v2\/product\/63773","targetHints":{"allow":["GET"]}}],"collection":[{"href":"https:\/\/www.orto-bar.com\/en\/wp-json\/wp\/v2\/product"}],"about":[{"href":"https:\/\/www.orto-bar.com\/en\/wp-json\/wp\/v2\/types\/product"}],"author":[{"embeddable":true,"href":"https:\/\/www.orto-bar.com\/en\/wp-json\/wp\/v2\/users\/11"}],"version-history":[{"count":0,"href":"https:\/\/www.orto-bar.com\/en\/wp-json\/wp\/v2\/product\/63773\/revisions"}],"wp:featuredmedia":[{"embeddable":true,"href":"https:\/\/www.orto-bar.com\/en\/wp-json\/wp\/v2\/media\/63774"}],"wp:attachment":[{"href":"https:\/\/www.orto-bar.com\/en\/wp-json\/wp\/v2\/media?parent=63773"}],"wp:term":[{"taxonomy":"product_brand","embeddable":true,"href":"https:\/\/www.orto-bar.com\/en\/wp-json\/wp\/v2\/product_brand?post=63773"},{"taxonomy":"product_cat","embeddable":true,"href":"https:\/\/www.orto-bar.com\/en\/wp-json\/wp\/v2\/product_cat?post=63773"},{"taxonomy":"product_tag","embeddable":true,"href":"https:\/\/www.orto-bar.com\/en\/wp-json\/wp\/v2\/product_tag?post=63773"}],"curies":[{"name":"wp","href":"https:\/\/api.w.org\/{rel}","templated":true}]}}