{"id":64980,"date":"2024-03-05T18:22:17","date_gmt":"2024-03-05T17:22:17","guid":{"rendered":"https:\/\/www.orto-bar.com\/?post_type=product&#038;p=64980"},"modified":"2024-05-02T22:58:43","modified_gmt":"2024-05-02T20:58:43","slug":"angels-ex-defy","status":"publish","type":"product","link":"https:\/\/www.orto-bar.com\/en\/dogodki\/arhiv\/angels-ex-defy\/","title":{"rendered":"Angel&#8217;s Ex, Defy"},"content":{"rendered":"<p>Skupina Angel&#8217;s Ex je iz Ljubljane in za\u010dela je delovati leta 2022. Sestavljajo jo Leon na vokalu, Niko in Jon na kitarah, Grega na basu in Domen na bobnih. Do sedaj smo izdali en mini-album z naslovom Pot v Raj in za pesmi iz njega tudi posneli videospote. Koncertiramo od maja 2022 in v tem \u010dasu smo odigrali preko 25 koncertov po Sloveniji in tujini. Igrali smo tudi \u017ee na festivalih kot so \u0160kisova tr\u017enica 2023, Vi\u010dstock 2022 in KK\u0160 SummerFest 2022; nastopili pa smo tudi \u017ee na festivalu Zlatna Nit (BiH) kot predskupina Dubioze Kolektiv.<\/p>\n<p>Povezave do socialnih omre\u017eij:<\/p>\n<p>IG:\u00a0<a href=\"https:\/\/www.instagram.com\/angelsexofficial\/\">https:\/\/www.instagram.com\/angelsexofficial\/<\/a><\/p>\n<p>FB:\u00a0<a href=\"https:\/\/www.facebook.com\/angelsxslo\">https:\/\/www.facebook.com\/angelsxslo<\/a><\/p>\n<p>Povezava do posnetka na\u0161ega koncerta v \u017eivo:<\/p>\n<p><a href=\"https:\/\/youtu.be\/vq7UupWyXRo?si=Ry3GIGBki4hzxWVk\">https:\/\/youtu.be\/vq7UupWyXRo?si=Ry3GIGBki4hzxWVk<\/a><\/p>\n<p>&nbsp;<\/p>\n<p>Za\u010detki skupine Defy segajo v poletje leta 2019, ko smo se \u010dlani zasedbe spoznali preko spletnega foruma.<br \/>\nPo stro\u017ejih koronskih ukrepih in kadrovskih menjavah smo se leta 2022 predstavili slovenski publiki s \u0161estimi avtorskimi komadi.<br \/>\nPesmi &#8216;Defy&#8217;, &#8216;Prepare To Die&#8217; in &#8216;Dystopia&#8217; smo tudi \u017ee izdali.<br \/>\nSkupino Defy sestavljajo:<\/p>\n<p>Jernej Leskovec (vokal, kitara) &#8211; 26 let,<br \/>\nRok Vrtovec (vokal, bas) &#8211; 25 let,<br \/>\nAndra\u017e Lov\u0161in (kitara) &#8211; 24 let,<br \/>\nSebastjan \u0160ibenik (bobni) &#8211; 24 let.<\/p>\n<p>Na prvo poslu\u0161anje so nas ljudje ocenili kot punk\/metal band, vendar se ne dr\u017eimo dolo\u010denega \u017eanra.<br \/>\nPosku\u0161amo si dati \u010dim ve\u010d svobode za izra\u017eanje. V bandu smo \u0161tirje \u010dlani in vsi imamo razli\u010dne okuse za glasbo, kar je odli\u010dno za ustvarjanje.<br \/>\nV teko\u010dem letu na\u010drtujemo dokon\u010danje in izdajo prvega albuma<\/p>\n<p>Socialna omre\u017eja:<\/p>\n<p>GMAIL :\u00a0<a href=\"mailto:defyofficialband@gmail.com\">defyofficialband@gmail.com<\/a><br \/>\nINSTAGRAM :\u00a0<a href=\"https:\/\/www.instagram.com\/official_defy\/\">https:\/\/www.instagram.com\/official_defy\/<\/a><br \/>\nFACEBOOK :\u00a0<a href=\"https:\/\/www.facebook.com\/defybandofficial\">https:\/\/www.facebook.com\/defybandofficial<\/a><br \/>\nYOUTUBE :\u00a0<a href=\"https:\/\/www.youtube.com\/channel\/UCC3ncXXF-Bk37rHdaK2tsCw\">https:\/\/www.youtube.com\/channel\/UCC3ncXXF-Bk37rHdaK2tsCw<\/a><\/p>\n<p>Defy &#8211; Defy (Avtorska)\u00a0<a href=\"https:\/\/www.youtube.com\/watch?v=JFKM7h0Se34\">https:\/\/www.youtube.com\/watch?v=JFKM7h0Se34<\/a><br \/>\nDefy &#8211; Dystopia (Avtorska)\u00a0<a href=\"https:\/\/www.youtube.com\/watch?v=4kXog51ZUoE\">https:\/\/www.youtube.com\/watch?v=4kXog51ZUoE<\/a><br \/>\nDefy &#8211; Prepare To Die (Avtorska)\u00a0<a href=\"https:\/\/www.youtube.com\/watch?v=1jMUcnXQC8I\">https:\/\/www.youtube.com\/watch?v=1jMUcnXQC8I<\/a><\/p>","protected":false},"excerpt":{"rendered":"<p>Skupina Angel&#8217;s Ex je iz Ljubljane in za\u010dela je delovati leta 2022. Sestavljajo jo Leon na vokalu, Niko in Jon na kitarah, Grega na basu in Domen na bobnih. Do sedaj smo izdali en mini-album z naslovom Pot v Raj in za pesmi iz njega tudi posneli videospote. Koncertiramo od maja 2022 in v tem [&hellip;]<\/p>","protected":false},"author":11,"featured_media":64981,"template":"","meta":{"_seopress_robots_primary_cat":"none","_seopress_titles_title":"","_seopress_titles_desc":"","_seopress_robots_index":""},"product_brand":[],"product_cat":[230],"product_tag":[222],"class_list":{"0":"post-64980","1":"product","2":"type-product","3":"status-publish","4":"has-post-thumbnail","6":"product_cat-arhiv","7":"product_tag-predprodaja","9":"entry","10":"has-media","12":"first","13":"instock","14":"virtual","15":"taxable","16":"product-type-simple","17":"has-product-nav","18":"col","19":"span_1_of_4","20":"owp-content-center","21":"item-entry","22":"owp-thumbs-layout-horizontal","23":"owp-btn-normal","24":"owp-tabs-layout-section"},"publishpress_future_action":{"enabled":false,"date":"2026-05-09 23:45:35","action":"change-status","newStatus":"draft","terms":[],"taxonomy":"product_cat","extraData":[]},"publishpress_future_workflow_manual_trigger":{"enabledWorkflows":[]},"_links":{"self":[{"href":"https:\/\/www.orto-bar.com\/en\/wp-json\/wp\/v2\/product\/64980","targetHints":{"allow":["GET"]}}],"collection":[{"href":"https:\/\/www.orto-bar.com\/en\/wp-json\/wp\/v2\/product"}],"about":[{"href":"https:\/\/www.orto-bar.com\/en\/wp-json\/wp\/v2\/types\/product"}],"author":[{"embeddable":true,"href":"https:\/\/www.orto-bar.com\/en\/wp-json\/wp\/v2\/users\/11"}],"version-history":[{"count":0,"href":"https:\/\/www.orto-bar.com\/en\/wp-json\/wp\/v2\/product\/64980\/revisions"}],"wp:featuredmedia":[{"embeddable":true,"href":"https:\/\/www.orto-bar.com\/en\/wp-json\/wp\/v2\/media\/64981"}],"wp:attachment":[{"href":"https:\/\/www.orto-bar.com\/en\/wp-json\/wp\/v2\/media?parent=64980"}],"wp:term":[{"taxonomy":"product_brand","embeddable":true,"href":"https:\/\/www.orto-bar.com\/en\/wp-json\/wp\/v2\/product_brand?post=64980"},{"taxonomy":"product_cat","embeddable":true,"href":"https:\/\/www.orto-bar.com\/en\/wp-json\/wp\/v2\/product_cat?post=64980"},{"taxonomy":"product_tag","embeddable":true,"href":"https:\/\/www.orto-bar.com\/en\/wp-json\/wp\/v2\/product_tag?post=64980"}],"curies":[{"name":"wp","href":"https:\/\/api.w.org\/{rel}","templated":true}]}}